{"id":119075,"date":"2026-05-06T00:16:11","date_gmt":"2026-05-06T03:16:11","guid":{"rendered":"https:\/\/www.hediyepazar.com\/?product=60-saat-kablolu-boyun-askili-dijital-gostergeli-bluetooth-kulakligi"},"modified":"2026-05-06T00:16:11","modified_gmt":"2026-05-06T03:16:11","slug":"60-saat-kablolu-boyun-askili-dijital-gostergeli-bluetooth-kulakligi","status":"publish","type":"product","link":"https:\/\/www.hediyepazar.com\/?product=60-saat-kablolu-boyun-askili-dijital-gostergeli-bluetooth-kulakligi","title":{"rendered":"60 Saat Kablolu Boyun Ask\u0131l\u0131 Dijital G\u00f6stergeli Bluetooth Kulakl\u0131\u011f\u0131"},"content":{"rendered":"<p>Bluetooth 5.3 teknolojisi, kablosuz ba\u011flant\u0131 deneyimini bir \u00fcst seviyeye ta\u015f\u0131yarak hem h\u0131z hem de stabilite a\u00e7\u0131s\u0131ndan b\u00fcy\u00fck avantajlar sunar. Bu geli\u015fmi\u015f teknoloji, \u00f6nceki nesillere k\u0131yasla daha d\u00fc\u015f\u00fck gecikme s\u00fcresi ve daha y\u00fcksek veri aktar\u0131m h\u0131z\u0131 sa\u011flayarak ses iletimini son derece ak\u0131c\u0131 hale getirir. \u00d6zellikle oyun oynarken veya video izlerken sesin g\u00f6r\u00fcnt\u00fcyle senkronize olmas\u0131, kullan\u0131c\u0131 deneyimini \u00f6nemli \u00f6l\u00e7\u00fcde iyile\u015ftirir.Ayr\u0131ca Bluetooth 5.3, enerji verimlili\u011fi a\u00e7\u0131s\u0131ndan da \u00f6ne \u00e7\u0131kar. Daha az g\u00fc\u00e7 t\u00fcketimiyle \u00e7al\u0131\u015fan bu sistem, cihaz\u0131n\u0131z\u0131n pil \u00f6mr\u00fcn\u00fc uzat\u0131rken, ba\u011flant\u0131 s\u0131ras\u0131nda ya\u015fanan kesintilerin \u00f6n\u00fcne ge\u00e7er. Ayn\u0131 zamanda daha geni\u015f bir kapsama alan\u0131 sunarak, cihaz\u0131n\u0131zdan uzakla\u015fsan\u0131z bile ba\u011flant\u0131n\u0131n kopmadan devam etmesini sa\u011flar.\u00c7oklu cihaz deste\u011fi sayesinde birden fazla cihaza h\u0131zl\u0131ca ba\u011flanabilir, ge\u00e7i\u015fleri zahmetsizce ger\u00e7ekle\u015ftirebilirsiniz. Bu da hem g\u00fcnl\u00fck kullan\u0131mda hem de profesyonel ihtiya\u00e7larda b\u00fcy\u00fck kolayl\u0131k sa\u011flar. K\u0131sacas\u0131, Bluetooth 5.3 ile kablosuz ba\u011flant\u0131lar art\u0131k daha h\u0131zl\u0131, daha net ve daha g\u00fcvenilir.<\/p>\n","protected":false},"excerpt":{"rendered":"<p>Bluetooth 5.3 teknolojisi, kablosuz ba\u011flant\u0131 deneyimini bir \u00fcst seviyeye ta\u015f\u0131yarak hem h\u0131z hem de stabilite a\u00e7\u0131s\u0131ndan b\u00fcy\u00fck avantajlar sunar. Bu geli\u015fmi\u015f teknoloji, \u00f6nceki nesillere k\u0131yasla daha d\u00fc\u015f\u00fck gecikme s\u00fcresi ve daha y\u00fcksek veri aktar\u0131m h\u0131z\u0131 sa\u011flayarak ses iletimini son derece ak\u0131c\u0131 hale getirir. \u00d6zellikle oyun oynarken veya video izlerken sesin g\u00f6r\u00fcnt\u00fcyle senkronize olmas\u0131, kullan\u0131c\u0131 deneyimini&#8230;<\/p>\n","protected":false},"featured_media":119074,"comment_status":"open","ping_status":"closed","template":"","meta":{"_kad_post_transparent":"","_kad_post_title":"","_kad_post_layout":"","_kad_post_sidebar_id":"","_kad_post_content_style":"","_kad_post_vertical_padding":"","_kad_post_feature":"","_kad_post_feature_position":"","_kad_post_header":false,"_kad_post_footer":false,"_kad_post_classname":""},"product_brand":[],"product_cat":[14957],"product_tag":[],"class_list":{"0":"post-119075","1":"product","2":"type-product","3":"status-publish","4":"has-post-thumbnail","6":"product_cat-kablosuz-kulaklik-kablosuz-kulaklik","8":"first","9":"instock","10":"purchasable","11":"product-type-simple","12":"entry","13":"content-bg","14":"loop-entry"},"_links":{"self":[{"href":"https:\/\/www.hediyepazar.com\/index.php?rest_route=\/wp\/v2\/product\/119075","targetHints":{"allow":["GET"]}}],"collection":[{"href":"https:\/\/www.hediyepazar.com\/index.php?rest_route=\/wp\/v2\/product"}],"about":[{"href":"https:\/\/www.hediyepazar.com\/index.php?rest_route=\/wp\/v2\/types\/product"}],"replies":[{"embeddable":true,"href":"https:\/\/www.hediyepazar.com\/index.php?rest_route=%2Fwp%2Fv2%2Fcomments&post=119075"}],"wp:featuredmedia":[{"embeddable":true,"href":"https:\/\/www.hediyepazar.com\/index.php?rest_route=\/wp\/v2\/media\/119074"}],"wp:attachment":[{"href":"https:\/\/www.hediyepazar.com\/index.php?rest_route=%2Fwp%2Fv2%2Fmedia&parent=119075"}],"wp:term":[{"taxonomy":"product_brand","embeddable":true,"href":"https:\/\/www.hediyepazar.com\/index.php?rest_route=%2Fwp%2Fv2%2Fproduct_brand&post=119075"},{"taxonomy":"product_cat","embeddable":true,"href":"https:\/\/www.hediyepazar.com\/index.php?rest_route=%2Fwp%2Fv2%2Fproduct_cat&post=119075"},{"taxonomy":"product_tag","embeddable":true,"href":"https:\/\/www.hediyepazar.com\/index.php?rest_route=%2Fwp%2Fv2%2Fproduct_tag&post=119075"}],"curies":[{"name":"wp","href":"https:\/\/api.w.org\/{rel}","templated":true}]}}