{"id":119079,"date":"2026-05-06T00:16:58","date_gmt":"2026-05-06T03:16:58","guid":{"rendered":"https:\/\/www.hediyepazar.com\/?product=karistirici-ozellikli-mikser-kupa-bardak-kompakt-tasinabilir-mug-2"},"modified":"2026-05-06T00:16:58","modified_gmt":"2026-05-06T03:16:58","slug":"karistirici-ozellikli-mikser-kupa-bardak-kompakt-tasinabilir-mug-2","status":"publish","type":"product","link":"https:\/\/www.hediyepazar.com\/?product=karistirici-ozellikli-mikser-kupa-bardak-kompakt-tasinabilir-mug-2","title":{"rendered":"Kar\u0131\u015ft\u0131r\u0131c\u0131 \u00d6zellikli Mikser Kupa Bardak Kompakt Ta\u015f\u0131nabilir Mug"},"content":{"rendered":"<p>Kompakt ve ta\u015f\u0131nabilir yap\u0131s\u0131yla her yerde yan\u0131n\u0131zda. Yakla\u015f\u0131k 200 ml s\u0131v\u0131 kapasitesi bulunan bu mikser kupa, 2 adet AAA pil ile \u00e7al\u0131\u015f\u0131r. Elektrik kablosuna ihtiya\u00e7 duymadan her yerde kolayca kullan\u0131labilir. Kamp, piknik veya yolculuk gibi d\u0131\u015f mekan aktivitelerinde bile ideal bir i\u00e7ecek \u00e7\u00f6z\u00fcm\u00fc sunar. \u0130\u00e7indeki pervane, g\u00fc\u00e7l\u00fc motor deste\u011fiyle i\u00e7ece\u011finizi k\u0131sa s\u00fcrede kar\u0131\u015ft\u0131r\u0131r; h\u0131zl\u0131, pratik ve e\u011flenceli bir deneyim sunar.<\/p>\n","protected":false},"excerpt":{"rendered":"<p>Kompakt ve ta\u015f\u0131nabilir yap\u0131s\u0131yla her yerde yan\u0131n\u0131zda. Yakla\u015f\u0131k 200 ml s\u0131v\u0131 kapasitesi bulunan bu mikser kupa, 2 adet AAA pil ile \u00e7al\u0131\u015f\u0131r. Elektrik kablosuna ihtiya\u00e7 duymadan her yerde kolayca kullan\u0131labilir. Kamp, piknik veya yolculuk gibi d\u0131\u015f mekan aktivitelerinde bile ideal bir i\u00e7ecek \u00e7\u00f6z\u00fcm\u00fc sunar. \u0130\u00e7indeki pervane, g\u00fc\u00e7l\u00fc motor deste\u011fiyle i\u00e7ece\u011finizi k\u0131sa s\u00fcrede kar\u0131\u015ft\u0131r\u0131r; h\u0131zl\u0131, pratik&#8230;<\/p>\n","protected":false},"featured_media":119078,"comment_status":"open","ping_status":"closed","template":"","meta":{"_kad_post_transparent":"","_kad_post_title":"","_kad_post_layout":"","_kad_post_sidebar_id":"","_kad_post_content_style":"","_kad_post_vertical_padding":"","_kad_post_feature":"","_kad_post_feature_position":"","_kad_post_header":false,"_kad_post_footer":false,"_kad_post_classname":""},"product_brand":[],"product_cat":[15014],"product_tag":[],"class_list":{"0":"post-119079","1":"product","2":"type-product","3":"status-publish","4":"has-post-thumbnail","6":"product_cat-mug-mug","8":"first","9":"instock","10":"purchasable","11":"product-type-simple","12":"entry","13":"content-bg","14":"loop-entry"},"_links":{"self":[{"href":"https:\/\/www.hediyepazar.com\/index.php?rest_route=\/wp\/v2\/product\/119079","targetHints":{"allow":["GET"]}}],"collection":[{"href":"https:\/\/www.hediyepazar.com\/index.php?rest_route=\/wp\/v2\/product"}],"about":[{"href":"https:\/\/www.hediyepazar.com\/index.php?rest_route=\/wp\/v2\/types\/product"}],"replies":[{"embeddable":true,"href":"https:\/\/www.hediyepazar.com\/index.php?rest_route=%2Fwp%2Fv2%2Fcomments&post=119079"}],"wp:featuredmedia":[{"embeddable":true,"href":"https:\/\/www.hediyepazar.com\/index.php?rest_route=\/wp\/v2\/media\/119078"}],"wp:attachment":[{"href":"https:\/\/www.hediyepazar.com\/index.php?rest_route=%2Fwp%2Fv2%2Fmedia&parent=119079"}],"wp:term":[{"taxonomy":"product_brand","embeddable":true,"href":"https:\/\/www.hediyepazar.com\/index.php?rest_route=%2Fwp%2Fv2%2Fproduct_brand&post=119079"},{"taxonomy":"product_cat","embeddable":true,"href":"https:\/\/www.hediyepazar.com\/index.php?rest_route=%2Fwp%2Fv2%2Fproduct_cat&post=119079"},{"taxonomy":"product_tag","embeddable":true,"href":"https:\/\/www.hediyepazar.com\/index.php?rest_route=%2Fwp%2Fv2%2Fproduct_tag&post=119079"}],"curies":[{"name":"wp","href":"https:\/\/api.w.org\/{rel}","templated":true}]}}