{"id":119081,"date":"2026-05-06T00:17:03","date_gmt":"2026-05-06T03:17:03","guid":{"rendered":"https:\/\/www.hediyepazar.com\/?product=sicak-tutan-termos-bardak-kendi-kendini-karistiran-mikser-kupa-2"},"modified":"2026-05-06T00:17:03","modified_gmt":"2026-05-06T03:17:03","slug":"sicak-tutan-termos-bardak-kendi-kendini-karistiran-mikser-kupa-2","status":"publish","type":"product","link":"https:\/\/www.hediyepazar.com\/?product=sicak-tutan-termos-bardak-kendi-kendini-karistiran-mikser-kupa-2","title":{"rendered":"S\u0131cak Tutan Termos Bardak Kendi Kendini Kar\u0131\u015ft\u0131ran Mikser Kupa"},"content":{"rendered":"<p>Termos \u00f6zelli\u011fi ile s\u0131cakl\u0131\u011f\u0131 korur, pratikli\u011fiyle sizi yormaz. Kupa kapa\u011f\u0131 sayesinde s\u0131cak i\u00e7ecekleri uzun s\u00fcre s\u0131cak tutar, b\u00f6ylece g\u00fcn i\u00e7inde i\u00e7ece\u011finizin tad\u0131 ve s\u0131cakl\u0131\u011f\u0131 bozulmaz. Ofiste, evde ya da seyahatte kullanabilece\u011finiz bu \u00f6zel termos kupa, paslanmaz metal g\u00f6vdesiyle dayan\u0131kl\u0131 ve uzun \u00f6m\u00fcrl\u00fc kullan\u0131m sunar. Modern ve sade tasar\u0131m\u0131yla da her ortamda \u015f\u0131kl\u0131\u011f\u0131n\u0131 korur.<\/p>\n","protected":false},"excerpt":{"rendered":"<p>Termos \u00f6zelli\u011fi ile s\u0131cakl\u0131\u011f\u0131 korur, pratikli\u011fiyle sizi yormaz. Kupa kapa\u011f\u0131 sayesinde s\u0131cak i\u00e7ecekleri uzun s\u00fcre s\u0131cak tutar, b\u00f6ylece g\u00fcn i\u00e7inde i\u00e7ece\u011finizin tad\u0131 ve s\u0131cakl\u0131\u011f\u0131 bozulmaz. Ofiste, evde ya da seyahatte kullanabilece\u011finiz bu \u00f6zel termos kupa, paslanmaz metal g\u00f6vdesiyle dayan\u0131kl\u0131 ve uzun \u00f6m\u00fcrl\u00fc kullan\u0131m sunar. Modern ve sade tasar\u0131m\u0131yla da her ortamda \u015f\u0131kl\u0131\u011f\u0131n\u0131 korur.<\/p>\n","protected":false},"featured_media":119080,"comment_status":"open","ping_status":"closed","template":"","meta":{"_kad_post_transparent":"","_kad_post_title":"","_kad_post_layout":"","_kad_post_sidebar_id":"","_kad_post_content_style":"","_kad_post_vertical_padding":"","_kad_post_feature":"","_kad_post_feature_position":"","_kad_post_header":false,"_kad_post_footer":false,"_kad_post_classname":""},"product_brand":[],"product_cat":[15014],"product_tag":[],"class_list":{"0":"post-119081","1":"product","2":"type-product","3":"status-publish","4":"has-post-thumbnail","6":"product_cat-mug-mug","8":"first","9":"instock","10":"purchasable","11":"product-type-simple","12":"entry","13":"content-bg","14":"loop-entry"},"_links":{"self":[{"href":"https:\/\/www.hediyepazar.com\/index.php?rest_route=\/wp\/v2\/product\/119081","targetHints":{"allow":["GET"]}}],"collection":[{"href":"https:\/\/www.hediyepazar.com\/index.php?rest_route=\/wp\/v2\/product"}],"about":[{"href":"https:\/\/www.hediyepazar.com\/index.php?rest_route=\/wp\/v2\/types\/product"}],"replies":[{"embeddable":true,"href":"https:\/\/www.hediyepazar.com\/index.php?rest_route=%2Fwp%2Fv2%2Fcomments&post=119081"}],"wp:featuredmedia":[{"embeddable":true,"href":"https:\/\/www.hediyepazar.com\/index.php?rest_route=\/wp\/v2\/media\/119080"}],"wp:attachment":[{"href":"https:\/\/www.hediyepazar.com\/index.php?rest_route=%2Fwp%2Fv2%2Fmedia&parent=119081"}],"wp:term":[{"taxonomy":"product_brand","embeddable":true,"href":"https:\/\/www.hediyepazar.com\/index.php?rest_route=%2Fwp%2Fv2%2Fproduct_brand&post=119081"},{"taxonomy":"product_cat","embeddable":true,"href":"https:\/\/www.hediyepazar.com\/index.php?rest_route=%2Fwp%2Fv2%2Fproduct_cat&post=119081"},{"taxonomy":"product_tag","embeddable":true,"href":"https:\/\/www.hediyepazar.com\/index.php?rest_route=%2Fwp%2Fv2%2Fproduct_tag&post=119081"}],"curies":[{"name":"wp","href":"https:\/\/api.w.org\/{rel}","templated":true}]}}