{"id":119083,"date":"2026-05-06T00:17:09","date_gmt":"2026-05-06T03:17:09","guid":{"rendered":"https:\/\/www.hediyepazar.com\/?product=karistirici-ozellikli-mikser-kupa-bardak-termos-bardak-2"},"modified":"2026-05-06T00:17:09","modified_gmt":"2026-05-06T03:17:09","slug":"karistirici-ozellikli-mikser-kupa-bardak-termos-bardak-2","status":"publish","type":"product","link":"https:\/\/www.hediyepazar.com\/?product=karistirici-ozellikli-mikser-kupa-bardak-termos-bardak-2","title":{"rendered":"Kar\u0131\u015ft\u0131r\u0131c\u0131 \u00d6zellikli Mikser Kupa Bardak Termos Bardak"},"content":{"rendered":"<p>G\u00fcnl\u00fck rutininize pratiklik ve teknoloji kat\u0131n! Kendi kendini kar\u0131\u015ft\u0131ran termos kupa, i\u00e7indeki k\u00fc\u00e7\u00fck ama g\u00fc\u00e7l\u00fc pervanesi sayesinde i\u00e7eceklerinizi sizin yerinize kar\u0131\u015ft\u0131r\u0131r. \u00c7ay, kahve, s\u00fct tozu ya da protein tozu gibi kar\u0131\u015ft\u0131r\u0131lmas\u0131 gereken i\u00e7ecekleri haz\u0131rlarken sadece kulp \u00fczerindeki d\u00fc\u011fmeye basman\u0131z yeterlidir. Bu fonksiyonel teknoloji sayesinde kar\u0131\u015ft\u0131rma ka\u015f\u0131\u011f\u0131na gerek kalmadan, zahmetsiz ve homojen i\u00e7ecekler elde edebilirsiniz.<\/p>\n","protected":false},"excerpt":{"rendered":"<p>G\u00fcnl\u00fck rutininize pratiklik ve teknoloji kat\u0131n! Kendi kendini kar\u0131\u015ft\u0131ran termos kupa, i\u00e7indeki k\u00fc\u00e7\u00fck ama g\u00fc\u00e7l\u00fc pervanesi sayesinde i\u00e7eceklerinizi sizin yerinize kar\u0131\u015ft\u0131r\u0131r. \u00c7ay, kahve, s\u00fct tozu ya da protein tozu gibi kar\u0131\u015ft\u0131r\u0131lmas\u0131 gereken i\u00e7ecekleri haz\u0131rlarken sadece kulp \u00fczerindeki d\u00fc\u011fmeye basman\u0131z yeterlidir. Bu fonksiyonel teknoloji sayesinde kar\u0131\u015ft\u0131rma ka\u015f\u0131\u011f\u0131na gerek kalmadan, zahmetsiz ve homojen i\u00e7ecekler elde edebilirsiniz.<\/p>\n","protected":false},"featured_media":119082,"comment_status":"open","ping_status":"closed","template":"","meta":{"_kad_post_transparent":"","_kad_post_title":"","_kad_post_layout":"","_kad_post_sidebar_id":"","_kad_post_content_style":"","_kad_post_vertical_padding":"","_kad_post_feature":"","_kad_post_feature_position":"","_kad_post_header":false,"_kad_post_footer":false,"_kad_post_classname":""},"product_brand":[],"product_cat":[15014],"product_tag":[],"class_list":{"0":"post-119083","1":"product","2":"type-product","3":"status-publish","4":"has-post-thumbnail","6":"product_cat-mug-mug","8":"first","9":"instock","10":"purchasable","11":"product-type-simple","12":"entry","13":"content-bg","14":"loop-entry"},"_links":{"self":[{"href":"https:\/\/www.hediyepazar.com\/index.php?rest_route=\/wp\/v2\/product\/119083","targetHints":{"allow":["GET"]}}],"collection":[{"href":"https:\/\/www.hediyepazar.com\/index.php?rest_route=\/wp\/v2\/product"}],"about":[{"href":"https:\/\/www.hediyepazar.com\/index.php?rest_route=\/wp\/v2\/types\/product"}],"replies":[{"embeddable":true,"href":"https:\/\/www.hediyepazar.com\/index.php?rest_route=%2Fwp%2Fv2%2Fcomments&post=119083"}],"wp:featuredmedia":[{"embeddable":true,"href":"https:\/\/www.hediyepazar.com\/index.php?rest_route=\/wp\/v2\/media\/119082"}],"wp:attachment":[{"href":"https:\/\/www.hediyepazar.com\/index.php?rest_route=%2Fwp%2Fv2%2Fmedia&parent=119083"}],"wp:term":[{"taxonomy":"product_brand","embeddable":true,"href":"https:\/\/www.hediyepazar.com\/index.php?rest_route=%2Fwp%2Fv2%2Fproduct_brand&post=119083"},{"taxonomy":"product_cat","embeddable":true,"href":"https:\/\/www.hediyepazar.com\/index.php?rest_route=%2Fwp%2Fv2%2Fproduct_cat&post=119083"},{"taxonomy":"product_tag","embeddable":true,"href":"https:\/\/www.hediyepazar.com\/index.php?rest_route=%2Fwp%2Fv2%2Fproduct_tag&post=119083"}],"curies":[{"name":"wp","href":"https:\/\/api.w.org\/{rel}","templated":true}]}}