{"id":119091,"date":"2026-05-06T00:17:58","date_gmt":"2026-05-06T03:17:58","guid":{"rendered":"https:\/\/www.hediyepazar.com\/?product=degistirilebilir-tarakli-yeni-nesil-paslanmaz-celik-tiras-makinesi-2"},"modified":"2026-05-06T00:17:58","modified_gmt":"2026-05-06T03:17:58","slug":"degistirilebilir-tarakli-yeni-nesil-paslanmaz-celik-tiras-makinesi-2","status":"publish","type":"product","link":"https:\/\/www.hediyepazar.com\/?product=degistirilebilir-tarakli-yeni-nesil-paslanmaz-celik-tiras-makinesi-2","title":{"rendered":"De\u011fi\u015ftirilebilir Tarakl\u0131 Yeni Nesil Paslanmaz \u00c7elik T\u0131ra\u015f Makinesi"},"content":{"rendered":"<p>Kapsaml\u0131 Ayarlar ve Kapsaml\u0131 Aksesuar Seti8 adet de\u011fi\u015ftirilebilir renkli tarak (3, 6, 10, 13, 16, 19, 22, 25 mm) sayesinde her sa\u00e7 tipine ve stile uygun kesimler yapabilirsiniz. Ayarlanabilir kesim ba\u015fl\u0131\u011f\u0131 ile makineyi bireysel ihtiya\u00e7lar\u0131n\u0131za g\u00f6re \u015fekillendirebilir, profesyonel sonu\u00e7lar elde edebilirsiniz. Hem ki\u015fisel kullan\u0131m hem de berber salonlar\u0131 i\u00e7in idealdir. \u00dcstelik de\u011fi\u015ftirilebilir kesim ayarlar\u0131 sayesinde detayl\u0131 kesim ve \u015fekillendirme imkan\u0131 sa\u011flar.<\/p>\n","protected":false},"excerpt":{"rendered":"<p>Kapsaml\u0131 Ayarlar ve Kapsaml\u0131 Aksesuar Seti8 adet de\u011fi\u015ftirilebilir renkli tarak (3, 6, 10, 13, 16, 19, 22, 25 mm) sayesinde her sa\u00e7 tipine ve stile uygun kesimler yapabilirsiniz. Ayarlanabilir kesim ba\u015fl\u0131\u011f\u0131 ile makineyi bireysel ihtiya\u00e7lar\u0131n\u0131za g\u00f6re \u015fekillendirebilir, profesyonel sonu\u00e7lar elde edebilirsiniz. Hem ki\u015fisel kullan\u0131m hem de berber salonlar\u0131 i\u00e7in idealdir. \u00dcstelik de\u011fi\u015ftirilebilir kesim ayarlar\u0131 sayesinde&#8230;<\/p>\n","protected":false},"featured_media":119090,"comment_status":"open","ping_status":"closed","template":"","meta":{"_kad_post_transparent":"","_kad_post_title":"","_kad_post_layout":"","_kad_post_sidebar_id":"","_kad_post_content_style":"","_kad_post_vertical_padding":"","_kad_post_feature":"","_kad_post_feature_position":"","_kad_post_header":false,"_kad_post_footer":false,"_kad_post_classname":""},"product_brand":[],"product_cat":[14925],"product_tag":[],"class_list":{"0":"post-119091","1":"product","2":"type-product","3":"status-publish","4":"has-post-thumbnail","6":"product_cat-tiras-makinesi-tiras-makinesi","8":"first","9":"instock","10":"purchasable","11":"product-type-simple","12":"entry","13":"content-bg","14":"loop-entry"},"_links":{"self":[{"href":"https:\/\/www.hediyepazar.com\/index.php?rest_route=\/wp\/v2\/product\/119091","targetHints":{"allow":["GET"]}}],"collection":[{"href":"https:\/\/www.hediyepazar.com\/index.php?rest_route=\/wp\/v2\/product"}],"about":[{"href":"https:\/\/www.hediyepazar.com\/index.php?rest_route=\/wp\/v2\/types\/product"}],"replies":[{"embeddable":true,"href":"https:\/\/www.hediyepazar.com\/index.php?rest_route=%2Fwp%2Fv2%2Fcomments&post=119091"}],"wp:featuredmedia":[{"embeddable":true,"href":"https:\/\/www.hediyepazar.com\/index.php?rest_route=\/wp\/v2\/media\/119090"}],"wp:attachment":[{"href":"https:\/\/www.hediyepazar.com\/index.php?rest_route=%2Fwp%2Fv2%2Fmedia&parent=119091"}],"wp:term":[{"taxonomy":"product_brand","embeddable":true,"href":"https:\/\/www.hediyepazar.com\/index.php?rest_route=%2Fwp%2Fv2%2Fproduct_brand&post=119091"},{"taxonomy":"product_cat","embeddable":true,"href":"https:\/\/www.hediyepazar.com\/index.php?rest_route=%2Fwp%2Fv2%2Fproduct_cat&post=119091"},{"taxonomy":"product_tag","embeddable":true,"href":"https:\/\/www.hediyepazar.com\/index.php?rest_route=%2Fwp%2Fv2%2Fproduct_tag&post=119091"}],"curies":[{"name":"wp","href":"https:\/\/api.w.org\/{rel}","templated":true}]}}