{"id":119099,"date":"2026-05-06T00:18:19","date_gmt":"2026-05-06T03:18:19","guid":{"rendered":"https:\/\/www.hediyepazar.com\/?product=hassas-ciltlere-ozel-titresimli-yuz-temizleme-ve-masaj-aleti-2"},"modified":"2026-05-06T00:18:19","modified_gmt":"2026-05-06T03:18:19","slug":"hassas-ciltlere-ozel-titresimli-yuz-temizleme-ve-masaj-aleti-2","status":"publish","type":"product","link":"https:\/\/www.hediyepazar.com\/?product=hassas-ciltlere-ozel-titresimli-yuz-temizleme-ve-masaj-aleti-2","title":{"rendered":"Hassas Ciltlere \u00d6zel Titre\u015fimli Y\u00fcz Temizleme ve Masaj Aleti"},"content":{"rendered":"<p>Dayan\u0131kl\u0131 ve Hafif Tasar\u0131mBu masaj aleti, son derece dayan\u0131kl\u0131 ve g\u00fcvenli hipoalerjenik silikon malzemeden \u00fcretilmi\u015ftir. Cildinize zarar vermeden temizleme ve masaj i\u015flemlerini uygulayabilirsiniz. Ayr\u0131ca, hafif ve ta\u015f\u0131nabilir yap\u0131s\u0131 sayesinde \u00e7antan\u0131zda rahat\u00e7a ta\u015f\u0131yabilirsiniz. Islak ve kuru kullan\u0131m se\u00e7enekleri ile, diledi\u011finiz her zaman ve her yerde kullanabilirsiniz. Bu masaj aleti, sadece y\u00fcz de\u011fil, el ve parmak eklem b\u00f6lgelerinde de rahatl\u0131kla kullan\u0131labilir, b\u00f6ylece v\u00fccudunuzdaki sarkmalar\u0131 engellemeye yard\u0131mc\u0131 olur.<\/p>\n","protected":false},"excerpt":{"rendered":"<p>Dayan\u0131kl\u0131 ve Hafif Tasar\u0131mBu masaj aleti, son derece dayan\u0131kl\u0131 ve g\u00fcvenli hipoalerjenik silikon malzemeden \u00fcretilmi\u015ftir. Cildinize zarar vermeden temizleme ve masaj i\u015flemlerini uygulayabilirsiniz. Ayr\u0131ca, hafif ve ta\u015f\u0131nabilir yap\u0131s\u0131 sayesinde \u00e7antan\u0131zda rahat\u00e7a ta\u015f\u0131yabilirsiniz. Islak ve kuru kullan\u0131m se\u00e7enekleri ile, diledi\u011finiz her zaman ve her yerde kullanabilirsiniz. Bu masaj aleti, sadece y\u00fcz de\u011fil, el ve parmak eklem&#8230;<\/p>\n","protected":false},"featured_media":119098,"comment_status":"open","ping_status":"closed","template":"","meta":{"_kad_post_transparent":"","_kad_post_title":"","_kad_post_layout":"","_kad_post_sidebar_id":"","_kad_post_content_style":"","_kad_post_vertical_padding":"","_kad_post_feature":"","_kad_post_feature_position":"","_kad_post_header":false,"_kad_post_footer":false,"_kad_post_classname":""},"product_brand":[],"product_cat":[15018],"product_tag":[],"class_list":{"0":"post-119099","1":"product","2":"type-product","3":"status-publish","4":"has-post-thumbnail","6":"product_cat-yuz-temizleme-cihazi-yuz-temizleme-cihazi","8":"first","9":"instock","10":"purchasable","11":"product-type-simple","12":"entry","13":"content-bg","14":"loop-entry"},"_links":{"self":[{"href":"https:\/\/www.hediyepazar.com\/index.php?rest_route=\/wp\/v2\/product\/119099","targetHints":{"allow":["GET"]}}],"collection":[{"href":"https:\/\/www.hediyepazar.com\/index.php?rest_route=\/wp\/v2\/product"}],"about":[{"href":"https:\/\/www.hediyepazar.com\/index.php?rest_route=\/wp\/v2\/types\/product"}],"replies":[{"embeddable":true,"href":"https:\/\/www.hediyepazar.com\/index.php?rest_route=%2Fwp%2Fv2%2Fcomments&post=119099"}],"wp:featuredmedia":[{"embeddable":true,"href":"https:\/\/www.hediyepazar.com\/index.php?rest_route=\/wp\/v2\/media\/119098"}],"wp:attachment":[{"href":"https:\/\/www.hediyepazar.com\/index.php?rest_route=%2Fwp%2Fv2%2Fmedia&parent=119099"}],"wp:term":[{"taxonomy":"product_brand","embeddable":true,"href":"https:\/\/www.hediyepazar.com\/index.php?rest_route=%2Fwp%2Fv2%2Fproduct_brand&post=119099"},{"taxonomy":"product_cat","embeddable":true,"href":"https:\/\/www.hediyepazar.com\/index.php?rest_route=%2Fwp%2Fv2%2Fproduct_cat&post=119099"},{"taxonomy":"product_tag","embeddable":true,"href":"https:\/\/www.hediyepazar.com\/index.php?rest_route=%2Fwp%2Fv2%2Fproduct_tag&post=119099"}],"curies":[{"name":"wp","href":"https:\/\/api.w.org\/{rel}","templated":true}]}}