{"id":119101,"date":"2026-05-06T00:18:58","date_gmt":"2026-05-06T03:18:58","guid":{"rendered":"https:\/\/www.hediyepazar.com\/?product=titresimli-yuz-masaj-aleti-titresimli-makyaj-temizleme-cihazi-2"},"modified":"2026-05-06T00:18:58","modified_gmt":"2026-05-06T03:18:58","slug":"titresimli-yuz-masaj-aleti-titresimli-makyaj-temizleme-cihazi-2","status":"publish","type":"product","link":"https:\/\/www.hediyepazar.com\/?product=titresimli-yuz-masaj-aleti-titresimli-makyaj-temizleme-cihazi-2","title":{"rendered":"Titre\u015fimli Y\u00fcz Masaj Aleti Titre\u015fimli Makyaj Temizleme Cihaz\u0131"},"content":{"rendered":"<p>Hassas ve Ki\u015fiye \u00d6zel Temizlik \u0130mkan\u0131Yeni tasar\u0131ml\u0131 bu y\u00fcz temizleme ve masaj aleti, titre\u015fim yo\u011funlu\u011funu ayarlayabilece\u011finiz farkl\u0131 seviyelere sahip olup, her cilt tipine uygun \u00f6zellikler sunar. Y\u00fcz\u00fcn\u00fczdeki makyaj kal\u0131nt\u0131lar\u0131n\u0131 derinlemesine temizlerken, ayn\u0131 zamanda sarkmalar\u0131n yava\u015flamas\u0131na yard\u0131mc\u0131 olur. \u00dcst y\u00fczeydeki kal\u0131n temas noktalar\u0131, b\u00f6lgesel temizlik yaparken, ince temas noktalar\u0131 ise hassas veya kuru ciltlerde nazik bir temizlik sa\u011flar. Arka y\u00fczeydeki p\u00fcr\u00fczs\u00fcz silikon \u00e7\u0131k\u0131nt\u0131lar\u0131 sayesinde masaj etkisini art\u0131r\u0131r ve cildinize daha s\u0131k\u0131 bir g\u00f6r\u00fcn\u00fcm kazand\u0131rmaya yard\u0131mc\u0131 olur.<\/p>\n","protected":false},"excerpt":{"rendered":"<p>Hassas ve Ki\u015fiye \u00d6zel Temizlik \u0130mkan\u0131Yeni tasar\u0131ml\u0131 bu y\u00fcz temizleme ve masaj aleti, titre\u015fim yo\u011funlu\u011funu ayarlayabilece\u011finiz farkl\u0131 seviyelere sahip olup, her cilt tipine uygun \u00f6zellikler sunar. Y\u00fcz\u00fcn\u00fczdeki makyaj kal\u0131nt\u0131lar\u0131n\u0131 derinlemesine temizlerken, ayn\u0131 zamanda sarkmalar\u0131n yava\u015flamas\u0131na yard\u0131mc\u0131 olur. \u00dcst y\u00fczeydeki kal\u0131n temas noktalar\u0131, b\u00f6lgesel temizlik yaparken, ince temas noktalar\u0131 ise hassas veya kuru ciltlerde nazik bir&#8230;<\/p>\n","protected":false},"featured_media":119100,"comment_status":"open","ping_status":"closed","template":"","meta":{"_kad_post_transparent":"","_kad_post_title":"","_kad_post_layout":"","_kad_post_sidebar_id":"","_kad_post_content_style":"","_kad_post_vertical_padding":"","_kad_post_feature":"","_kad_post_feature_position":"","_kad_post_header":false,"_kad_post_footer":false,"_kad_post_classname":""},"product_brand":[],"product_cat":[15018],"product_tag":[],"class_list":{"0":"post-119101","1":"product","2":"type-product","3":"status-publish","4":"has-post-thumbnail","6":"product_cat-yuz-temizleme-cihazi-yuz-temizleme-cihazi","8":"first","9":"instock","10":"purchasable","11":"product-type-simple","12":"entry","13":"content-bg","14":"loop-entry"},"_links":{"self":[{"href":"https:\/\/www.hediyepazar.com\/index.php?rest_route=\/wp\/v2\/product\/119101","targetHints":{"allow":["GET"]}}],"collection":[{"href":"https:\/\/www.hediyepazar.com\/index.php?rest_route=\/wp\/v2\/product"}],"about":[{"href":"https:\/\/www.hediyepazar.com\/index.php?rest_route=\/wp\/v2\/types\/product"}],"replies":[{"embeddable":true,"href":"https:\/\/www.hediyepazar.com\/index.php?rest_route=%2Fwp%2Fv2%2Fcomments&post=119101"}],"wp:featuredmedia":[{"embeddable":true,"href":"https:\/\/www.hediyepazar.com\/index.php?rest_route=\/wp\/v2\/media\/119100"}],"wp:attachment":[{"href":"https:\/\/www.hediyepazar.com\/index.php?rest_route=%2Fwp%2Fv2%2Fmedia&parent=119101"}],"wp:term":[{"taxonomy":"product_brand","embeddable":true,"href":"https:\/\/www.hediyepazar.com\/index.php?rest_route=%2Fwp%2Fv2%2Fproduct_brand&post=119101"},{"taxonomy":"product_cat","embeddable":true,"href":"https:\/\/www.hediyepazar.com\/index.php?rest_route=%2Fwp%2Fv2%2Fproduct_cat&post=119101"},{"taxonomy":"product_tag","embeddable":true,"href":"https:\/\/www.hediyepazar.com\/index.php?rest_route=%2Fwp%2Fv2%2Fproduct_tag&post=119101"}],"curies":[{"name":"wp","href":"https:\/\/api.w.org\/{rel}","templated":true}]}}