{"id":119115,"date":"2026-05-06T00:20:11","date_gmt":"2026-05-06T03:20:11","guid":{"rendered":"https:\/\/www.hediyepazar.com\/?product=yeni-nesil-dokunmatik-kontrol-cagri-cevaplayabilen-kablosuz-bluetooth-kulaklik-2"},"modified":"2026-05-06T00:20:11","modified_gmt":"2026-05-06T03:20:11","slug":"yeni-nesil-dokunmatik-kontrol-cagri-cevaplayabilen-kablosuz-bluetooth-kulaklik-2","status":"publish","type":"product","link":"https:\/\/www.hediyepazar.com\/?product=yeni-nesil-dokunmatik-kontrol-cagri-cevaplayabilen-kablosuz-bluetooth-kulaklik-2","title":{"rendered":"Yeni Nesil Dokunmatik Kontrol \u00c7a\u011fr\u0131 Cevaplayabilen Kablosuz Bluetooth Kulakl\u0131k"},"content":{"rendered":"<p>Uzun Pil \u00d6mr\u00fc ve H\u0131zl\u0131 \u015earj \u00d6zellikleri:Yeni nesil Bluetooth kulakl\u0131k, uzun s\u00fcreli kullan\u0131m i\u00e7in ideal olan g\u00fc\u00e7l\u00fc bir pil kapasitesine sahiptir. Tek bir \u015farj ile 5 saate kadar m\u00fczik dinleyebilir, 3 saate kadar kesintisiz konu\u015fma yapabilirsiniz. Ayr\u0131ca, kulakl\u0131klar\u0131n kutusu sayesinde bir\u00e7ok kez \u015farj ederek toplamda 24 saatten fazla dinleme s\u00fcresi elde edebilirsiniz. H\u0131zl\u0131 \u015farj \u00f6zelli\u011fi ile yaln\u0131zca 15-30 dakika i\u00e7inde 3 saate kadar dinleme s\u00fcresi kazanabilir veya 2 saatlik konu\u015fma s\u00fcresi elde edebilirsiniz. Bu h\u0131zl\u0131 \u015farj ve uzun pil \u00f6mr\u00fc, s\u00fcrekli hareket halinde olan kullan\u0131c\u0131lar i\u00e7in m\u00fckemmel bir avantaj sunar.<\/p>\n","protected":false},"excerpt":{"rendered":"<p>Uzun Pil \u00d6mr\u00fc ve H\u0131zl\u0131 \u015earj \u00d6zellikleri:Yeni nesil Bluetooth kulakl\u0131k, uzun s\u00fcreli kullan\u0131m i\u00e7in ideal olan g\u00fc\u00e7l\u00fc bir pil kapasitesine sahiptir. Tek bir \u015farj ile 5 saate kadar m\u00fczik dinleyebilir, 3 saate kadar kesintisiz konu\u015fma yapabilirsiniz. Ayr\u0131ca, kulakl\u0131klar\u0131n kutusu sayesinde bir\u00e7ok kez \u015farj ederek toplamda 24 saatten fazla dinleme s\u00fcresi elde edebilirsiniz. H\u0131zl\u0131 \u015farj \u00f6zelli\u011fi&#8230;<\/p>\n","protected":false},"featured_media":119114,"comment_status":"open","ping_status":"closed","template":"","meta":{"_kad_post_transparent":"","_kad_post_title":"","_kad_post_layout":"","_kad_post_sidebar_id":"","_kad_post_content_style":"","_kad_post_vertical_padding":"","_kad_post_feature":"","_kad_post_feature_position":"","_kad_post_header":false,"_kad_post_footer":false,"_kad_post_classname":""},"product_brand":[],"product_cat":[14957],"product_tag":[],"class_list":{"0":"post-119115","1":"product","2":"type-product","3":"status-publish","4":"has-post-thumbnail","6":"product_cat-kablosuz-kulaklik-kablosuz-kulaklik","8":"first","9":"instock","10":"purchasable","11":"product-type-simple","12":"entry","13":"content-bg","14":"loop-entry"},"_links":{"self":[{"href":"https:\/\/www.hediyepazar.com\/index.php?rest_route=\/wp\/v2\/product\/119115","targetHints":{"allow":["GET"]}}],"collection":[{"href":"https:\/\/www.hediyepazar.com\/index.php?rest_route=\/wp\/v2\/product"}],"about":[{"href":"https:\/\/www.hediyepazar.com\/index.php?rest_route=\/wp\/v2\/types\/product"}],"replies":[{"embeddable":true,"href":"https:\/\/www.hediyepazar.com\/index.php?rest_route=%2Fwp%2Fv2%2Fcomments&post=119115"}],"wp:featuredmedia":[{"embeddable":true,"href":"https:\/\/www.hediyepazar.com\/index.php?rest_route=\/wp\/v2\/media\/119114"}],"wp:attachment":[{"href":"https:\/\/www.hediyepazar.com\/index.php?rest_route=%2Fwp%2Fv2%2Fmedia&parent=119115"}],"wp:term":[{"taxonomy":"product_brand","embeddable":true,"href":"https:\/\/www.hediyepazar.com\/index.php?rest_route=%2Fwp%2Fv2%2Fproduct_brand&post=119115"},{"taxonomy":"product_cat","embeddable":true,"href":"https:\/\/www.hediyepazar.com\/index.php?rest_route=%2Fwp%2Fv2%2Fproduct_cat&post=119115"},{"taxonomy":"product_tag","embeddable":true,"href":"https:\/\/www.hediyepazar.com\/index.php?rest_route=%2Fwp%2Fv2%2Fproduct_tag&post=119115"}],"curies":[{"name":"wp","href":"https:\/\/api.w.org\/{rel}","templated":true}]}}