{"id":119117,"date":"2026-05-06T00:20:17","date_gmt":"2026-05-06T03:20:17","guid":{"rendered":"https:\/\/www.hediyepazar.com\/?product=2025-model-cagri-cevaplayabilen-bluetooth-kulaklik-beyaz-dokunmatik-kontrol-2"},"modified":"2026-05-06T00:20:17","modified_gmt":"2026-05-06T03:20:17","slug":"2025-model-cagri-cevaplayabilen-bluetooth-kulaklik-beyaz-dokunmatik-kontrol-2","status":"publish","type":"product","link":"https:\/\/www.hediyepazar.com\/?product=2025-model-cagri-cevaplayabilen-bluetooth-kulaklik-beyaz-dokunmatik-kontrol-2","title":{"rendered":"2025 Model \u00c7a\u011fr\u0131 Cevaplayabilen Bluetooth Kulakl\u0131k Beyaz Dokunmatik Kontrol"},"content":{"rendered":"<p>Bu kulakl\u0131klar, m\u00fczik dinlerken, telefon g\u00f6r\u00fc\u015fmeleri yaparken veya sesli komutlar verirken kullanabilece\u011finiz bir dizi geli\u015fmi\u015f \u00f6zelli\u011fe sahiptir. Kulakl\u0131klar\u0131n \u00fczerinde bulunan dokunmatik kontroller sayesinde, ses seviyesini kolayca ayarlayabilir, \u015fark\u0131lar aras\u0131nda ge\u00e7i\u015f yapabilir, \u00e7a\u011fr\u0131lar\u0131 yan\u0131tlayabilir veya sonland\u0131rabilirsiniz. Ayr\u0131ca, kulakl\u0131klar\u0131n\u0131zla birlikte gelen \u00f6zel komutlar sayesinde m\u00fczik dinlerken veya podcast dinlerken, bir \u00e7ift dokunu\u015fla \u015fark\u0131 de\u011fi\u015ftirebilir veya sesi a\u00e7\u0131p k\u0131sabilirsiniz. Bu kolay ve h\u0131zl\u0131 eri\u015fim, \u00f6zellikle ara\u00e7 kullan\u0131rken veya ellerinizi me\u015fgul edecek bir \u015fey yaparken olduk\u00e7a kullan\u0131\u015fl\u0131d\u0131r.<\/p>\n","protected":false},"excerpt":{"rendered":"<p>Bu kulakl\u0131klar, m\u00fczik dinlerken, telefon g\u00f6r\u00fc\u015fmeleri yaparken veya sesli komutlar verirken kullanabilece\u011finiz bir dizi geli\u015fmi\u015f \u00f6zelli\u011fe sahiptir. Kulakl\u0131klar\u0131n \u00fczerinde bulunan dokunmatik kontroller sayesinde, ses seviyesini kolayca ayarlayabilir, \u015fark\u0131lar aras\u0131nda ge\u00e7i\u015f yapabilir, \u00e7a\u011fr\u0131lar\u0131 yan\u0131tlayabilir veya sonland\u0131rabilirsiniz. Ayr\u0131ca, kulakl\u0131klar\u0131n\u0131zla birlikte gelen \u00f6zel komutlar sayesinde m\u00fczik dinlerken veya podcast dinlerken, bir \u00e7ift dokunu\u015fla \u015fark\u0131 de\u011fi\u015ftirebilir veya sesi a\u00e7\u0131p&#8230;<\/p>\n","protected":false},"featured_media":119116,"comment_status":"open","ping_status":"closed","template":"","meta":{"_kad_post_transparent":"","_kad_post_title":"","_kad_post_layout":"","_kad_post_sidebar_id":"","_kad_post_content_style":"","_kad_post_vertical_padding":"","_kad_post_feature":"","_kad_post_feature_position":"","_kad_post_header":false,"_kad_post_footer":false,"_kad_post_classname":""},"product_brand":[],"product_cat":[14957],"product_tag":[],"class_list":{"0":"post-119117","1":"product","2":"type-product","3":"status-publish","4":"has-post-thumbnail","6":"product_cat-kablosuz-kulaklik-kablosuz-kulaklik","8":"first","9":"instock","10":"purchasable","11":"product-type-simple","12":"entry","13":"content-bg","14":"loop-entry"},"_links":{"self":[{"href":"https:\/\/www.hediyepazar.com\/index.php?rest_route=\/wp\/v2\/product\/119117","targetHints":{"allow":["GET"]}}],"collection":[{"href":"https:\/\/www.hediyepazar.com\/index.php?rest_route=\/wp\/v2\/product"}],"about":[{"href":"https:\/\/www.hediyepazar.com\/index.php?rest_route=\/wp\/v2\/types\/product"}],"replies":[{"embeddable":true,"href":"https:\/\/www.hediyepazar.com\/index.php?rest_route=%2Fwp%2Fv2%2Fcomments&post=119117"}],"wp:featuredmedia":[{"embeddable":true,"href":"https:\/\/www.hediyepazar.com\/index.php?rest_route=\/wp\/v2\/media\/119116"}],"wp:attachment":[{"href":"https:\/\/www.hediyepazar.com\/index.php?rest_route=%2Fwp%2Fv2%2Fmedia&parent=119117"}],"wp:term":[{"taxonomy":"product_brand","embeddable":true,"href":"https:\/\/www.hediyepazar.com\/index.php?rest_route=%2Fwp%2Fv2%2Fproduct_brand&post=119117"},{"taxonomy":"product_cat","embeddable":true,"href":"https:\/\/www.hediyepazar.com\/index.php?rest_route=%2Fwp%2Fv2%2Fproduct_cat&post=119117"},{"taxonomy":"product_tag","embeddable":true,"href":"https:\/\/www.hediyepazar.com\/index.php?rest_route=%2Fwp%2Fv2%2Fproduct_tag&post=119117"}],"curies":[{"name":"wp","href":"https:\/\/api.w.org\/{rel}","templated":true}]}}