{"id":119147,"date":"2026-05-06T00:29:07","date_gmt":"2026-05-06T03:29:07","guid":{"rendered":"https:\/\/www.hediyepazar.com\/?product=sac-duzlestirici-sekillendirici-sac-masasi-ikili-sekillendirici-isi-ayarli-2"},"modified":"2026-05-06T00:29:07","modified_gmt":"2026-05-06T03:29:07","slug":"sac-duzlestirici-sekillendirici-sac-masasi-ikili-sekillendirici-isi-ayarli-2","status":"publish","type":"product","link":"https:\/\/www.hediyepazar.com\/?product=sac-duzlestirici-sekillendirici-sac-masasi-ikili-sekillendirici-isi-ayarli-2","title":{"rendered":"Sa\u00e7 D\u00fczle\u015ftirici \u015eekillendirici Sa\u00e7 Ma\u015fas\u0131 \u0130kili \u015eekillendirici Is\u0131 Ayarl\u0131"},"content":{"rendered":"<p>200 dereceye kadar ula\u015fan \u0131s\u0131 kapasitesi sayesinde farkl\u0131 sa\u00e7 tiplerine kolayca uyum sa\u011flar. \u0130nce telli sa\u00e7lardan kal\u0131n telli sa\u00e7lara kadar her t\u00fcr sa\u00e7 yap\u0131s\u0131na uygun s\u0131cakl\u0131k ayar\u0131 yap\u0131labilir. Bu \u00f6zellik, ki\u015fiselle\u015ftirilmi\u015f bir \u015fekillendirme deneyimi sunarken, sa\u00e7lar\u0131n yanma veya a\u015f\u0131r\u0131 \u0131s\u0131dan zarar g\u00f6rmesini de engeller. Is\u0131ya h\u0131zl\u0131 ula\u015fma \u00f6zelli\u011fiyle zamandan tasarruf etmenizi sa\u011flar ve acil durumlarda bile kullan\u0131ma haz\u0131r hale gelir.<\/p>\n","protected":false},"excerpt":{"rendered":"<p>200 dereceye kadar ula\u015fan \u0131s\u0131 kapasitesi sayesinde farkl\u0131 sa\u00e7 tiplerine kolayca uyum sa\u011flar. \u0130nce telli sa\u00e7lardan kal\u0131n telli sa\u00e7lara kadar her t\u00fcr sa\u00e7 yap\u0131s\u0131na uygun s\u0131cakl\u0131k ayar\u0131 yap\u0131labilir. Bu \u00f6zellik, ki\u015fiselle\u015ftirilmi\u015f bir \u015fekillendirme deneyimi sunarken, sa\u00e7lar\u0131n yanma veya a\u015f\u0131r\u0131 \u0131s\u0131dan zarar g\u00f6rmesini de engeller. Is\u0131ya h\u0131zl\u0131 ula\u015fma \u00f6zelli\u011fiyle zamandan tasarruf etmenizi sa\u011flar ve acil durumlarda&#8230;<\/p>\n","protected":false},"featured_media":119146,"comment_status":"open","ping_status":"closed","template":"","meta":{"_kad_post_transparent":"","_kad_post_title":"","_kad_post_layout":"","_kad_post_sidebar_id":"","_kad_post_content_style":"","_kad_post_vertical_padding":"","_kad_post_feature":"","_kad_post_feature_position":"","_kad_post_header":false,"_kad_post_footer":false,"_kad_post_classname":""},"product_brand":[],"product_cat":[14907],"product_tag":[],"class_list":{"0":"post-119147","1":"product","2":"type-product","3":"status-publish","4":"has-post-thumbnail","6":"product_cat-sac-masasi-sac-masasi","8":"first","9":"instock","10":"purchasable","11":"product-type-simple","12":"entry","13":"content-bg","14":"loop-entry"},"_links":{"self":[{"href":"https:\/\/www.hediyepazar.com\/index.php?rest_route=\/wp\/v2\/product\/119147","targetHints":{"allow":["GET"]}}],"collection":[{"href":"https:\/\/www.hediyepazar.com\/index.php?rest_route=\/wp\/v2\/product"}],"about":[{"href":"https:\/\/www.hediyepazar.com\/index.php?rest_route=\/wp\/v2\/types\/product"}],"replies":[{"embeddable":true,"href":"https:\/\/www.hediyepazar.com\/index.php?rest_route=%2Fwp%2Fv2%2Fcomments&post=119147"}],"wp:featuredmedia":[{"embeddable":true,"href":"https:\/\/www.hediyepazar.com\/index.php?rest_route=\/wp\/v2\/media\/119146"}],"wp:attachment":[{"href":"https:\/\/www.hediyepazar.com\/index.php?rest_route=%2Fwp%2Fv2%2Fmedia&parent=119147"}],"wp:term":[{"taxonomy":"product_brand","embeddable":true,"href":"https:\/\/www.hediyepazar.com\/index.php?rest_route=%2Fwp%2Fv2%2Fproduct_brand&post=119147"},{"taxonomy":"product_cat","embeddable":true,"href":"https:\/\/www.hediyepazar.com\/index.php?rest_route=%2Fwp%2Fv2%2Fproduct_cat&post=119147"},{"taxonomy":"product_tag","embeddable":true,"href":"https:\/\/www.hediyepazar.com\/index.php?rest_route=%2Fwp%2Fv2%2Fproduct_tag&post=119147"}],"curies":[{"name":"wp","href":"https:\/\/api.w.org\/{rel}","templated":true}]}}