{"id":119149,"date":"2026-05-06T00:29:18","date_gmt":"2026-05-06T03:29:18","guid":{"rendered":"https:\/\/www.hediyepazar.com\/?product=sac-sekillendirici-duzlestirici-ve-masa-ozellikli-sekillendirici-seramik-kaplama-2"},"modified":"2026-05-06T00:29:18","modified_gmt":"2026-05-06T03:29:18","slug":"sac-sekillendirici-duzlestirici-ve-masa-ozellikli-sekillendirici-seramik-kaplama-2","status":"publish","type":"product","link":"https:\/\/www.hediyepazar.com\/?product=sac-sekillendirici-duzlestirici-ve-masa-ozellikli-sekillendirici-seramik-kaplama-2","title":{"rendered":"Sa\u00e7 \u015eekillendirici D\u00fczle\u015ftirici ve Ma\u015fa \u00d6zellikli \u015eekillendirici Seramik Kaplama"},"content":{"rendered":"<p>Seramik plaka teknolojisi ile donat\u0131lm\u0131\u015f bu sa\u00e7 d\u00fczle\u015ftirici, sa\u00e7 telinin her noktas\u0131na e\u015fit \u0131s\u0131 da\u011f\u0131l\u0131m\u0131 sa\u011flayarak \u015fekillendirme s\u0131ras\u0131nda olu\u015fabilecek hasar\u0131 en aza indirir. Geleneksel d\u00fczle\u015ftiricilerin aksine, seramik y\u00fczey sa\u00e7\u0131n do\u011fal nemini korur ve elektriklenmeyi \u00f6nleyerek p\u00fcr\u00fczs\u00fcz bir g\u00f6r\u00fcn\u00fcm sunar. B\u00f6ylece hem g\u00fcnl\u00fck kullan\u0131mda hem de \u00f6zel g\u00fcnlerde sa\u00e7lar\u0131n\u0131z parlak ve sa\u011fl\u0131kl\u0131 g\u00f6r\u00fcn\u00fcm\u00fcn\u00fc kaybetmez.<\/p>\n","protected":false},"excerpt":{"rendered":"<p>Seramik plaka teknolojisi ile donat\u0131lm\u0131\u015f bu sa\u00e7 d\u00fczle\u015ftirici, sa\u00e7 telinin her noktas\u0131na e\u015fit \u0131s\u0131 da\u011f\u0131l\u0131m\u0131 sa\u011flayarak \u015fekillendirme s\u0131ras\u0131nda olu\u015fabilecek hasar\u0131 en aza indirir. Geleneksel d\u00fczle\u015ftiricilerin aksine, seramik y\u00fczey sa\u00e7\u0131n do\u011fal nemini korur ve elektriklenmeyi \u00f6nleyerek p\u00fcr\u00fczs\u00fcz bir g\u00f6r\u00fcn\u00fcm sunar. B\u00f6ylece hem g\u00fcnl\u00fck kullan\u0131mda hem de \u00f6zel g\u00fcnlerde sa\u00e7lar\u0131n\u0131z parlak ve sa\u011fl\u0131kl\u0131 g\u00f6r\u00fcn\u00fcm\u00fcn\u00fc kaybetmez.<\/p>\n","protected":false},"featured_media":119148,"comment_status":"open","ping_status":"closed","template":"","meta":{"_kad_post_transparent":"","_kad_post_title":"","_kad_post_layout":"","_kad_post_sidebar_id":"","_kad_post_content_style":"","_kad_post_vertical_padding":"","_kad_post_feature":"","_kad_post_feature_position":"","_kad_post_header":false,"_kad_post_footer":false,"_kad_post_classname":""},"product_brand":[],"product_cat":[14907],"product_tag":[],"class_list":{"0":"post-119149","1":"product","2":"type-product","3":"status-publish","4":"has-post-thumbnail","6":"product_cat-sac-masasi-sac-masasi","8":"first","9":"instock","10":"purchasable","11":"product-type-simple","12":"entry","13":"content-bg","14":"loop-entry"},"_links":{"self":[{"href":"https:\/\/www.hediyepazar.com\/index.php?rest_route=\/wp\/v2\/product\/119149","targetHints":{"allow":["GET"]}}],"collection":[{"href":"https:\/\/www.hediyepazar.com\/index.php?rest_route=\/wp\/v2\/product"}],"about":[{"href":"https:\/\/www.hediyepazar.com\/index.php?rest_route=\/wp\/v2\/types\/product"}],"replies":[{"embeddable":true,"href":"https:\/\/www.hediyepazar.com\/index.php?rest_route=%2Fwp%2Fv2%2Fcomments&post=119149"}],"wp:featuredmedia":[{"embeddable":true,"href":"https:\/\/www.hediyepazar.com\/index.php?rest_route=\/wp\/v2\/media\/119148"}],"wp:attachment":[{"href":"https:\/\/www.hediyepazar.com\/index.php?rest_route=%2Fwp%2Fv2%2Fmedia&parent=119149"}],"wp:term":[{"taxonomy":"product_brand","embeddable":true,"href":"https:\/\/www.hediyepazar.com\/index.php?rest_route=%2Fwp%2Fv2%2Fproduct_brand&post=119149"},{"taxonomy":"product_cat","embeddable":true,"href":"https:\/\/www.hediyepazar.com\/index.php?rest_route=%2Fwp%2Fv2%2Fproduct_cat&post=119149"},{"taxonomy":"product_tag","embeddable":true,"href":"https:\/\/www.hediyepazar.com\/index.php?rest_route=%2Fwp%2Fv2%2Fproduct_tag&post=119149"}],"curies":[{"name":"wp","href":"https:\/\/api.w.org\/{rel}","templated":true}]}}