{"id":119157,"date":"2026-05-06T00:31:01","date_gmt":"2026-05-06T03:31:01","guid":{"rendered":"https:\/\/www.hediyepazar.com\/?product=wag-masa-profesyonel-sac-sekillendirici-iyon-ozellikli-isi-kademeli-2"},"modified":"2026-05-06T00:31:01","modified_gmt":"2026-05-06T03:31:01","slug":"wag-masa-profesyonel-sac-sekillendirici-iyon-ozellikli-isi-kademeli-2","status":"publish","type":"product","link":"https:\/\/www.hediyepazar.com\/?product=wag-masa-profesyonel-sac-sekillendirici-iyon-ozellikli-isi-kademeli-2","title":{"rendered":"Wag Ma\u015fa Profesyonel Sa\u00e7 \u015eekillendirici \u0130yon \u00d6zellikli Is\u0131 Kademeli"},"content":{"rendered":"<p>seramik kaplama teknolojisi sayesinde sa\u00e7\u0131n maruz kald\u0131\u011f\u0131 \u0131s\u0131 hasar\u0131 en aza indirilir. Seramik y\u00fczeyden yay\u0131lan negatif iyonlar, sa\u00e7 tellerinde elektriklenmeyi azaltarak sa\u00e7\u0131n daha parlak, yumu\u015fak ve sa\u011fl\u0131kl\u0131 g\u00f6r\u00fcnmesini sa\u011flar. Ayn\u0131 zamanda sa\u00e7 \u015feklinin g\u00fcn boyu kal\u0131c\u0131 olmas\u0131na katk\u0131 sunar. PTC \u0131s\u0131tma eleman\u0131 sayesinde sadece 30 saniyede 170\u00b0C s\u0131cakl\u0131\u011fa ula\u015farak h\u0131zl\u0131 \u015fekillendirme imk\u00e2n\u0131 tan\u0131r. Bu \u00f6zellik, yo\u011fun g\u00fcnlerde zamandan tasarruf etmek isteyen kullan\u0131c\u0131lar i\u00e7in b\u00fcy\u00fck bir avantaj sa\u011flar.<\/p>\n","protected":false},"excerpt":{"rendered":"<p>seramik kaplama teknolojisi sayesinde sa\u00e7\u0131n maruz kald\u0131\u011f\u0131 \u0131s\u0131 hasar\u0131 en aza indirilir. Seramik y\u00fczeyden yay\u0131lan negatif iyonlar, sa\u00e7 tellerinde elektriklenmeyi azaltarak sa\u00e7\u0131n daha parlak, yumu\u015fak ve sa\u011fl\u0131kl\u0131 g\u00f6r\u00fcnmesini sa\u011flar. Ayn\u0131 zamanda sa\u00e7 \u015feklinin g\u00fcn boyu kal\u0131c\u0131 olmas\u0131na katk\u0131 sunar. PTC \u0131s\u0131tma eleman\u0131 sayesinde sadece 30 saniyede 170\u00b0C s\u0131cakl\u0131\u011fa ula\u015farak h\u0131zl\u0131 \u015fekillendirme imk\u00e2n\u0131 tan\u0131r. Bu \u00f6zellik,&#8230;<\/p>\n","protected":false},"featured_media":119156,"comment_status":"open","ping_status":"closed","template":"","meta":{"_kad_post_transparent":"","_kad_post_title":"","_kad_post_layout":"","_kad_post_sidebar_id":"","_kad_post_content_style":"","_kad_post_vertical_padding":"","_kad_post_feature":"","_kad_post_feature_position":"","_kad_post_header":false,"_kad_post_footer":false,"_kad_post_classname":""},"product_brand":[],"product_cat":[14907],"product_tag":[],"class_list":{"0":"post-119157","1":"product","2":"type-product","3":"status-publish","4":"has-post-thumbnail","6":"product_cat-sac-masasi-sac-masasi","8":"first","9":"instock","10":"purchasable","11":"product-type-simple","12":"entry","13":"content-bg","14":"loop-entry"},"_links":{"self":[{"href":"https:\/\/www.hediyepazar.com\/index.php?rest_route=\/wp\/v2\/product\/119157","targetHints":{"allow":["GET"]}}],"collection":[{"href":"https:\/\/www.hediyepazar.com\/index.php?rest_route=\/wp\/v2\/product"}],"about":[{"href":"https:\/\/www.hediyepazar.com\/index.php?rest_route=\/wp\/v2\/types\/product"}],"replies":[{"embeddable":true,"href":"https:\/\/www.hediyepazar.com\/index.php?rest_route=%2Fwp%2Fv2%2Fcomments&post=119157"}],"wp:featuredmedia":[{"embeddable":true,"href":"https:\/\/www.hediyepazar.com\/index.php?rest_route=\/wp\/v2\/media\/119156"}],"wp:attachment":[{"href":"https:\/\/www.hediyepazar.com\/index.php?rest_route=%2Fwp%2Fv2%2Fmedia&parent=119157"}],"wp:term":[{"taxonomy":"product_brand","embeddable":true,"href":"https:\/\/www.hediyepazar.com\/index.php?rest_route=%2Fwp%2Fv2%2Fproduct_brand&post=119157"},{"taxonomy":"product_cat","embeddable":true,"href":"https:\/\/www.hediyepazar.com\/index.php?rest_route=%2Fwp%2Fv2%2Fproduct_cat&post=119157"},{"taxonomy":"product_tag","embeddable":true,"href":"https:\/\/www.hediyepazar.com\/index.php?rest_route=%2Fwp%2Fv2%2Fproduct_tag&post=119157"}],"curies":[{"name":"wp","href":"https:\/\/api.w.org\/{rel}","templated":true}]}}