{"id":119161,"date":"2026-05-06T00:31:18","date_gmt":"2026-05-06T03:31:18","guid":{"rendered":"https:\/\/www.hediyepazar.com\/?product=sac-duzlestirici-yuksek-isi-ayarli-elektriklenme-karsiti-sac-sekillendirici-2"},"modified":"2026-05-06T00:31:18","modified_gmt":"2026-05-06T03:31:18","slug":"sac-duzlestirici-yuksek-isi-ayarli-elektriklenme-karsiti-sac-sekillendirici-2","status":"publish","type":"product","link":"https:\/\/www.hediyepazar.com\/?product=sac-duzlestirici-yuksek-isi-ayarli-elektriklenme-karsiti-sac-sekillendirici-2","title":{"rendered":"Sa\u00e7 D\u00fczle\u015ftirici Y\u00fcksek Is\u0131 Ayarl\u0131 Elektriklenme Kar\u015f\u0131t\u0131 Sa\u00e7 \u015eekillendirici"},"content":{"rendered":"<p>Bu sa\u00e7 d\u00fczle\u015ftirici yaln\u0131zca sa\u00e7lar\u0131 d\u00fczle\u015ftirmek i\u00e7in de\u011fil, ayn\u0131 zamanda bukleler ve dalgal\u0131 sa\u00e7 modelleri olu\u015fturmak i\u00e7in de uygundur. 9 mm \u00e7apa sahip seramik kaplamas\u0131, sa\u00e7lara do\u011fal bukleler kazand\u0131rarak farkl\u0131 stiller denemenize imkan tan\u0131r. Kullan\u0131m\u0131 son derece kolay ve pratik olan bu model, \u015f\u0131k pembe rengi ve LED g\u00f6stergeli \u0131\u015f\u0131kland\u0131rmalar\u0131 ile estetik bir g\u00f6r\u00fcn\u00fcm sunar. 130 cm uzunlu\u011fundaki kablosu, hareket \u00f6zg\u00fcrl\u00fc\u011f\u00fc sa\u011flayarak konforlu bir kullan\u0131m imkan\u0131 tan\u0131r. Sa\u00e7 \u015fekillendirme i\u015flemleriniz tamamland\u0131ktan sonra, cihaz\u0131n\u0131z\u0131 kuru bir bezle temizleyerek uzun \u00f6m\u00fcrl\u00fc kullan\u0131m sa\u011flayabilirsiniz. H\u0131zl\u0131 \u0131s\u0131nma, geni\u015f plakalar ve g\u00fcvenli kullan\u0131m \u00f6zellikleriyle bu d\u00fczle\u015ftirici, sa\u00e7lar\u0131n\u0131za istedi\u011finiz formu vermenizi kolayla\u015ft\u0131r\u0131r ve her zaman bak\u0131ml\u0131 g\u00f6r\u00fcnmenize yard\u0131mc\u0131 olur.<\/p>\n","protected":false},"excerpt":{"rendered":"<p>Bu sa\u00e7 d\u00fczle\u015ftirici yaln\u0131zca sa\u00e7lar\u0131 d\u00fczle\u015ftirmek i\u00e7in de\u011fil, ayn\u0131 zamanda bukleler ve dalgal\u0131 sa\u00e7 modelleri olu\u015fturmak i\u00e7in de uygundur. 9 mm \u00e7apa sahip seramik kaplamas\u0131, sa\u00e7lara do\u011fal bukleler kazand\u0131rarak farkl\u0131 stiller denemenize imkan tan\u0131r. Kullan\u0131m\u0131 son derece kolay ve pratik olan bu model, \u015f\u0131k pembe rengi ve LED g\u00f6stergeli \u0131\u015f\u0131kland\u0131rmalar\u0131 ile estetik bir g\u00f6r\u00fcn\u00fcm sunar&#8230;.<\/p>\n","protected":false},"featured_media":119160,"comment_status":"open","ping_status":"closed","template":"","meta":{"_kad_post_transparent":"","_kad_post_title":"","_kad_post_layout":"","_kad_post_sidebar_id":"","_kad_post_content_style":"","_kad_post_vertical_padding":"","_kad_post_feature":"","_kad_post_feature_position":"","_kad_post_header":false,"_kad_post_footer":false,"_kad_post_classname":""},"product_brand":[],"product_cat":[14907],"product_tag":[],"class_list":{"0":"post-119161","1":"product","2":"type-product","3":"status-publish","4":"has-post-thumbnail","6":"product_cat-sac-masasi-sac-masasi","8":"first","9":"instock","10":"purchasable","11":"product-type-simple","12":"entry","13":"content-bg","14":"loop-entry"},"_links":{"self":[{"href":"https:\/\/www.hediyepazar.com\/index.php?rest_route=\/wp\/v2\/product\/119161","targetHints":{"allow":["GET"]}}],"collection":[{"href":"https:\/\/www.hediyepazar.com\/index.php?rest_route=\/wp\/v2\/product"}],"about":[{"href":"https:\/\/www.hediyepazar.com\/index.php?rest_route=\/wp\/v2\/types\/product"}],"replies":[{"embeddable":true,"href":"https:\/\/www.hediyepazar.com\/index.php?rest_route=%2Fwp%2Fv2%2Fcomments&post=119161"}],"wp:featuredmedia":[{"embeddable":true,"href":"https:\/\/www.hediyepazar.com\/index.php?rest_route=\/wp\/v2\/media\/119160"}],"wp:attachment":[{"href":"https:\/\/www.hediyepazar.com\/index.php?rest_route=%2Fwp%2Fv2%2Fmedia&parent=119161"}],"wp:term":[{"taxonomy":"product_brand","embeddable":true,"href":"https:\/\/www.hediyepazar.com\/index.php?rest_route=%2Fwp%2Fv2%2Fproduct_brand&post=119161"},{"taxonomy":"product_cat","embeddable":true,"href":"https:\/\/www.hediyepazar.com\/index.php?rest_route=%2Fwp%2Fv2%2Fproduct_cat&post=119161"},{"taxonomy":"product_tag","embeddable":true,"href":"https:\/\/www.hediyepazar.com\/index.php?rest_route=%2Fwp%2Fv2%2Fproduct_tag&post=119161"}],"curies":[{"name":"wp","href":"https:\/\/api.w.org\/{rel}","templated":true}]}}