{"id":119163,"date":"2026-05-06T00:32:03","date_gmt":"2026-05-06T03:32:03","guid":{"rendered":"https:\/\/www.hediyepazar.com\/?product=seramik-duzlestirici-iyon-ozellikli-profesyonel-gunluk-kullanimi-uygun-2"},"modified":"2026-05-06T00:32:03","modified_gmt":"2026-05-06T03:32:03","slug":"seramik-duzlestirici-iyon-ozellikli-profesyonel-gunluk-kullanimi-uygun-2","status":"publish","type":"product","link":"https:\/\/www.hediyepazar.com\/?product=seramik-duzlestirici-iyon-ozellikli-profesyonel-gunluk-kullanimi-uygun-2","title":{"rendered":"Seramik D\u00fczle\u015ftirici \u0130yon \u00d6zellikli Profesyonel G\u00fcnl\u00fck Kullan\u0131m\u0131 Uygun"},"content":{"rendered":"<p>G\u00fcvenli kullan\u0131m i\u00e7in tasarlanan bu model, kullan\u0131c\u0131 dostu \u00f6zellikleriyle dikkat \u00e7eker. Fi\u015fe tak\u0131ld\u0131\u011f\u0131nda power tu\u015fu k\u0131rm\u0131z\u0131 renkte yanarak cihaz\u0131n \u00e7al\u0131\u015ft\u0131\u011f\u0131n\u0131 g\u00f6sterir ve se\u00e7enek tu\u015fu ile istenilen \u0131s\u0131 ayar\u0131 yap\u0131labilir. Seramik kaplama plakalar, \u0131s\u0131y\u0131 e\u015fit bir \u015fekilde da\u011f\u0131t\u0131r ve sa\u00e7\u0131 y\u0131pratmadan \u015fekillendirmeye yard\u0131mc\u0131 olur. \u00d6zellikle ince telli sa\u00e7lar\u0131 k\u0131rmadan d\u00fczle\u015ftiren bu teknoloji, sa\u00e7\u0131n do\u011fal yap\u0131s\u0131n\u0131 koruyarak sa\u011fl\u0131kl\u0131 ve parlak bir g\u00f6r\u00fcn\u00fcm elde etmenizi sa\u011flar. Ayr\u0131ca, so\u011fuk u\u00e7 \u00f6zelli\u011fi ile \u0131s\u0131ya direkt temas etmeden g\u00fcvenli bir kullan\u0131m sunar. Kad\u0131n sa\u00e7 d\u00fczle\u015ftirici modeli, asma halkas\u0131 sayesinde kullan\u0131mdan sonra kolayca muhafaza edilebilir, b\u00f6ylece yer kaplamadan saklanabilir.<\/p>\n","protected":false},"excerpt":{"rendered":"<p>G\u00fcvenli kullan\u0131m i\u00e7in tasarlanan bu model, kullan\u0131c\u0131 dostu \u00f6zellikleriyle dikkat \u00e7eker. Fi\u015fe tak\u0131ld\u0131\u011f\u0131nda power tu\u015fu k\u0131rm\u0131z\u0131 renkte yanarak cihaz\u0131n \u00e7al\u0131\u015ft\u0131\u011f\u0131n\u0131 g\u00f6sterir ve se\u00e7enek tu\u015fu ile istenilen \u0131s\u0131 ayar\u0131 yap\u0131labilir. Seramik kaplama plakalar, \u0131s\u0131y\u0131 e\u015fit bir \u015fekilde da\u011f\u0131t\u0131r ve sa\u00e7\u0131 y\u0131pratmadan \u015fekillendirmeye yard\u0131mc\u0131 olur. \u00d6zellikle ince telli sa\u00e7lar\u0131 k\u0131rmadan d\u00fczle\u015ftiren bu teknoloji, sa\u00e7\u0131n do\u011fal yap\u0131s\u0131n\u0131 koruyarak&#8230;<\/p>\n","protected":false},"featured_media":119162,"comment_status":"open","ping_status":"closed","template":"","meta":{"_kad_post_transparent":"","_kad_post_title":"","_kad_post_layout":"","_kad_post_sidebar_id":"","_kad_post_content_style":"","_kad_post_vertical_padding":"","_kad_post_feature":"","_kad_post_feature_position":"","_kad_post_header":false,"_kad_post_footer":false,"_kad_post_classname":""},"product_brand":[],"product_cat":[14907],"product_tag":[],"class_list":{"0":"post-119163","1":"product","2":"type-product","3":"status-publish","4":"has-post-thumbnail","6":"product_cat-sac-masasi-sac-masasi","8":"first","9":"instock","10":"purchasable","11":"product-type-simple","12":"entry","13":"content-bg","14":"loop-entry"},"_links":{"self":[{"href":"https:\/\/www.hediyepazar.com\/index.php?rest_route=\/wp\/v2\/product\/119163","targetHints":{"allow":["GET"]}}],"collection":[{"href":"https:\/\/www.hediyepazar.com\/index.php?rest_route=\/wp\/v2\/product"}],"about":[{"href":"https:\/\/www.hediyepazar.com\/index.php?rest_route=\/wp\/v2\/types\/product"}],"replies":[{"embeddable":true,"href":"https:\/\/www.hediyepazar.com\/index.php?rest_route=%2Fwp%2Fv2%2Fcomments&post=119163"}],"wp:featuredmedia":[{"embeddable":true,"href":"https:\/\/www.hediyepazar.com\/index.php?rest_route=\/wp\/v2\/media\/119162"}],"wp:attachment":[{"href":"https:\/\/www.hediyepazar.com\/index.php?rest_route=%2Fwp%2Fv2%2Fmedia&parent=119163"}],"wp:term":[{"taxonomy":"product_brand","embeddable":true,"href":"https:\/\/www.hediyepazar.com\/index.php?rest_route=%2Fwp%2Fv2%2Fproduct_brand&post=119163"},{"taxonomy":"product_cat","embeddable":true,"href":"https:\/\/www.hediyepazar.com\/index.php?rest_route=%2Fwp%2Fv2%2Fproduct_cat&post=119163"},{"taxonomy":"product_tag","embeddable":true,"href":"https:\/\/www.hediyepazar.com\/index.php?rest_route=%2Fwp%2Fv2%2Fproduct_tag&post=119163"}],"curies":[{"name":"wp","href":"https:\/\/api.w.org\/{rel}","templated":true}]}}