{"id":119183,"date":"2026-05-06T00:36:14","date_gmt":"2026-05-06T03:36:14","guid":{"rendered":"https:\/\/www.hediyepazar.com\/?product=wireless-gaming-kulaklik-mikrofonlu-bluetooth-oyuncu-kulakligi-2"},"modified":"2026-05-06T00:36:14","modified_gmt":"2026-05-06T03:36:14","slug":"wireless-gaming-kulaklik-mikrofonlu-bluetooth-oyuncu-kulakligi-2","status":"publish","type":"product","link":"https:\/\/www.hediyepazar.com\/?product=wireless-gaming-kulaklik-mikrofonlu-bluetooth-oyuncu-kulakligi-2","title":{"rendered":"Wireless Gaming Kulakl\u0131k Mikrofonlu Bluetooth Oyuncu Kulakl\u0131\u011f\u0131"},"content":{"rendered":"<p>Ger\u00e7ek zamanl\u0131 oyunlarda tak\u0131m i\u00e7i ileti\u015fim kritik bir rol oynar ve Gaming Oyuncu Kulakl\u0131k I\u015f\u0131kl\u0131, g\u00fcr\u00fclt\u00fc \u00f6nleyici mikrofon teknolojisi ile bu ihtiyac\u0131 en iyi \u015fekilde kar\u015f\u0131lar. Bu geli\u015fmi\u015f mikrofon, \u00e7evredeki g\u00fcr\u00fclt\u00fcleri minimuma indirerek yaln\u0131zca sizin sesinizi net bir \u015fekilde iletir. Bu sayede tak\u0131m arkada\u015flar\u0131n\u0131zla kesintisiz ileti\u015fim kurabilir, stratejik planlar\u0131n\u0131z\u0131 eksiksiz uygulayabilirsiniz. Ayn\u0131 zamanda, birinci s\u0131n\u0131f malzemeden \u00fcretilmi\u015f dayan\u0131kl\u0131 yap\u0131s\u0131 ile uzun y\u0131llar boyunca kullan\u0131m imkan\u0131 sunar. Macera dolu oyunlarda heyecan\u0131 zirveye ta\u015f\u0131yan, ger\u00e7ek\u00e7i ve etkileyici ses deneyimi sunan Gaming Oyuncu Kulakl\u0131k I\u015f\u0131kl\u0131, oyun d\u00fcnyas\u0131nda s\u0131n\u0131rlar\u0131 zorlamak isteyen herkes i\u00e7in m\u00fckemmel bir tercihtir!<\/p>\n","protected":false},"excerpt":{"rendered":"<p>Ger\u00e7ek zamanl\u0131 oyunlarda tak\u0131m i\u00e7i ileti\u015fim kritik bir rol oynar ve Gaming Oyuncu Kulakl\u0131k I\u015f\u0131kl\u0131, g\u00fcr\u00fclt\u00fc \u00f6nleyici mikrofon teknolojisi ile bu ihtiyac\u0131 en iyi \u015fekilde kar\u015f\u0131lar. Bu geli\u015fmi\u015f mikrofon, \u00e7evredeki g\u00fcr\u00fclt\u00fcleri minimuma indirerek yaln\u0131zca sizin sesinizi net bir \u015fekilde iletir. Bu sayede tak\u0131m arkada\u015flar\u0131n\u0131zla kesintisiz ileti\u015fim kurabilir, stratejik planlar\u0131n\u0131z\u0131 eksiksiz uygulayabilirsiniz. Ayn\u0131 zamanda, birinci s\u0131n\u0131f&#8230;<\/p>\n","protected":false},"featured_media":119182,"comment_status":"open","ping_status":"closed","template":"","meta":{"_kad_post_transparent":"","_kad_post_title":"","_kad_post_layout":"","_kad_post_sidebar_id":"","_kad_post_content_style":"","_kad_post_vertical_padding":"","_kad_post_feature":"","_kad_post_feature_position":"","_kad_post_header":false,"_kad_post_footer":false,"_kad_post_classname":""},"product_brand":[],"product_cat":[14957],"product_tag":[],"class_list":{"0":"post-119183","1":"product","2":"type-product","3":"status-publish","4":"has-post-thumbnail","6":"product_cat-kablosuz-kulaklik-kablosuz-kulaklik","8":"first","9":"instock","10":"purchasable","11":"product-type-simple","12":"entry","13":"content-bg","14":"loop-entry"},"_links":{"self":[{"href":"https:\/\/www.hediyepazar.com\/index.php?rest_route=\/wp\/v2\/product\/119183","targetHints":{"allow":["GET"]}}],"collection":[{"href":"https:\/\/www.hediyepazar.com\/index.php?rest_route=\/wp\/v2\/product"}],"about":[{"href":"https:\/\/www.hediyepazar.com\/index.php?rest_route=\/wp\/v2\/types\/product"}],"replies":[{"embeddable":true,"href":"https:\/\/www.hediyepazar.com\/index.php?rest_route=%2Fwp%2Fv2%2Fcomments&post=119183"}],"wp:featuredmedia":[{"embeddable":true,"href":"https:\/\/www.hediyepazar.com\/index.php?rest_route=\/wp\/v2\/media\/119182"}],"wp:attachment":[{"href":"https:\/\/www.hediyepazar.com\/index.php?rest_route=%2Fwp%2Fv2%2Fmedia&parent=119183"}],"wp:term":[{"taxonomy":"product_brand","embeddable":true,"href":"https:\/\/www.hediyepazar.com\/index.php?rest_route=%2Fwp%2Fv2%2Fproduct_brand&post=119183"},{"taxonomy":"product_cat","embeddable":true,"href":"https:\/\/www.hediyepazar.com\/index.php?rest_route=%2Fwp%2Fv2%2Fproduct_cat&post=119183"},{"taxonomy":"product_tag","embeddable":true,"href":"https:\/\/www.hediyepazar.com\/index.php?rest_route=%2Fwp%2Fv2%2Fproduct_tag&post=119183"}],"curies":[{"name":"wp","href":"https:\/\/api.w.org\/{rel}","templated":true}]}}