{"id":119185,"date":"2026-05-06T00:36:19","date_gmt":"2026-05-06T03:36:19","guid":{"rendered":"https:\/\/www.hediyepazar.com\/?product=bluetooth-kulaklik-oyuncu-kulakligi-rgb-isikli-oyunlarda-dusuk-gecikme-2"},"modified":"2026-05-06T00:36:19","modified_gmt":"2026-05-06T03:36:19","slug":"bluetooth-kulaklik-oyuncu-kulakligi-rgb-isikli-oyunlarda-dusuk-gecikme-2","status":"publish","type":"product","link":"https:\/\/www.hediyepazar.com\/?product=bluetooth-kulaklik-oyuncu-kulakligi-rgb-isikli-oyunlarda-dusuk-gecikme-2","title":{"rendered":"Bluetooth Kulakl\u0131k Oyuncu Kulakl\u0131\u011f\u0131 RGB I\u015f\u0131kl\u0131 Oyunlarda D\u00fc\u015f\u00fck Gecikme"},"content":{"rendered":"<p>Konfor, uzun s\u00fcreli kullan\u0131mda en \u00f6nemli unsurlardan biridir ve Gaming Oyuncu Kulakl\u0131k I\u015f\u0131kl\u0131, ergonomik tasar\u0131m\u0131yla bu konuda m\u00fckemmel bir deneyim sunar. Yumu\u015fak kulak pedleri, uzun oyun seanslar\u0131nda kulaklar\u0131n\u0131z\u0131 rahats\u0131z etmeden konfor sa\u011flar. Farkl\u0131 kulak tiplerine uyum sa\u011flayan yedek silikon ba\u015fl\u0131klar, ki\u015fisel tercihlere g\u00f6re de\u011fi\u015ftirilebilir ve b\u00f6ylece her kullan\u0131c\u0131 i\u00e7in ideal bir kullan\u0131m sunar. Ayr\u0131ca, kaliteli ve dayan\u0131kl\u0131 malzemeden \u00fcretilen bu kulakl\u0131k, uzun s\u00fcreli kullan\u0131mlarda bile performans\u0131ndan \u00f6d\u00fcn vermez. Kulakl\u0131\u011f\u0131n kula\u011fa tam oturan tasar\u0131m\u0131, y\u00fcksek ses yal\u0131t\u0131m\u0131 sa\u011flayarak d\u0131\u015f seslerin etkisini en aza indirir ve oyun atmosferine tam anlam\u0131yla dalman\u0131z\u0131 m\u00fcmk\u00fcn k\u0131lar.<\/p>\n","protected":false},"excerpt":{"rendered":"<p>Konfor, uzun s\u00fcreli kullan\u0131mda en \u00f6nemli unsurlardan biridir ve Gaming Oyuncu Kulakl\u0131k I\u015f\u0131kl\u0131, ergonomik tasar\u0131m\u0131yla bu konuda m\u00fckemmel bir deneyim sunar. Yumu\u015fak kulak pedleri, uzun oyun seanslar\u0131nda kulaklar\u0131n\u0131z\u0131 rahats\u0131z etmeden konfor sa\u011flar. Farkl\u0131 kulak tiplerine uyum sa\u011flayan yedek silikon ba\u015fl\u0131klar, ki\u015fisel tercihlere g\u00f6re de\u011fi\u015ftirilebilir ve b\u00f6ylece her kullan\u0131c\u0131 i\u00e7in ideal bir kullan\u0131m sunar. Ayr\u0131ca, kaliteli&#8230;<\/p>\n","protected":false},"featured_media":119184,"comment_status":"open","ping_status":"closed","template":"","meta":{"_kad_post_transparent":"","_kad_post_title":"","_kad_post_layout":"","_kad_post_sidebar_id":"","_kad_post_content_style":"","_kad_post_vertical_padding":"","_kad_post_feature":"","_kad_post_feature_position":"","_kad_post_header":false,"_kad_post_footer":false,"_kad_post_classname":""},"product_brand":[],"product_cat":[14957],"product_tag":[],"class_list":{"0":"post-119185","1":"product","2":"type-product","3":"status-publish","4":"has-post-thumbnail","6":"product_cat-kablosuz-kulaklik-kablosuz-kulaklik","8":"first","9":"instock","10":"purchasable","11":"product-type-simple","12":"entry","13":"content-bg","14":"loop-entry"},"_links":{"self":[{"href":"https:\/\/www.hediyepazar.com\/index.php?rest_route=\/wp\/v2\/product\/119185","targetHints":{"allow":["GET"]}}],"collection":[{"href":"https:\/\/www.hediyepazar.com\/index.php?rest_route=\/wp\/v2\/product"}],"about":[{"href":"https:\/\/www.hediyepazar.com\/index.php?rest_route=\/wp\/v2\/types\/product"}],"replies":[{"embeddable":true,"href":"https:\/\/www.hediyepazar.com\/index.php?rest_route=%2Fwp%2Fv2%2Fcomments&post=119185"}],"wp:featuredmedia":[{"embeddable":true,"href":"https:\/\/www.hediyepazar.com\/index.php?rest_route=\/wp\/v2\/media\/119184"}],"wp:attachment":[{"href":"https:\/\/www.hediyepazar.com\/index.php?rest_route=%2Fwp%2Fv2%2Fmedia&parent=119185"}],"wp:term":[{"taxonomy":"product_brand","embeddable":true,"href":"https:\/\/www.hediyepazar.com\/index.php?rest_route=%2Fwp%2Fv2%2Fproduct_brand&post=119185"},{"taxonomy":"product_cat","embeddable":true,"href":"https:\/\/www.hediyepazar.com\/index.php?rest_route=%2Fwp%2Fv2%2Fproduct_cat&post=119185"},{"taxonomy":"product_tag","embeddable":true,"href":"https:\/\/www.hediyepazar.com\/index.php?rest_route=%2Fwp%2Fv2%2Fproduct_tag&post=119185"}],"curies":[{"name":"wp","href":"https:\/\/api.w.org\/{rel}","templated":true}]}}