{"id":119243,"date":"2026-05-06T00:46:20","date_gmt":"2026-05-06T03:46:20","guid":{"rendered":"https:\/\/www.hediyepazar.com\/?product=gunluk-kullanima-uygun-profesyonel-tiras-makinesi-doner-baslikli-2"},"modified":"2026-05-06T00:46:20","modified_gmt":"2026-05-06T03:46:20","slug":"gunluk-kullanima-uygun-profesyonel-tiras-makinesi-doner-baslikli-2","status":"publish","type":"product","link":"https:\/\/www.hediyepazar.com\/?product=gunluk-kullanima-uygun-profesyonel-tiras-makinesi-doner-baslikli-2","title":{"rendered":"G\u00fcnl\u00fck Kullan\u0131ma Uygun Profesyonel T\u0131ra\u015f Makinesi D\u00f6ner Ba\u015fl\u0131kl\u0131"},"content":{"rendered":"<p>Her Zaman \u015e\u0131k Olun\u0130\u015f yerlerinde ya da sosyal ortamlarda dikkat \u00e7ekmek istiyorsan\u0131z, sadece \u015f\u0131k giyinmek yeterli de\u011fildir. G\u00fczel bir t\u0131ra\u015f olmak, \u00e7evrenizdekilerin g\u00f6z\u00fcn\u00fc \u00fczerinize \u00e7ekmenizi sa\u011flar. \u0130nsanlar\u0131n ilgisini kazanarak, kendinizi daha iyi hissedersiniz. Bu t\u0131ra\u015f makinesi, sizin her zaman \u015f\u0131k ve bak\u0131ml\u0131 olman\u0131za yard\u0131mc\u0131 olur.Kullan\u0131m\u0131 Pratik ve KolayElinizin i\u00e7inde rahat\u00e7a kontrol edebilece\u011finiz bu t\u0131ra\u015f makinesi, kolayca \u00e7al\u0131\u015ft\u0131r\u0131labilir ve birka\u00e7 dakikada t\u0131ra\u015f i\u015flemlerinizi tamamlaman\u0131z\u0131 sa\u011flar. G\u00fcn\u00fcn her an\u0131nda, her ko\u015fulda p\u00fcr\u00fczs\u00fcz bir cilt sa\u011flamak i\u00e7in bu makineyi kullanarak hayat\u0131n\u0131z\u0131 daha konforlu ve \u00f6zg\u00fcvenli \u015fekilde ya\u015fay\u0131n. Cildiniz her daim p\u00fcr\u00fczs\u00fcz ve bak\u0131ml\u0131 olacak, bu da size keyifli bir t\u0131ra\u015f deneyimi sunar.<\/p>\n","protected":false},"excerpt":{"rendered":"<p>Her Zaman \u015e\u0131k Olun\u0130\u015f yerlerinde ya da sosyal ortamlarda dikkat \u00e7ekmek istiyorsan\u0131z, sadece \u015f\u0131k giyinmek yeterli de\u011fildir. G\u00fczel bir t\u0131ra\u015f olmak, \u00e7evrenizdekilerin g\u00f6z\u00fcn\u00fc \u00fczerinize \u00e7ekmenizi sa\u011flar. \u0130nsanlar\u0131n ilgisini kazanarak, kendinizi daha iyi hissedersiniz. Bu t\u0131ra\u015f makinesi, sizin her zaman \u015f\u0131k ve bak\u0131ml\u0131 olman\u0131za yard\u0131mc\u0131 olur.Kullan\u0131m\u0131 Pratik ve KolayElinizin i\u00e7inde rahat\u00e7a kontrol edebilece\u011finiz bu t\u0131ra\u015f makinesi,&#8230;<\/p>\n","protected":false},"featured_media":119242,"comment_status":"open","ping_status":"closed","template":"","meta":{"_kad_post_transparent":"","_kad_post_title":"","_kad_post_layout":"","_kad_post_sidebar_id":"","_kad_post_content_style":"","_kad_post_vertical_padding":"","_kad_post_feature":"","_kad_post_feature_position":"","_kad_post_header":false,"_kad_post_footer":false,"_kad_post_classname":""},"product_brand":[],"product_cat":[14925],"product_tag":[],"class_list":{"0":"post-119243","1":"product","2":"type-product","3":"status-publish","4":"has-post-thumbnail","6":"product_cat-tiras-makinesi-tiras-makinesi","8":"first","9":"instock","10":"purchasable","11":"product-type-simple","12":"entry","13":"content-bg","14":"loop-entry"},"_links":{"self":[{"href":"https:\/\/www.hediyepazar.com\/index.php?rest_route=\/wp\/v2\/product\/119243","targetHints":{"allow":["GET"]}}],"collection":[{"href":"https:\/\/www.hediyepazar.com\/index.php?rest_route=\/wp\/v2\/product"}],"about":[{"href":"https:\/\/www.hediyepazar.com\/index.php?rest_route=\/wp\/v2\/types\/product"}],"replies":[{"embeddable":true,"href":"https:\/\/www.hediyepazar.com\/index.php?rest_route=%2Fwp%2Fv2%2Fcomments&post=119243"}],"wp:featuredmedia":[{"embeddable":true,"href":"https:\/\/www.hediyepazar.com\/index.php?rest_route=\/wp\/v2\/media\/119242"}],"wp:attachment":[{"href":"https:\/\/www.hediyepazar.com\/index.php?rest_route=%2Fwp%2Fv2%2Fmedia&parent=119243"}],"wp:term":[{"taxonomy":"product_brand","embeddable":true,"href":"https:\/\/www.hediyepazar.com\/index.php?rest_route=%2Fwp%2Fv2%2Fproduct_brand&post=119243"},{"taxonomy":"product_cat","embeddable":true,"href":"https:\/\/www.hediyepazar.com\/index.php?rest_route=%2Fwp%2Fv2%2Fproduct_cat&post=119243"},{"taxonomy":"product_tag","embeddable":true,"href":"https:\/\/www.hediyepazar.com\/index.php?rest_route=%2Fwp%2Fv2%2Fproduct_tag&post=119243"}],"curies":[{"name":"wp","href":"https:\/\/api.w.org\/{rel}","templated":true}]}}