{"id":119245,"date":"2026-05-06T00:46:59","date_gmt":"2026-05-06T03:46:59","guid":{"rendered":"https:\/\/www.hediyepazar.com\/?product=tiras-makinesi-hassas-ciltlere-ozel-doner-baslikli-puruzsuz-gorunum-2"},"modified":"2026-05-06T00:46:59","modified_gmt":"2026-05-06T03:46:59","slug":"tiras-makinesi-hassas-ciltlere-ozel-doner-baslikli-puruzsuz-gorunum-2","status":"publish","type":"product","link":"https:\/\/www.hediyepazar.com\/?product=tiras-makinesi-hassas-ciltlere-ozel-doner-baslikli-puruzsuz-gorunum-2","title":{"rendered":"T\u0131ra\u015f Makinesi Hassas Ciltlere \u00d6zel D\u00f6ner Ba\u015fl\u0131kl\u0131 P\u00fcr\u00fczs\u00fcz G\u00f6r\u00fcn\u00fcm"},"content":{"rendered":"<p>Y\u00fcz\u00fcn\u00fczdeki yumu\u015fakl\u0131k hissini doyas\u0131ya ya\u015famak istiyorsan\u0131z, bu t\u0131ra\u015f makinesini tercih edebilirsiniz. P\u00fcr\u00fczs\u00fczl\u00fck hissi, uzun s\u00fcre boyunca devam eder ve y\u00fcz\u00fcn\u00fczdeki cilt yap\u0131s\u0131n\u0131 koruyarak sizi her daim rahat ve ferah hissettirir. T\u0131ra\u015f sonras\u0131 olu\u015fan cilt k\u0131zar\u0131kl\u0131klar\u0131 ve tahri\u015fler de geride kal\u0131r, \u00e7\u00fcnk\u00fc bu makine, hassas ciltlere dost bir yap\u0131 sunar, tahri\u015f yapmaz ve ka\u015f\u0131nt\u0131lara sebep olmaz.Yan\u0131n\u0131zda Ta\u015f\u0131y\u0131n, Konforu Yakalay\u0131nTatile giderken ya da i\u015f gezilerine kat\u0131l\u0131rken, bu t\u0131ra\u015f makinesi yan\u0131n\u0131zda olmal\u0131. T\u0131ra\u015f i\u015flemi art\u0131k bir eziyet de\u011fil, aksine olduk\u00e7a pratik ve konforlu bir hale gelir. Ta\u015f\u0131nabilir yap\u0131s\u0131 sayesinde, her ortamda t\u0131ra\u015f\u0131n\u0131z\u0131 rahat\u00e7a ger\u00e7ekle\u015ftirebilirsiniz. Yolda olsan\u0131z bile, kendinize verdi\u011finiz \u00f6nemi hat\u0131rlatarak g\u00fcn\u00fcn\u00fcz\u00fc daha verimli ve \u00f6zg\u00fcvenli ge\u00e7irebilirsiniz.<\/p>\n","protected":false},"excerpt":{"rendered":"<p>Y\u00fcz\u00fcn\u00fczdeki yumu\u015fakl\u0131k hissini doyas\u0131ya ya\u015famak istiyorsan\u0131z, bu t\u0131ra\u015f makinesini tercih edebilirsiniz. P\u00fcr\u00fczs\u00fczl\u00fck hissi, uzun s\u00fcre boyunca devam eder ve y\u00fcz\u00fcn\u00fczdeki cilt yap\u0131s\u0131n\u0131 koruyarak sizi her daim rahat ve ferah hissettirir. T\u0131ra\u015f sonras\u0131 olu\u015fan cilt k\u0131zar\u0131kl\u0131klar\u0131 ve tahri\u015fler de geride kal\u0131r, \u00e7\u00fcnk\u00fc bu makine, hassas ciltlere dost bir yap\u0131 sunar, tahri\u015f yapmaz ve ka\u015f\u0131nt\u0131lara sebep olmaz.Yan\u0131n\u0131zda&#8230;<\/p>\n","protected":false},"featured_media":119244,"comment_status":"open","ping_status":"closed","template":"","meta":{"_kad_post_transparent":"","_kad_post_title":"","_kad_post_layout":"","_kad_post_sidebar_id":"","_kad_post_content_style":"","_kad_post_vertical_padding":"","_kad_post_feature":"","_kad_post_feature_position":"","_kad_post_header":false,"_kad_post_footer":false,"_kad_post_classname":""},"product_brand":[],"product_cat":[14925],"product_tag":[],"class_list":{"0":"post-119245","1":"product","2":"type-product","3":"status-publish","4":"has-post-thumbnail","6":"product_cat-tiras-makinesi-tiras-makinesi","8":"first","9":"instock","10":"purchasable","11":"product-type-simple","12":"entry","13":"content-bg","14":"loop-entry"},"_links":{"self":[{"href":"https:\/\/www.hediyepazar.com\/index.php?rest_route=\/wp\/v2\/product\/119245","targetHints":{"allow":["GET"]}}],"collection":[{"href":"https:\/\/www.hediyepazar.com\/index.php?rest_route=\/wp\/v2\/product"}],"about":[{"href":"https:\/\/www.hediyepazar.com\/index.php?rest_route=\/wp\/v2\/types\/product"}],"replies":[{"embeddable":true,"href":"https:\/\/www.hediyepazar.com\/index.php?rest_route=%2Fwp%2Fv2%2Fcomments&post=119245"}],"wp:featuredmedia":[{"embeddable":true,"href":"https:\/\/www.hediyepazar.com\/index.php?rest_route=\/wp\/v2\/media\/119244"}],"wp:attachment":[{"href":"https:\/\/www.hediyepazar.com\/index.php?rest_route=%2Fwp%2Fv2%2Fmedia&parent=119245"}],"wp:term":[{"taxonomy":"product_brand","embeddable":true,"href":"https:\/\/www.hediyepazar.com\/index.php?rest_route=%2Fwp%2Fv2%2Fproduct_brand&post=119245"},{"taxonomy":"product_cat","embeddable":true,"href":"https:\/\/www.hediyepazar.com\/index.php?rest_route=%2Fwp%2Fv2%2Fproduct_cat&post=119245"},{"taxonomy":"product_tag","embeddable":true,"href":"https:\/\/www.hediyepazar.com\/index.php?rest_route=%2Fwp%2Fv2%2Fproduct_tag&post=119245"}],"curies":[{"name":"wp","href":"https:\/\/api.w.org\/{rel}","templated":true}]}}