{"id":119249,"date":"2026-05-06T00:47:10","date_gmt":"2026-05-06T03:47:10","guid":{"rendered":"https:\/\/www.hediyepazar.com\/?product=tiras-makinesi-erkeklere-ozel-profesyonel-yuz-tirasina-uygun-2"},"modified":"2026-05-06T00:47:10","modified_gmt":"2026-05-06T03:47:10","slug":"tiras-makinesi-erkeklere-ozel-profesyonel-yuz-tirasina-uygun-2","status":"publish","type":"product","link":"https:\/\/www.hediyepazar.com\/?product=tiras-makinesi-erkeklere-ozel-profesyonel-yuz-tirasina-uygun-2","title":{"rendered":"T\u0131ra\u015f Makinesi Erkeklere \u00d6zel Profesyonel Y\u00fcz T\u0131ra\u015f\u0131na Uygun"},"content":{"rendered":"<p>Farkl\u0131 ba\u015fl\u0131klar ve ince detay ba\u015fl\u0131\u011f\u0131 sayesinde, bu t\u0131ra\u015f makinesi, sakallar\u0131n\u0131za istedi\u011finiz \u015fekli vermenize olanak tan\u0131r. Y\u00fcz t\u0131ra\u015f\u0131 yaparken, hassas cilt tiplerine zarar vermeden nazik bir \u015fekilde i\u015flem yapabilirsiniz. Yanak t\u0131ra\u015f makinesi ise \u00f6zel ince b\u0131\u00e7aklar\u0131yla yana\u011f\u0131n\u0131zdaki ince t\u00fcylerin al\u0131nmas\u0131n\u0131 kolayla\u015ft\u0131r\u0131r. Bu t\u0131ra\u015f makinesi, erkek cilt tiplerine ve sa\u00e7 tiplerine \u00f6zel tasar\u0131m\u0131 ile her t\u00fcrl\u00fc t\u0131ra\u015f ihtiyac\u0131n\u0131 kar\u015f\u0131lamak i\u00e7in ideal bir se\u00e7enektir.Son olarak, ergonomik tasar\u0131m\u0131 sayesinde seyahatlerde ta\u015f\u0131mas\u0131 olduk\u00e7a kolayd\u0131r. Kompakt yap\u0131s\u0131, ta\u015f\u0131nabilir olmas\u0131n\u0131 sa\u011flar ve t\u0131ra\u015f makineniz her zaman yan\u0131n\u0131zda olur, b\u00f6ylece yolda bile m\u00fckemmel bir t\u0131ra\u015f deneyimi ya\u015fayabilirsiniz.<\/p>\n","protected":false},"excerpt":{"rendered":"<p>Farkl\u0131 ba\u015fl\u0131klar ve ince detay ba\u015fl\u0131\u011f\u0131 sayesinde, bu t\u0131ra\u015f makinesi, sakallar\u0131n\u0131za istedi\u011finiz \u015fekli vermenize olanak tan\u0131r. Y\u00fcz t\u0131ra\u015f\u0131 yaparken, hassas cilt tiplerine zarar vermeden nazik bir \u015fekilde i\u015flem yapabilirsiniz. Yanak t\u0131ra\u015f makinesi ise \u00f6zel ince b\u0131\u00e7aklar\u0131yla yana\u011f\u0131n\u0131zdaki ince t\u00fcylerin al\u0131nmas\u0131n\u0131 kolayla\u015ft\u0131r\u0131r. Bu t\u0131ra\u015f makinesi, erkek cilt tiplerine ve sa\u00e7 tiplerine \u00f6zel tasar\u0131m\u0131 ile her t\u00fcrl\u00fc&#8230;<\/p>\n","protected":false},"featured_media":119248,"comment_status":"open","ping_status":"closed","template":"","meta":{"_kad_post_transparent":"","_kad_post_title":"","_kad_post_layout":"","_kad_post_sidebar_id":"","_kad_post_content_style":"","_kad_post_vertical_padding":"","_kad_post_feature":"","_kad_post_feature_position":"","_kad_post_header":false,"_kad_post_footer":false,"_kad_post_classname":""},"product_brand":[],"product_cat":[14925],"product_tag":[],"class_list":{"0":"post-119249","1":"product","2":"type-product","3":"status-publish","4":"has-post-thumbnail","6":"product_cat-tiras-makinesi-tiras-makinesi","8":"first","9":"instock","10":"purchasable","11":"product-type-simple","12":"entry","13":"content-bg","14":"loop-entry"},"_links":{"self":[{"href":"https:\/\/www.hediyepazar.com\/index.php?rest_route=\/wp\/v2\/product\/119249","targetHints":{"allow":["GET"]}}],"collection":[{"href":"https:\/\/www.hediyepazar.com\/index.php?rest_route=\/wp\/v2\/product"}],"about":[{"href":"https:\/\/www.hediyepazar.com\/index.php?rest_route=\/wp\/v2\/types\/product"}],"replies":[{"embeddable":true,"href":"https:\/\/www.hediyepazar.com\/index.php?rest_route=%2Fwp%2Fv2%2Fcomments&post=119249"}],"wp:featuredmedia":[{"embeddable":true,"href":"https:\/\/www.hediyepazar.com\/index.php?rest_route=\/wp\/v2\/media\/119248"}],"wp:attachment":[{"href":"https:\/\/www.hediyepazar.com\/index.php?rest_route=%2Fwp%2Fv2%2Fmedia&parent=119249"}],"wp:term":[{"taxonomy":"product_brand","embeddable":true,"href":"https:\/\/www.hediyepazar.com\/index.php?rest_route=%2Fwp%2Fv2%2Fproduct_brand&post=119249"},{"taxonomy":"product_cat","embeddable":true,"href":"https:\/\/www.hediyepazar.com\/index.php?rest_route=%2Fwp%2Fv2%2Fproduct_cat&post=119249"},{"taxonomy":"product_tag","embeddable":true,"href":"https:\/\/www.hediyepazar.com\/index.php?rest_route=%2Fwp%2Fv2%2Fproduct_tag&post=119249"}],"curies":[{"name":"wp","href":"https:\/\/api.w.org\/{rel}","templated":true}]}}