{"id":119253,"date":"2026-05-06T00:47:23","date_gmt":"2026-05-06T03:47:23","guid":{"rendered":"https:\/\/www.hediyepazar.com\/?product=tiras-makinesi-sinek-kaydi-tiras-yuksek-kaliteli-profesyonel-makine-2"},"modified":"2026-05-06T00:47:23","modified_gmt":"2026-05-06T03:47:23","slug":"tiras-makinesi-sinek-kaydi-tiras-yuksek-kaliteli-profesyonel-makine-2","status":"publish","type":"product","link":"https:\/\/www.hediyepazar.com\/?product=tiras-makinesi-sinek-kaydi-tiras-yuksek-kaliteli-profesyonel-makine-2","title":{"rendered":"T\u0131ra\u015f Makinesi Sinek Kayd\u0131 T\u0131ra\u015f Y\u00fcksek Kaliteli Profesyonel Makine"},"content":{"rendered":"<p>Kablosuz sakal ve sa\u00e7 t\u0131ra\u015f makinesi, 30 dakika \u00e7al\u0131\u015fma s\u00fcresi ile m\u00fckemmel bir kullan\u0131m s\u00fcresi sunar ve g\u00fc\u00e7l\u00fc motoru sayesinde kesintisiz bir t\u0131ra\u015f deneyimi sa\u011flar. Tam \u015farj olduktan sonra, 480 dakika tam \u015farj s\u00fcresi ile uzun s\u00fcreli kullan\u0131ma uygundur. Sinekkayd\u0131 t\u0131ra\u015f i\u00e7in tasarlanm\u0131\u015f olan T ba\u015fl\u0131k teknolojisi, s\u0131f\u0131ra yak\u0131n bir t\u0131ra\u015f yaparak p\u00fcr\u00fczs\u00fcz bir g\u00f6r\u00fcn\u00fcm elde etmenizi sa\u011flar. \u00d6zellikle detayl\u0131 t\u0131ra\u015flarda ideal sonu\u00e7lar verir ve her seferinde m\u00fckemmel bir kesim sunar.<\/p>\n","protected":false},"excerpt":{"rendered":"<p>Kablosuz sakal ve sa\u00e7 t\u0131ra\u015f makinesi, 30 dakika \u00e7al\u0131\u015fma s\u00fcresi ile m\u00fckemmel bir kullan\u0131m s\u00fcresi sunar ve g\u00fc\u00e7l\u00fc motoru sayesinde kesintisiz bir t\u0131ra\u015f deneyimi sa\u011flar. Tam \u015farj olduktan sonra, 480 dakika tam \u015farj s\u00fcresi ile uzun s\u00fcreli kullan\u0131ma uygundur. Sinekkayd\u0131 t\u0131ra\u015f i\u00e7in tasarlanm\u0131\u015f olan T ba\u015fl\u0131k teknolojisi, s\u0131f\u0131ra yak\u0131n bir t\u0131ra\u015f yaparak p\u00fcr\u00fczs\u00fcz bir g\u00f6r\u00fcn\u00fcm&#8230;<\/p>\n","protected":false},"featured_media":119252,"comment_status":"open","ping_status":"closed","template":"","meta":{"_kad_post_transparent":"","_kad_post_title":"","_kad_post_layout":"","_kad_post_sidebar_id":"","_kad_post_content_style":"","_kad_post_vertical_padding":"","_kad_post_feature":"","_kad_post_feature_position":"","_kad_post_header":false,"_kad_post_footer":false,"_kad_post_classname":""},"product_brand":[],"product_cat":[14925],"product_tag":[],"class_list":{"0":"post-119253","1":"product","2":"type-product","3":"status-publish","4":"has-post-thumbnail","6":"product_cat-tiras-makinesi-tiras-makinesi","8":"first","9":"instock","10":"purchasable","11":"product-type-simple","12":"entry","13":"content-bg","14":"loop-entry"},"_links":{"self":[{"href":"https:\/\/www.hediyepazar.com\/index.php?rest_route=\/wp\/v2\/product\/119253","targetHints":{"allow":["GET"]}}],"collection":[{"href":"https:\/\/www.hediyepazar.com\/index.php?rest_route=\/wp\/v2\/product"}],"about":[{"href":"https:\/\/www.hediyepazar.com\/index.php?rest_route=\/wp\/v2\/types\/product"}],"replies":[{"embeddable":true,"href":"https:\/\/www.hediyepazar.com\/index.php?rest_route=%2Fwp%2Fv2%2Fcomments&post=119253"}],"wp:featuredmedia":[{"embeddable":true,"href":"https:\/\/www.hediyepazar.com\/index.php?rest_route=\/wp\/v2\/media\/119252"}],"wp:attachment":[{"href":"https:\/\/www.hediyepazar.com\/index.php?rest_route=%2Fwp%2Fv2%2Fmedia&parent=119253"}],"wp:term":[{"taxonomy":"product_brand","embeddable":true,"href":"https:\/\/www.hediyepazar.com\/index.php?rest_route=%2Fwp%2Fv2%2Fproduct_brand&post=119253"},{"taxonomy":"product_cat","embeddable":true,"href":"https:\/\/www.hediyepazar.com\/index.php?rest_route=%2Fwp%2Fv2%2Fproduct_cat&post=119253"},{"taxonomy":"product_tag","embeddable":true,"href":"https:\/\/www.hediyepazar.com\/index.php?rest_route=%2Fwp%2Fv2%2Fproduct_tag&post=119253"}],"curies":[{"name":"wp","href":"https:\/\/api.w.org\/{rel}","templated":true}]}}