{"id":119265,"date":"2026-05-06T00:50:56","date_gmt":"2026-05-06T03:50:56","guid":{"rendered":"https:\/\/www.hediyepazar.com\/?product=kulak-ustu-bluetooth-kulaklik-yuksek-ses-kaliteli-ayarlanabilir-2"},"modified":"2026-05-06T00:50:56","modified_gmt":"2026-05-06T03:50:56","slug":"kulak-ustu-bluetooth-kulaklik-yuksek-ses-kaliteli-ayarlanabilir-2","status":"publish","type":"product","link":"https:\/\/www.hediyepazar.com\/?product=kulak-ustu-bluetooth-kulaklik-yuksek-ses-kaliteli-ayarlanabilir-2","title":{"rendered":"Kulak \u00dcst\u00fc Bluetooth Kulakl\u0131k Y\u00fcksek Ses Kaliteli Ayarlanabilir"},"content":{"rendered":"<p>Bu Bluetooth kulakl\u0131k, m\u00fczik dinlerken ve telefon g\u00f6r\u00fc\u015fmeleri yaparken y\u00fcksek kaliteli ses deneyimi sunar. Aktif G\u00fcr\u00fclt\u00fc \u00d6nleme (ANC) \u00f6zelli\u011fi bulunmuyor, bu sayede d\u0131\u015f d\u00fcnyadan gelen seslere dikkat etmeksizin m\u00fczik keyfini s\u00fcrd\u00fcrebilir ve \u00e7evrenizle etkile\u015fimi koruyabilirsiniz. \u00c7in men\u015feli olan bu kulakl\u0131k, kalite ve dayan\u0131kl\u0131l\u0131\u011f\u0131yla \u00f6ne \u00e7\u0131karak uzun s\u00fcreli kullan\u0131mda y\u00fcksek performans sergiler. 2 y\u0131l garanti s\u00fcresi ile g\u00fcvenle kullanabilece\u011finiz bir \u00fcr\u00fcn olarak, dayan\u0131kl\u0131l\u0131k ve g\u00fcvenlik a\u00e7\u0131s\u0131ndan kullan\u0131c\u0131lar\u0131n\u0131 tatmin eder.<\/p>\n","protected":false},"excerpt":{"rendered":"<p>Bu Bluetooth kulakl\u0131k, m\u00fczik dinlerken ve telefon g\u00f6r\u00fc\u015fmeleri yaparken y\u00fcksek kaliteli ses deneyimi sunar. Aktif G\u00fcr\u00fclt\u00fc \u00d6nleme (ANC) \u00f6zelli\u011fi bulunmuyor, bu sayede d\u0131\u015f d\u00fcnyadan gelen seslere dikkat etmeksizin m\u00fczik keyfini s\u00fcrd\u00fcrebilir ve \u00e7evrenizle etkile\u015fimi koruyabilirsiniz. \u00c7in men\u015feli olan bu kulakl\u0131k, kalite ve dayan\u0131kl\u0131l\u0131\u011f\u0131yla \u00f6ne \u00e7\u0131karak uzun s\u00fcreli kullan\u0131mda y\u00fcksek performans sergiler. 2 y\u0131l garanti s\u00fcresi&#8230;<\/p>\n","protected":false},"featured_media":119264,"comment_status":"open","ping_status":"closed","template":"","meta":{"_kad_post_transparent":"","_kad_post_title":"","_kad_post_layout":"","_kad_post_sidebar_id":"","_kad_post_content_style":"","_kad_post_vertical_padding":"","_kad_post_feature":"","_kad_post_feature_position":"","_kad_post_header":false,"_kad_post_footer":false,"_kad_post_classname":""},"product_brand":[],"product_cat":[14957],"product_tag":[],"class_list":{"0":"post-119265","1":"product","2":"type-product","3":"status-publish","4":"has-post-thumbnail","6":"product_cat-kablosuz-kulaklik-kablosuz-kulaklik","8":"first","9":"instock","10":"purchasable","11":"product-type-simple","12":"entry","13":"content-bg","14":"loop-entry"},"_links":{"self":[{"href":"https:\/\/www.hediyepazar.com\/index.php?rest_route=\/wp\/v2\/product\/119265","targetHints":{"allow":["GET"]}}],"collection":[{"href":"https:\/\/www.hediyepazar.com\/index.php?rest_route=\/wp\/v2\/product"}],"about":[{"href":"https:\/\/www.hediyepazar.com\/index.php?rest_route=\/wp\/v2\/types\/product"}],"replies":[{"embeddable":true,"href":"https:\/\/www.hediyepazar.com\/index.php?rest_route=%2Fwp%2Fv2%2Fcomments&post=119265"}],"wp:featuredmedia":[{"embeddable":true,"href":"https:\/\/www.hediyepazar.com\/index.php?rest_route=\/wp\/v2\/media\/119264"}],"wp:attachment":[{"href":"https:\/\/www.hediyepazar.com\/index.php?rest_route=%2Fwp%2Fv2%2Fmedia&parent=119265"}],"wp:term":[{"taxonomy":"product_brand","embeddable":true,"href":"https:\/\/www.hediyepazar.com\/index.php?rest_route=%2Fwp%2Fv2%2Fproduct_brand&post=119265"},{"taxonomy":"product_cat","embeddable":true,"href":"https:\/\/www.hediyepazar.com\/index.php?rest_route=%2Fwp%2Fv2%2Fproduct_cat&post=119265"},{"taxonomy":"product_tag","embeddable":true,"href":"https:\/\/www.hediyepazar.com\/index.php?rest_route=%2Fwp%2Fv2%2Fproduct_tag&post=119265"}],"curies":[{"name":"wp","href":"https:\/\/api.w.org\/{rel}","templated":true}]}}