{"id":119299,"date":"2026-05-06T00:53:13","date_gmt":"2026-05-06T03:53:13","guid":{"rendered":"https:\/\/www.hediyepazar.com\/?product=sixpad"},"modified":"2026-05-06T00:53:13","modified_gmt":"2026-05-06T03:53:13","slug":"sixpad","status":"publish","type":"product","link":"https:\/\/www.hediyepazar.com\/?product=sixpad","title":{"rendered":"S\u0130XPAD"},"content":{"rendered":"<p>\u00c7al\u0131\u015ft\u0131r\u0131lmas\u0131 kolayd\u0131r, 6 farkl\u0131 modda kullan\u0131labilir. Yap\u0131\u015fkan jel pedleri ve v\u00fccudunuzda kullanmak istedi\u011finiz b\u00f6lgeyi daima temizleyin. Pedleri \u00e7ekerek vinil kapa\u011f\u0131ndan \u00e7\u0131kar\u0131n. Kanat \u015feklinde pedleri v\u00fccudunuzda istedi\u011finiz yere yap\u0131\u015ft\u0131r\u0131n. Cihaz\u0131 \u00e7al\u0131\u015ft\u0131rmak i\u00e7in \u00e7al\u0131\u015fma modunu ve \u00e7\u0131k\u0131\u015f seviyesini ayarlay\u0131n. \u00c7al\u0131\u015fma s\u00fcresi Her bir se\u00e7enek i\u00e7in 12 dakikad\u0131r. Sixpad abs v\u00fccut geli\u015ftirici elektronik kemer paket i\u00e7eri\u011fi 1 adet g\u00f6bek pedi ve kumandas\u0131 2 kol pedi ve kumandalar\u0131 Sixpad abs v\u00fccut geli\u015ftirici elektronik kemer a\u00e7\u0131klamas\u0131 Sixpad abs v\u00fccut geli\u015ftirici elektronik kemer, 6 farkl\u0131 modda kullanabilece\u011finiz muhte\u015fem tasar\u0131md\u0131r. Hem kollar i\u00e7in hem de g\u00f6bek kaslar\u0131n\u0131z i\u00e7in tasarlanm\u0131\u015f bu \u00fcr\u00fcn\u00fc istedi\u011finiz modda kullanabilirsiniz. Tasarruflu \u00e7al\u0131\u015f\u0131r,kullan\u0131lmad\u0131\u011f\u0131nda otomatik kapanma sistemine sahiptir<\/p>\n","protected":false},"excerpt":{"rendered":"<p>\u00c7al\u0131\u015ft\u0131r\u0131lmas\u0131 kolayd\u0131r, 6 farkl\u0131 modda kullan\u0131labilir. Yap\u0131\u015fkan jel pedleri ve v\u00fccudunuzda kullanmak istedi\u011finiz b\u00f6lgeyi daima temizleyin. Pedleri \u00e7ekerek vinil kapa\u011f\u0131ndan \u00e7\u0131kar\u0131n. Kanat \u015feklinde pedleri v\u00fccudunuzda istedi\u011finiz yere yap\u0131\u015ft\u0131r\u0131n. Cihaz\u0131 \u00e7al\u0131\u015ft\u0131rmak i\u00e7in \u00e7al\u0131\u015fma modunu ve \u00e7\u0131k\u0131\u015f seviyesini ayarlay\u0131n. \u00c7al\u0131\u015fma s\u00fcresi Her bir se\u00e7enek i\u00e7in 12 dakikad\u0131r. Sixpad abs v\u00fccut geli\u015ftirici elektronik kemer paket i\u00e7eri\u011fi 1 adet&#8230;<\/p>\n","protected":false},"featured_media":119298,"comment_status":"open","ping_status":"closed","template":"","meta":{"_kad_post_transparent":"","_kad_post_title":"","_kad_post_layout":"","_kad_post_sidebar_id":"","_kad_post_content_style":"","_kad_post_vertical_padding":"","_kad_post_feature":"","_kad_post_feature_position":"","_kad_post_header":false,"_kad_post_footer":false,"_kad_post_classname":""},"product_brand":[],"product_cat":[14939],"product_tag":[],"class_list":{"0":"post-119299","1":"product","2":"type-product","3":"status-publish","4":"has-post-thumbnail","6":"product_cat-masaj-cihazi-masaj-cihazi","8":"first","9":"instock","10":"purchasable","11":"product-type-simple","12":"entry","13":"content-bg","14":"loop-entry"},"_links":{"self":[{"href":"https:\/\/www.hediyepazar.com\/index.php?rest_route=\/wp\/v2\/product\/119299","targetHints":{"allow":["GET"]}}],"collection":[{"href":"https:\/\/www.hediyepazar.com\/index.php?rest_route=\/wp\/v2\/product"}],"about":[{"href":"https:\/\/www.hediyepazar.com\/index.php?rest_route=\/wp\/v2\/types\/product"}],"replies":[{"embeddable":true,"href":"https:\/\/www.hediyepazar.com\/index.php?rest_route=%2Fwp%2Fv2%2Fcomments&post=119299"}],"wp:featuredmedia":[{"embeddable":true,"href":"https:\/\/www.hediyepazar.com\/index.php?rest_route=\/wp\/v2\/media\/119298"}],"wp:attachment":[{"href":"https:\/\/www.hediyepazar.com\/index.php?rest_route=%2Fwp%2Fv2%2Fmedia&parent=119299"}],"wp:term":[{"taxonomy":"product_brand","embeddable":true,"href":"https:\/\/www.hediyepazar.com\/index.php?rest_route=%2Fwp%2Fv2%2Fproduct_brand&post=119299"},{"taxonomy":"product_cat","embeddable":true,"href":"https:\/\/www.hediyepazar.com\/index.php?rest_route=%2Fwp%2Fv2%2Fproduct_cat&post=119299"},{"taxonomy":"product_tag","embeddable":true,"href":"https:\/\/www.hediyepazar.com\/index.php?rest_route=%2Fwp%2Fv2%2Fproduct_tag&post=119299"}],"curies":[{"name":"wp","href":"https:\/\/api.w.org\/{rel}","templated":true}]}}