{"id":119319,"date":"2026-05-06T00:55:36","date_gmt":"2026-05-06T03:55:36","guid":{"rendered":"https:\/\/www.hediyepazar.com\/?product=yeni-nesil-bluetooth-kulaklik-cagri-cevaplayabilen-dijital-gostergeli-powerbankli-2"},"modified":"2026-05-06T00:55:36","modified_gmt":"2026-05-06T03:55:36","slug":"yeni-nesil-bluetooth-kulaklik-cagri-cevaplayabilen-dijital-gostergeli-powerbankli-2","status":"publish","type":"product","link":"https:\/\/www.hediyepazar.com\/?product=yeni-nesil-bluetooth-kulaklik-cagri-cevaplayabilen-dijital-gostergeli-powerbankli-2","title":{"rendered":"Yeni Nesil Bluetooth Kulakl\u0131k \u00c7a\u011fr\u0131 Cevaplayabilen Dijital G\u00f6stergeli Powerbankli"},"content":{"rendered":"<p>Kulakl\u0131\u011f\u0131n en dikkat \u00e7eken \u00f6zelliklerinden biri ise Aktif G\u00fcr\u00fclt\u00fc \u00d6nleme (ANC) teknolojisidir. Bu \u00f6zellik, d\u0131\u015f ortam seslerini minimum seviyeye indirerek tamamen m\u00fczi\u011finize veya telefon g\u00f6r\u00fc\u015fmelerinize odaklanman\u0131za yard\u0131mc\u0131 olur. G\u00fcr\u00fclt\u00fcl\u00fc bir ortamda bile net bir \u015fekilde m\u00fczik dinleyebilir veya telefon g\u00f6r\u00fc\u015fmeleri yapabilirsiniz. T\u00fcm bu geli\u015fmi\u015f \u00f6zellikleriyle, bu kablosuz kulakl\u0131k size hem konfor hem de y\u00fcksek ses kalitesi sunarak g\u00fcnl\u00fck ya\u015fam\u0131n\u0131z\u0131 daha pratik ve keyifli hale getirir.<\/p>\n","protected":false},"excerpt":{"rendered":"<p>Kulakl\u0131\u011f\u0131n en dikkat \u00e7eken \u00f6zelliklerinden biri ise Aktif G\u00fcr\u00fclt\u00fc \u00d6nleme (ANC) teknolojisidir. Bu \u00f6zellik, d\u0131\u015f ortam seslerini minimum seviyeye indirerek tamamen m\u00fczi\u011finize veya telefon g\u00f6r\u00fc\u015fmelerinize odaklanman\u0131za yard\u0131mc\u0131 olur. G\u00fcr\u00fclt\u00fcl\u00fc bir ortamda bile net bir \u015fekilde m\u00fczik dinleyebilir veya telefon g\u00f6r\u00fc\u015fmeleri yapabilirsiniz. T\u00fcm bu geli\u015fmi\u015f \u00f6zellikleriyle, bu kablosuz kulakl\u0131k size hem konfor hem de y\u00fcksek ses&#8230;<\/p>\n","protected":false},"featured_media":119318,"comment_status":"open","ping_status":"closed","template":"","meta":{"_kad_post_transparent":"","_kad_post_title":"","_kad_post_layout":"","_kad_post_sidebar_id":"","_kad_post_content_style":"","_kad_post_vertical_padding":"","_kad_post_feature":"","_kad_post_feature_position":"","_kad_post_header":false,"_kad_post_footer":false,"_kad_post_classname":""},"product_brand":[],"product_cat":[14957],"product_tag":[],"class_list":{"0":"post-119319","1":"product","2":"type-product","3":"status-publish","4":"has-post-thumbnail","6":"product_cat-kablosuz-kulaklik-kablosuz-kulaklik","8":"first","9":"instock","10":"purchasable","11":"product-type-simple","12":"entry","13":"content-bg","14":"loop-entry"},"_links":{"self":[{"href":"https:\/\/www.hediyepazar.com\/index.php?rest_route=\/wp\/v2\/product\/119319","targetHints":{"allow":["GET"]}}],"collection":[{"href":"https:\/\/www.hediyepazar.com\/index.php?rest_route=\/wp\/v2\/product"}],"about":[{"href":"https:\/\/www.hediyepazar.com\/index.php?rest_route=\/wp\/v2\/types\/product"}],"replies":[{"embeddable":true,"href":"https:\/\/www.hediyepazar.com\/index.php?rest_route=%2Fwp%2Fv2%2Fcomments&post=119319"}],"wp:featuredmedia":[{"embeddable":true,"href":"https:\/\/www.hediyepazar.com\/index.php?rest_route=\/wp\/v2\/media\/119318"}],"wp:attachment":[{"href":"https:\/\/www.hediyepazar.com\/index.php?rest_route=%2Fwp%2Fv2%2Fmedia&parent=119319"}],"wp:term":[{"taxonomy":"product_brand","embeddable":true,"href":"https:\/\/www.hediyepazar.com\/index.php?rest_route=%2Fwp%2Fv2%2Fproduct_brand&post=119319"},{"taxonomy":"product_cat","embeddable":true,"href":"https:\/\/www.hediyepazar.com\/index.php?rest_route=%2Fwp%2Fv2%2Fproduct_cat&post=119319"},{"taxonomy":"product_tag","embeddable":true,"href":"https:\/\/www.hediyepazar.com\/index.php?rest_route=%2Fwp%2Fv2%2Fproduct_tag&post=119319"}],"curies":[{"name":"wp","href":"https:\/\/api.w.org\/{rel}","templated":true}]}}