{"id":119345,"date":"2026-05-06T00:58:14","date_gmt":"2026-05-06T03:58:14","guid":{"rendered":"https:\/\/www.hediyepazar.com\/?product=yeni-nesil-cift-mikrofonlu-dokunmatik-kablosuz-bluetooth-kulaklik-2"},"modified":"2026-05-06T00:58:14","modified_gmt":"2026-05-06T03:58:14","slug":"yeni-nesil-cift-mikrofonlu-dokunmatik-kablosuz-bluetooth-kulaklik-2","status":"publish","type":"product","link":"https:\/\/www.hediyepazar.com\/?product=yeni-nesil-cift-mikrofonlu-dokunmatik-kablosuz-bluetooth-kulaklik-2","title":{"rendered":"Yeni Nesil \u00c7ift Mikrofonlu Dokunmatik Kablosuz Bluetooth Kulakl\u0131k"},"content":{"rendered":"<p>Bluetooth 5.1 teknolojisi ile donat\u0131lan bu kulakl\u0131k, h\u0131zl\u0131 ve stabil bir ba\u011flant\u0131 sunarak kesintisiz bir m\u00fczik ve g\u00f6r\u00fc\u015fme deneyimi ya\u015faman\u0131za olanak tan\u0131r. Daha geni\u015f ba\u011flant\u0131 menzili sayesinde cihaz\u0131n\u0131za uzaktan ba\u011flanabilir ve sinyal kopmalar\u0131 ya\u015famadan y\u00fcksek kaliteli ses ak\u0131\u015f\u0131 elde edebilirsiniz. \u00c7ift telefon deste\u011fi sayesinde iki farkl\u0131 cihaza ayn\u0131 anda ba\u011flanabilir ve i\u015f ile ki\u015fisel kullan\u0131m aras\u0131nda kolayca ge\u00e7i\u015f yapabilirsiniz. Dahili dokunmatik kontrol paneli, m\u00fczik \u00e7alma, durdurma, ses seviyesini ayarlama ve \u00e7a\u011fr\u0131lar\u0131 y\u00f6netme gibi i\u015flevleri parmak hareketlerinizle kolayca ger\u00e7ekle\u015ftirmenize imkan tan\u0131r. Bu sayede telefonunuza uzanmadan t\u00fcm kontrolleri pratik bir \u015fekilde yapabilirsiniz.<\/p>\n","protected":false},"excerpt":{"rendered":"<p>Bluetooth 5.1 teknolojisi ile donat\u0131lan bu kulakl\u0131k, h\u0131zl\u0131 ve stabil bir ba\u011flant\u0131 sunarak kesintisiz bir m\u00fczik ve g\u00f6r\u00fc\u015fme deneyimi ya\u015faman\u0131za olanak tan\u0131r. Daha geni\u015f ba\u011flant\u0131 menzili sayesinde cihaz\u0131n\u0131za uzaktan ba\u011flanabilir ve sinyal kopmalar\u0131 ya\u015famadan y\u00fcksek kaliteli ses ak\u0131\u015f\u0131 elde edebilirsiniz. \u00c7ift telefon deste\u011fi sayesinde iki farkl\u0131 cihaza ayn\u0131 anda ba\u011flanabilir ve i\u015f ile ki\u015fisel kullan\u0131m&#8230;<\/p>\n","protected":false},"featured_media":119344,"comment_status":"open","ping_status":"closed","template":"","meta":{"_kad_post_transparent":"","_kad_post_title":"","_kad_post_layout":"","_kad_post_sidebar_id":"","_kad_post_content_style":"","_kad_post_vertical_padding":"","_kad_post_feature":"","_kad_post_feature_position":"","_kad_post_header":false,"_kad_post_footer":false,"_kad_post_classname":""},"product_brand":[],"product_cat":[14957],"product_tag":[],"class_list":{"0":"post-119345","1":"product","2":"type-product","3":"status-publish","4":"has-post-thumbnail","6":"product_cat-kablosuz-kulaklik-kablosuz-kulaklik","8":"first","9":"instock","10":"purchasable","11":"product-type-simple","12":"entry","13":"content-bg","14":"loop-entry"},"_links":{"self":[{"href":"https:\/\/www.hediyepazar.com\/index.php?rest_route=\/wp\/v2\/product\/119345","targetHints":{"allow":["GET"]}}],"collection":[{"href":"https:\/\/www.hediyepazar.com\/index.php?rest_route=\/wp\/v2\/product"}],"about":[{"href":"https:\/\/www.hediyepazar.com\/index.php?rest_route=\/wp\/v2\/types\/product"}],"replies":[{"embeddable":true,"href":"https:\/\/www.hediyepazar.com\/index.php?rest_route=%2Fwp%2Fv2%2Fcomments&post=119345"}],"wp:featuredmedia":[{"embeddable":true,"href":"https:\/\/www.hediyepazar.com\/index.php?rest_route=\/wp\/v2\/media\/119344"}],"wp:attachment":[{"href":"https:\/\/www.hediyepazar.com\/index.php?rest_route=%2Fwp%2Fv2%2Fmedia&parent=119345"}],"wp:term":[{"taxonomy":"product_brand","embeddable":true,"href":"https:\/\/www.hediyepazar.com\/index.php?rest_route=%2Fwp%2Fv2%2Fproduct_brand&post=119345"},{"taxonomy":"product_cat","embeddable":true,"href":"https:\/\/www.hediyepazar.com\/index.php?rest_route=%2Fwp%2Fv2%2Fproduct_cat&post=119345"},{"taxonomy":"product_tag","embeddable":true,"href":"https:\/\/www.hediyepazar.com\/index.php?rest_route=%2Fwp%2Fv2%2Fproduct_tag&post=119345"}],"curies":[{"name":"wp","href":"https:\/\/api.w.org\/{rel}","templated":true}]}}