{"id":119369,"date":"2026-05-06T01:00:58","date_gmt":"2026-05-06T04:00:58","guid":{"rendered":"https:\/\/www.hediyepazar.com\/?product=tasinabilir-projeksiyon-ayakli-projektor-android-uyumlu-hdmi-girisli-2"},"modified":"2026-05-06T01:00:58","modified_gmt":"2026-05-06T04:00:58","slug":"tasinabilir-projeksiyon-ayakli-projektor-android-uyumlu-hdmi-girisli-2","status":"publish","type":"product","link":"https:\/\/www.hediyepazar.com\/?product=tasinabilir-projeksiyon-ayakli-projektor-android-uyumlu-hdmi-girisli-2","title":{"rendered":"Ta\u015f\u0131nabilir Projeksiyon Ayakl\u0131 Projekt\u00f6r Android Uyumlu HDMI Giri\u015fli"},"content":{"rendered":"<p>Ta\u015f\u0131nabilir Ak\u0131ll\u0131 Projekt\u00f6r \u2013 Sinema Keyfini Yan\u0131n\u0131zda Ta\u015f\u0131y\u0131n!Dahili Android 11.0 i\u015fletim sistemi sayesinde Netflix, YouTube ve di\u011fer platformlara do\u011frudan eri\u015fim imkan\u0131 sunar. 120 ANSI l\u00fcmen parlakl\u0131k ve 720P do\u011fal \u00e7\u00f6z\u00fcn\u00fcrl\u00fck ile net ve canl\u0131 g\u00f6r\u00fcnt\u00fcler elde edebilirsiniz. Kompakt ve hafif tasar\u0131m\u0131 sayesinde evde, i\u015fte veya d\u0131\u015f mekanda rahat\u00e7a kullan\u0131labilir. 40-130 in\u00e7 aras\u0131nda ayarlanabilir ekran boyutu ile sinema deneyiminizi ki\u015fiselle\u015ftirin. Otomatik keystone d\u00fczeltme sayesinde a\u00e7\u0131y\u0131 dert etmeden kusursuz bir g\u00f6r\u00fcnt\u00fc elde edin. HDMI, USB, Wi-Fi ve ses \u00e7\u0131k\u0131\u015f\u0131 ba\u011flant\u0131lar\u0131 sayesinde \u00e7e\u015fitli cihazlarla kolayca entegre edilebilir. Dahili 3W hoparl\u00f6r\u00fc ile ekstra ses sistemine ihtiya\u00e7 duymadan y\u00fcksek ses kalitesi sunar. Ev sinemas\u0131, sunumlar, oyun ve e\u011fitim gibi farkl\u0131 alanlarda kullan\u0131m i\u00e7in idealdir.<\/p>\n","protected":false},"excerpt":{"rendered":"<p>Ta\u015f\u0131nabilir Ak\u0131ll\u0131 Projekt\u00f6r \u2013 Sinema Keyfini Yan\u0131n\u0131zda Ta\u015f\u0131y\u0131n!Dahili Android 11.0 i\u015fletim sistemi sayesinde Netflix, YouTube ve di\u011fer platformlara do\u011frudan eri\u015fim imkan\u0131 sunar. 120 ANSI l\u00fcmen parlakl\u0131k ve 720P do\u011fal \u00e7\u00f6z\u00fcn\u00fcrl\u00fck ile net ve canl\u0131 g\u00f6r\u00fcnt\u00fcler elde edebilirsiniz. Kompakt ve hafif tasar\u0131m\u0131 sayesinde evde, i\u015fte veya d\u0131\u015f mekanda rahat\u00e7a kullan\u0131labilir. 40-130 in\u00e7 aras\u0131nda ayarlanabilir ekran boyutu&#8230;<\/p>\n","protected":false},"featured_media":119368,"comment_status":"open","ping_status":"closed","template":"","meta":{"_kad_post_transparent":"","_kad_post_title":"","_kad_post_layout":"","_kad_post_sidebar_id":"","_kad_post_content_style":"","_kad_post_vertical_padding":"","_kad_post_feature":"","_kad_post_feature_position":"","_kad_post_header":false,"_kad_post_footer":false,"_kad_post_classname":""},"product_brand":[],"product_cat":[14905],"product_tag":[],"class_list":{"0":"post-119369","1":"product","2":"type-product","3":"status-publish","4":"has-post-thumbnail","6":"product_cat-projeksiyon-projeksiyon","8":"first","9":"instock","10":"purchasable","11":"product-type-simple","12":"entry","13":"content-bg","14":"loop-entry"},"_links":{"self":[{"href":"https:\/\/www.hediyepazar.com\/index.php?rest_route=\/wp\/v2\/product\/119369","targetHints":{"allow":["GET"]}}],"collection":[{"href":"https:\/\/www.hediyepazar.com\/index.php?rest_route=\/wp\/v2\/product"}],"about":[{"href":"https:\/\/www.hediyepazar.com\/index.php?rest_route=\/wp\/v2\/types\/product"}],"replies":[{"embeddable":true,"href":"https:\/\/www.hediyepazar.com\/index.php?rest_route=%2Fwp%2Fv2%2Fcomments&post=119369"}],"wp:featuredmedia":[{"embeddable":true,"href":"https:\/\/www.hediyepazar.com\/index.php?rest_route=\/wp\/v2\/media\/119368"}],"wp:attachment":[{"href":"https:\/\/www.hediyepazar.com\/index.php?rest_route=%2Fwp%2Fv2%2Fmedia&parent=119369"}],"wp:term":[{"taxonomy":"product_brand","embeddable":true,"href":"https:\/\/www.hediyepazar.com\/index.php?rest_route=%2Fwp%2Fv2%2Fproduct_brand&post=119369"},{"taxonomy":"product_cat","embeddable":true,"href":"https:\/\/www.hediyepazar.com\/index.php?rest_route=%2Fwp%2Fv2%2Fproduct_cat&post=119369"},{"taxonomy":"product_tag","embeddable":true,"href":"https:\/\/www.hediyepazar.com\/index.php?rest_route=%2Fwp%2Fv2%2Fproduct_tag&post=119369"}],"curies":[{"name":"wp","href":"https:\/\/api.w.org\/{rel}","templated":true}]}}