{"id":119401,"date":"2026-05-06T01:05:32","date_gmt":"2026-05-06T04:05:32","guid":{"rendered":"https:\/\/www.hediyepazar.com\/?product=mini-duzlestirici-seramik-kaplama-seyahat-tipi-elektriklenme-karsiti-2"},"modified":"2026-05-06T01:05:32","modified_gmt":"2026-05-06T04:05:32","slug":"mini-duzlestirici-seramik-kaplama-seyahat-tipi-elektriklenme-karsiti-2","status":"publish","type":"product","link":"https:\/\/www.hediyepazar.com\/?product=mini-duzlestirici-seramik-kaplama-seyahat-tipi-elektriklenme-karsiti-2","title":{"rendered":"Mini D\u00fczle\u015ftirici Seramik Kaplama Seyahat Tipi Elektriklenme Kar\u015f\u0131t\u0131"},"content":{"rendered":"<p>Bu y\u00fcksek performansl\u0131 sa\u00e7 d\u00fczle\u015ftirici, maksimum 200\u00b0C s\u0131cakl\u0131\u011fa saniyeler i\u00e7inde ula\u015fabilen PTC \u0131s\u0131tma teknolojisi sayesinde h\u0131zl\u0131 ve etkili bir \u015fekillendirme deneyimi sunar. An\u0131nda \u0131s\u0131nma, \u0131s\u0131 geri kazan\u0131m\u0131 ve kararl\u0131 \u00e7al\u0131\u015fma \u00f6zellikleri ile sa\u00e7\u0131n\u0131z\u0131 k\u0131sa s\u00fcrede \u015fekillendirirken, g\u00fc\u00e7 \u0131\u015f\u0131\u011f\u0131 ile donat\u0131lm\u0131\u015f basit a\u00e7ma\/kapama d\u00fc\u011fmesi, kullan\u0131m kolayl\u0131\u011f\u0131 sa\u011flar. Y\u00fcksek s\u0131cakl\u0131\u011fa dayan\u0131kl\u0131 ve y\u00fcksek yo\u011funluklu plastik kabuk, g\u00fcvenli kullan\u0131m i\u00e7in tasarlanm\u0131\u015ft\u0131r ve uzun \u00f6m\u00fcrl\u00fc bir performans sunar.<\/p>\n","protected":false},"excerpt":{"rendered":"<p>Bu y\u00fcksek performansl\u0131 sa\u00e7 d\u00fczle\u015ftirici, maksimum 200\u00b0C s\u0131cakl\u0131\u011fa saniyeler i\u00e7inde ula\u015fabilen PTC \u0131s\u0131tma teknolojisi sayesinde h\u0131zl\u0131 ve etkili bir \u015fekillendirme deneyimi sunar. An\u0131nda \u0131s\u0131nma, \u0131s\u0131 geri kazan\u0131m\u0131 ve kararl\u0131 \u00e7al\u0131\u015fma \u00f6zellikleri ile sa\u00e7\u0131n\u0131z\u0131 k\u0131sa s\u00fcrede \u015fekillendirirken, g\u00fc\u00e7 \u0131\u015f\u0131\u011f\u0131 ile donat\u0131lm\u0131\u015f basit a\u00e7ma\/kapama d\u00fc\u011fmesi, kullan\u0131m kolayl\u0131\u011f\u0131 sa\u011flar. Y\u00fcksek s\u0131cakl\u0131\u011fa dayan\u0131kl\u0131 ve y\u00fcksek yo\u011funluklu plastik kabuk, g\u00fcvenli&#8230;<\/p>\n","protected":false},"featured_media":119400,"comment_status":"open","ping_status":"closed","template":"","meta":{"_kad_post_transparent":"","_kad_post_title":"","_kad_post_layout":"","_kad_post_sidebar_id":"","_kad_post_content_style":"","_kad_post_vertical_padding":"","_kad_post_feature":"","_kad_post_feature_position":"","_kad_post_header":false,"_kad_post_footer":false,"_kad_post_classname":""},"product_brand":[],"product_cat":[14907],"product_tag":[],"class_list":{"0":"post-119401","1":"product","2":"type-product","3":"status-publish","4":"has-post-thumbnail","6":"product_cat-sac-masasi-sac-masasi","8":"first","9":"instock","10":"purchasable","11":"product-type-simple","12":"entry","13":"content-bg","14":"loop-entry"},"_links":{"self":[{"href":"https:\/\/www.hediyepazar.com\/index.php?rest_route=\/wp\/v2\/product\/119401","targetHints":{"allow":["GET"]}}],"collection":[{"href":"https:\/\/www.hediyepazar.com\/index.php?rest_route=\/wp\/v2\/product"}],"about":[{"href":"https:\/\/www.hediyepazar.com\/index.php?rest_route=\/wp\/v2\/types\/product"}],"replies":[{"embeddable":true,"href":"https:\/\/www.hediyepazar.com\/index.php?rest_route=%2Fwp%2Fv2%2Fcomments&post=119401"}],"wp:featuredmedia":[{"embeddable":true,"href":"https:\/\/www.hediyepazar.com\/index.php?rest_route=\/wp\/v2\/media\/119400"}],"wp:attachment":[{"href":"https:\/\/www.hediyepazar.com\/index.php?rest_route=%2Fwp%2Fv2%2Fmedia&parent=119401"}],"wp:term":[{"taxonomy":"product_brand","embeddable":true,"href":"https:\/\/www.hediyepazar.com\/index.php?rest_route=%2Fwp%2Fv2%2Fproduct_brand&post=119401"},{"taxonomy":"product_cat","embeddable":true,"href":"https:\/\/www.hediyepazar.com\/index.php?rest_route=%2Fwp%2Fv2%2Fproduct_cat&post=119401"},{"taxonomy":"product_tag","embeddable":true,"href":"https:\/\/www.hediyepazar.com\/index.php?rest_route=%2Fwp%2Fv2%2Fproduct_tag&post=119401"}],"curies":[{"name":"wp","href":"https:\/\/api.w.org\/{rel}","templated":true}]}}