{"id":119439,"date":"2026-05-06T01:10:04","date_gmt":"2026-05-06T04:10:04","guid":{"rendered":"https:\/\/www.hediyepazar.com\/?product=dijital-el-terazisi-hassas-bavul-tartisi-gulen-yuz-tasarimli"},"modified":"2026-05-06T01:10:04","modified_gmt":"2026-05-06T04:10:04","slug":"dijital-el-terazisi-hassas-bavul-tartisi-gulen-yuz-tasarimli","status":"publish","type":"product","link":"https:\/\/www.hediyepazar.com\/?product=dijital-el-terazisi-hassas-bavul-tartisi-gulen-yuz-tasarimli","title":{"rendered":"Dijital El Terazisi \u2013 Hassas Bavul Tart\u0131s\u0131 G\u00fclen Y\u00fcz Tasar\u0131ml\u0131"},"content":{"rendered":"<p>Seyahatlerinizde bagaj kilosu s\u00fcrprizine son!Bu 50 kg kapasiteli dijital el terazisi, bavul, \u00e7anta, kargo ve al\u0131\u015fveri\u015f e\u015fyalar\u0131n\u0131z\u0131 h\u0131zl\u0131 ve do\u011fru \u015fekilde tartmak i\u00e7in m\u00fckemmel bir \u00e7\u00f6z\u00fcmd\u00fcr.Hassas sens\u00f6r teknolojisi, a\u011f\u0131rl\u0131klar\u0131 \u00b10.1 kg hassasiyetle \u00f6l\u00e7er.Dijital ekran\u0131, \u00f6l\u00e7\u00fcm sonucunu net bir \u015fekilde g\u00f6sterir, karanl\u0131kta dahi okunabilir.Ta\u015f\u0131nabilir ve kompakt yap\u0131s\u0131, \u00fcr\u00fcn\u00fc seyahat \u00e7antan\u0131zda veya valizinizde kolayca ta\u015f\u0131man\u0131z\u0131 sa\u011flar.Enerji tasarruflu pil sistemi, uzun s\u00fcreli kullan\u0131m i\u00e7in tasarlanm\u0131\u015ft\u0131r. Kullan\u0131lmad\u0131\u011f\u0131nda otomatik kapanma \u00f6zelli\u011fi pil \u00f6mr\u00fcn\u00fc uzat\u0131r.E\u011flenceli g\u00fclen y\u00fcz tasar\u0131m\u0131, \u00f6l\u00e7\u00fcm s\u00fcrecini keyifli hale getirir.Dayan\u0131kl\u0131 metal kanca ve sa\u011flam ask\u0131 yap\u0131s\u0131 sayesinde bavullar\u0131n\u0131z\u0131 g\u00fcvenle tartabilirsiniz.Hem bireysel kullan\u0131c\u0131lar hem de seyahat edenler, al\u0131\u015fveri\u015f yapanlar veya kargo haz\u0131rlayanlar i\u00e7in ideal bir \u00e7\u00f6z\u00fcmd\u00fcr.Sade, \u015f\u0131k ve ergonomik tasar\u0131m\u0131, kullan\u0131m kolayl\u0131\u011f\u0131n\u0131 \u00f6n planda tutar.Kompakt boyutuna ra\u011fmen y\u00fcksek performans sunan bu cihaz, g\u00fcnl\u00fck hayat\u0131n\u0131z\u0131 kolayla\u015ft\u0131r\u0131r.G\u00fcvenilir, e\u011flenceli ve portatif bir tart\u0131 arayan herkes i\u00e7in m\u00fckemmel se\u00e7im!<\/p>\n","protected":false},"excerpt":{"rendered":"<p>Seyahatlerinizde bagaj kilosu s\u00fcrprizine son!Bu 50 kg kapasiteli dijital el terazisi, bavul, \u00e7anta, kargo ve al\u0131\u015fveri\u015f e\u015fyalar\u0131n\u0131z\u0131 h\u0131zl\u0131 ve do\u011fru \u015fekilde tartmak i\u00e7in m\u00fckemmel bir \u00e7\u00f6z\u00fcmd\u00fcr.Hassas sens\u00f6r teknolojisi, a\u011f\u0131rl\u0131klar\u0131 \u00b10.1 kg hassasiyetle \u00f6l\u00e7er.Dijital ekran\u0131, \u00f6l\u00e7\u00fcm sonucunu net bir \u015fekilde g\u00f6sterir, karanl\u0131kta dahi okunabilir.Ta\u015f\u0131nabilir ve kompakt yap\u0131s\u0131, \u00fcr\u00fcn\u00fc seyahat \u00e7antan\u0131zda veya valizinizde kolayca ta\u015f\u0131man\u0131z\u0131 sa\u011flar.Enerji tasarruflu&#8230;<\/p>\n","protected":false},"featured_media":119438,"comment_status":"open","ping_status":"closed","template":"","meta":{"_kad_post_transparent":"","_kad_post_title":"","_kad_post_layout":"","_kad_post_sidebar_id":"","_kad_post_content_style":"","_kad_post_vertical_padding":"","_kad_post_feature":"","_kad_post_feature_position":"","_kad_post_header":false,"_kad_post_footer":false,"_kad_post_classname":""},"product_brand":[],"product_cat":[14996],"product_tag":[],"class_list":{"0":"post-119439","1":"product","2":"type-product","3":"status-publish","4":"has-post-thumbnail","6":"product_cat-tarti-tarti","8":"first","9":"instock","10":"purchasable","11":"product-type-simple","12":"entry","13":"content-bg","14":"loop-entry"},"_links":{"self":[{"href":"https:\/\/www.hediyepazar.com\/index.php?rest_route=\/wp\/v2\/product\/119439","targetHints":{"allow":["GET"]}}],"collection":[{"href":"https:\/\/www.hediyepazar.com\/index.php?rest_route=\/wp\/v2\/product"}],"about":[{"href":"https:\/\/www.hediyepazar.com\/index.php?rest_route=\/wp\/v2\/types\/product"}],"replies":[{"embeddable":true,"href":"https:\/\/www.hediyepazar.com\/index.php?rest_route=%2Fwp%2Fv2%2Fcomments&post=119439"}],"wp:featuredmedia":[{"embeddable":true,"href":"https:\/\/www.hediyepazar.com\/index.php?rest_route=\/wp\/v2\/media\/119438"}],"wp:attachment":[{"href":"https:\/\/www.hediyepazar.com\/index.php?rest_route=%2Fwp%2Fv2%2Fmedia&parent=119439"}],"wp:term":[{"taxonomy":"product_brand","embeddable":true,"href":"https:\/\/www.hediyepazar.com\/index.php?rest_route=%2Fwp%2Fv2%2Fproduct_brand&post=119439"},{"taxonomy":"product_cat","embeddable":true,"href":"https:\/\/www.hediyepazar.com\/index.php?rest_route=%2Fwp%2Fv2%2Fproduct_cat&post=119439"},{"taxonomy":"product_tag","embeddable":true,"href":"https:\/\/www.hediyepazar.com\/index.php?rest_route=%2Fwp%2Fv2%2Fproduct_tag&post=119439"}],"curies":[{"name":"wp","href":"https:\/\/api.w.org\/{rel}","templated":true}]}}