{"id":119441,"date":"2026-05-06T01:10:10","date_gmt":"2026-05-06T04:10:10","guid":{"rendered":"https:\/\/www.hediyepazar.com\/?product=dijital-el-kantari-50-kg-tasima-kapasiteli-tasinabilir-hassas-tarti"},"modified":"2026-05-06T01:10:10","modified_gmt":"2026-05-06T04:10:10","slug":"dijital-el-kantari-50-kg-tasima-kapasiteli-tasinabilir-hassas-tarti","status":"publish","type":"product","link":"https:\/\/www.hediyepazar.com\/?product=dijital-el-kantari-50-kg-tasima-kapasiteli-tasinabilir-hassas-tarti","title":{"rendered":"Dijital El Kantar\u0131 \u2013 50 Kg Ta\u015f\u0131ma Kapasiteli Ta\u015f\u0131nabilir Hassas Tart\u0131"},"content":{"rendered":"<p>G\u00fc\u00e7l\u00fc, kompakt ve son derece hassas!Bu Dijital El Kantar\u0131, 50 kg\u2019a kadar a\u011f\u0131rl\u0131klar\u0131 y\u00fcksek do\u011frulukla \u00f6l\u00e7ebilen portatif bir tart\u0131 cihaz\u0131d\u0131r.Hem evde hem d\u0131\u015far\u0131da kullan\u0131m i\u00e7in idealdir; bavul, paket, kargo, al\u0131\u015fveri\u015f torbas\u0131 veya kamp malzemelerinizi h\u0131zl\u0131ca tartabilirsiniz.Dijital ekran\u0131, \u00f6l\u00e7\u00fcm sonu\u00e7lar\u0131n\u0131 net bir \u015fekilde g\u00f6sterir. Karanl\u0131k ortamlarda bile rahatl\u0131kla okunabilir.K\u00fc\u00e7\u00fck ve hafif tasar\u0131m\u0131, kolay ta\u015f\u0131ma imk\u00e2n\u0131 sunar; seyahatlerde, i\u015fte veya g\u00fcnl\u00fck kullan\u0131mda \u00e7antan\u0131zda her zaman yer bulur.Enerji tasarruflu pil sistemi, uzun pil \u00f6mr\u00fcyle s\u00fcrekli kullan\u0131ma uygundur.Cihaz, kullan\u0131lmad\u0131\u011f\u0131nda otomatik olarak kapanarak enerji tasarrufu sa\u011flar.Ergonomik el tutma sap\u0131, uzun s\u00fcreli kullan\u0131mlarda bile rahat bir kavrama sunar.E\u011flenceli g\u00fclen y\u00fcz tasar\u0131m\u0131, kullan\u0131c\u0131 deneyimini daha keyifli hale getirir.Dayan\u0131kl\u0131 ask\u0131 aparat\u0131 sayesinde bavul veya paketleri kolayca takabilir, sars\u0131nt\u0131s\u0131z ve g\u00fcvenli \u00f6l\u00e7\u00fcm alabilirsiniz.Kompakt yap\u0131s\u0131 sayesinde evde, ofiste, seyahatte veya kargo i\u015flemlerinde ideal bir \u00e7\u00f6z\u00fcmd\u00fcr.G\u00fcvenilir \u00f6l\u00e7\u00fcm, uzun \u00f6m\u00fcrl\u00fc kullan\u0131m ve \u015f\u0131k tasar\u0131m bir arada!Her yolculukta elinizin alt\u0131nda olmas\u0131 gereken m\u00fckemmel yard\u0131mc\u0131.<\/p>\n","protected":false},"excerpt":{"rendered":"<p>G\u00fc\u00e7l\u00fc, kompakt ve son derece hassas!Bu Dijital El Kantar\u0131, 50 kg\u2019a kadar a\u011f\u0131rl\u0131klar\u0131 y\u00fcksek do\u011frulukla \u00f6l\u00e7ebilen portatif bir tart\u0131 cihaz\u0131d\u0131r.Hem evde hem d\u0131\u015far\u0131da kullan\u0131m i\u00e7in idealdir; bavul, paket, kargo, al\u0131\u015fveri\u015f torbas\u0131 veya kamp malzemelerinizi h\u0131zl\u0131ca tartabilirsiniz.Dijital ekran\u0131, \u00f6l\u00e7\u00fcm sonu\u00e7lar\u0131n\u0131 net bir \u015fekilde g\u00f6sterir. Karanl\u0131k ortamlarda bile rahatl\u0131kla okunabilir.K\u00fc\u00e7\u00fck ve hafif tasar\u0131m\u0131, kolay ta\u015f\u0131ma imk\u00e2n\u0131 sunar;&#8230;<\/p>\n","protected":false},"featured_media":119440,"comment_status":"open","ping_status":"closed","template":"","meta":{"_kad_post_transparent":"","_kad_post_title":"","_kad_post_layout":"","_kad_post_sidebar_id":"","_kad_post_content_style":"","_kad_post_vertical_padding":"","_kad_post_feature":"","_kad_post_feature_position":"","_kad_post_header":false,"_kad_post_footer":false,"_kad_post_classname":""},"product_brand":[],"product_cat":[14996],"product_tag":[],"class_list":{"0":"post-119441","1":"product","2":"type-product","3":"status-publish","4":"has-post-thumbnail","6":"product_cat-tarti-tarti","8":"first","9":"instock","10":"purchasable","11":"product-type-simple","12":"entry","13":"content-bg","14":"loop-entry"},"_links":{"self":[{"href":"https:\/\/www.hediyepazar.com\/index.php?rest_route=\/wp\/v2\/product\/119441","targetHints":{"allow":["GET"]}}],"collection":[{"href":"https:\/\/www.hediyepazar.com\/index.php?rest_route=\/wp\/v2\/product"}],"about":[{"href":"https:\/\/www.hediyepazar.com\/index.php?rest_route=\/wp\/v2\/types\/product"}],"replies":[{"embeddable":true,"href":"https:\/\/www.hediyepazar.com\/index.php?rest_route=%2Fwp%2Fv2%2Fcomments&post=119441"}],"wp:featuredmedia":[{"embeddable":true,"href":"https:\/\/www.hediyepazar.com\/index.php?rest_route=\/wp\/v2\/media\/119440"}],"wp:attachment":[{"href":"https:\/\/www.hediyepazar.com\/index.php?rest_route=%2Fwp%2Fv2%2Fmedia&parent=119441"}],"wp:term":[{"taxonomy":"product_brand","embeddable":true,"href":"https:\/\/www.hediyepazar.com\/index.php?rest_route=%2Fwp%2Fv2%2Fproduct_brand&post=119441"},{"taxonomy":"product_cat","embeddable":true,"href":"https:\/\/www.hediyepazar.com\/index.php?rest_route=%2Fwp%2Fv2%2Fproduct_cat&post=119441"},{"taxonomy":"product_tag","embeddable":true,"href":"https:\/\/www.hediyepazar.com\/index.php?rest_route=%2Fwp%2Fv2%2Fproduct_tag&post=119441"}],"curies":[{"name":"wp","href":"https:\/\/api.w.org\/{rel}","templated":true}]}}