{"id":119443,"date":"2026-05-06T01:10:17","date_gmt":"2026-05-06T04:10:17","guid":{"rendered":"https:\/\/www.hediyepazar.com\/?product=powerbank-kutulu-dokunmatik-bluetooth-kulaklik-gurultu-engelleme-suya-dayanikli"},"modified":"2026-05-06T01:10:17","modified_gmt":"2026-05-06T04:10:17","slug":"powerbank-kutulu-dokunmatik-bluetooth-kulaklik-gurultu-engelleme-suya-dayanikli","status":"publish","type":"product","link":"https:\/\/www.hediyepazar.com\/?product=powerbank-kutulu-dokunmatik-bluetooth-kulaklik-gurultu-engelleme-suya-dayanikli","title":{"rendered":"Powerbank Kutulu Dokunmatik Bluetooth Kulakl\u0131k \u2013 G\u00fcr\u00fclt\u00fc Engelleme Suya Dayan\u0131kl\u0131"},"content":{"rendered":"<p>M\u00fczi\u011fin g\u00fcc\u00fcn\u00fc teknolojiyle bulu\u015fturun!Bu ANC destekli dokunmatik Bluetooth kulakl\u0131k, y\u00fcksek performansl\u0131 ses s\u00fcr\u00fcc\u00fcleriyle kristal netli\u011finde ses sunar.Aktif G\u00fcr\u00fclt\u00fc \u00d6nleme \u00f6zelli\u011fi sayesinde d\u0131\u015f sesleri engelleyerek yaln\u0131zca m\u00fczi\u011fe odaklan\u0131rs\u0131n\u0131z.Geli\u015fmi\u015f bass teknolojisiyle derin, dolgun ve net bir ses deneyimi ya\u015fars\u0131n\u0131z.Ergonomik kulaki\u00e7i tasar\u0131m\u0131 sayesinde uzun s\u00fcreli kullan\u0131mlarda bile rahats\u0131zl\u0131k hissi olu\u015fturmaz.Suya ve tere dayan\u0131kl\u0131 yap\u0131s\u0131 ile spor, y\u00fcr\u00fcy\u00fc\u015f, seyahat veya g\u00fcnl\u00fck kullan\u0131mda g\u00fcvenle kullan\u0131labilir.Ak\u0131ll\u0131 sens\u00f6r teknolojisi, kulakl\u0131\u011f\u0131 \u00e7\u0131kard\u0131\u011f\u0131n\u0131zda m\u00fczi\u011fi otomatik olarak durdurur, takt\u0131\u011f\u0131n\u0131zda kald\u0131\u011f\u0131n\u0131z yerden devam eder.Pop-up ekran ba\u011flant\u0131s\u0131, cihaz\u0131n\u0131z\u0131 tan\u0131r ve saniyeler i\u00e7inde e\u015fle\u015fme sa\u011flar.Powerbank \u00f6zellikli \u015farj kutusu, kulakl\u0131\u011f\u0131n\u0131z\u0131 3-4 kez \u015farj edebilir, ayn\u0131 zamanda telefonunuzu da destekler.Bu sayede g\u00fcn boyu enerjiniz bitmez!Hi Siri deste\u011fiyle sesli komutlarla m\u00fczik kontrol\u00fc, arama yan\u0131tlama veya bilgi alma i\u015flemleri kolayla\u015f\u0131r.Ayr\u0131ca konum bulma \u00f6zelli\u011fi, kulakl\u0131\u011f\u0131n\u0131z\u0131 kaybetti\u011finizde yerini tespit etmenizi sa\u011flar.G\u00fc\u00e7l\u00fc batarya, ak\u0131ll\u0131 sens\u00f6r, dayan\u0131kl\u0131l\u0131k ve estetik tasar\u0131m\u0131 bir araya getiren bu kulakl\u0131k, her ortamda fark yarat\u0131r!<\/p>\n","protected":false},"excerpt":{"rendered":"<p>M\u00fczi\u011fin g\u00fcc\u00fcn\u00fc teknolojiyle bulu\u015fturun!Bu ANC destekli dokunmatik Bluetooth kulakl\u0131k, y\u00fcksek performansl\u0131 ses s\u00fcr\u00fcc\u00fcleriyle kristal netli\u011finde ses sunar.Aktif G\u00fcr\u00fclt\u00fc \u00d6nleme \u00f6zelli\u011fi sayesinde d\u0131\u015f sesleri engelleyerek yaln\u0131zca m\u00fczi\u011fe odaklan\u0131rs\u0131n\u0131z.Geli\u015fmi\u015f bass teknolojisiyle derin, dolgun ve net bir ses deneyimi ya\u015fars\u0131n\u0131z.Ergonomik kulaki\u00e7i tasar\u0131m\u0131 sayesinde uzun s\u00fcreli kullan\u0131mlarda bile rahats\u0131zl\u0131k hissi olu\u015fturmaz.Suya ve tere dayan\u0131kl\u0131 yap\u0131s\u0131 ile spor, y\u00fcr\u00fcy\u00fc\u015f, seyahat&#8230;<\/p>\n","protected":false},"featured_media":119442,"comment_status":"open","ping_status":"closed","template":"","meta":{"_kad_post_transparent":"","_kad_post_title":"","_kad_post_layout":"","_kad_post_sidebar_id":"","_kad_post_content_style":"","_kad_post_vertical_padding":"","_kad_post_feature":"","_kad_post_feature_position":"","_kad_post_header":false,"_kad_post_footer":false,"_kad_post_classname":""},"product_brand":[],"product_cat":[14957],"product_tag":[],"class_list":{"0":"post-119443","1":"product","2":"type-product","3":"status-publish","4":"has-post-thumbnail","6":"product_cat-kablosuz-kulaklik-kablosuz-kulaklik","8":"first","9":"instock","10":"purchasable","11":"product-type-simple","12":"entry","13":"content-bg","14":"loop-entry"},"_links":{"self":[{"href":"https:\/\/www.hediyepazar.com\/index.php?rest_route=\/wp\/v2\/product\/119443","targetHints":{"allow":["GET"]}}],"collection":[{"href":"https:\/\/www.hediyepazar.com\/index.php?rest_route=\/wp\/v2\/product"}],"about":[{"href":"https:\/\/www.hediyepazar.com\/index.php?rest_route=\/wp\/v2\/types\/product"}],"replies":[{"embeddable":true,"href":"https:\/\/www.hediyepazar.com\/index.php?rest_route=%2Fwp%2Fv2%2Fcomments&post=119443"}],"wp:featuredmedia":[{"embeddable":true,"href":"https:\/\/www.hediyepazar.com\/index.php?rest_route=\/wp\/v2\/media\/119442"}],"wp:attachment":[{"href":"https:\/\/www.hediyepazar.com\/index.php?rest_route=%2Fwp%2Fv2%2Fmedia&parent=119443"}],"wp:term":[{"taxonomy":"product_brand","embeddable":true,"href":"https:\/\/www.hediyepazar.com\/index.php?rest_route=%2Fwp%2Fv2%2Fproduct_brand&post=119443"},{"taxonomy":"product_cat","embeddable":true,"href":"https:\/\/www.hediyepazar.com\/index.php?rest_route=%2Fwp%2Fv2%2Fproduct_cat&post=119443"},{"taxonomy":"product_tag","embeddable":true,"href":"https:\/\/www.hediyepazar.com\/index.php?rest_route=%2Fwp%2Fv2%2Fproduct_tag&post=119443"}],"curies":[{"name":"wp","href":"https:\/\/api.w.org\/{rel}","templated":true}]}}