{"id":119449,"date":"2026-05-06T01:12:01","date_gmt":"2026-05-06T04:12:01","guid":{"rendered":"https:\/\/www.hediyepazar.com\/?product=solar-enerjili-alev-lambasi-el-feneri-ve-dekoratif-isik"},"modified":"2026-05-06T01:12:01","modified_gmt":"2026-05-06T04:12:01","slug":"solar-enerjili-alev-lambasi-el-feneri-ve-dekoratif-isik","status":"publish","type":"product","link":"https:\/\/www.hediyepazar.com\/?product=solar-enerjili-alev-lambasi-el-feneri-ve-dekoratif-isik","title":{"rendered":"Solar Enerjili Alev Lambas\u0131 \u2013 El Feneri ve Dekoratif I\u015f\u0131k"},"content":{"rendered":"<p>Estetik, do\u011fa dostu ve g\u00fc\u00e7l\u00fc! Bu Solar Enerjili COB Alev Lambas\u0131, d\u0131\u015f mek\u00e2nlar i\u00e7in hem \u015f\u0131k hem fonksiyonel bir \u00e7\u00f6z\u00fcm sunar.COB LED teknolojisi, klasik LED\u2019lere k\u0131yasla daha geni\u015f ayd\u0131nlatma sa\u011flar.I\u015f\u0131\u011f\u0131 homojen yayarak g\u00f6z al\u0131c\u0131 bir parlakl\u0131k olu\u015fturur.G\u00fcne\u015f enerjili sistem, g\u00fcn boyunca \u015farj olur ve gece otomatik olarak devreye girer.Elektrik ba\u011flant\u0131s\u0131 gerektirmez, enerji tasarrufu sa\u011flar.Ger\u00e7ek\u00e7i alev efekti, s\u0131cak ve rahatlat\u0131c\u0131 bir atmosfer yarat\u0131r.Kamp, teras, veranda, bah\u00e7e veya balkonlar i\u00e7in idealdir.Ta\u015f\u0131nabilir tasar\u0131m\u0131, \u00fcr\u00fcn\u00fc el feneri olarak da kullanman\u0131za olanak tan\u0131r.Suya, toza ve darbeye dayan\u0131kl\u0131 g\u00f6vdesiyle uzun \u00f6m\u00fcrl\u00fc kullan\u0131m sunar.Ayr\u0131ca \u00e7al\u0131\u015fma lambas\u0131 olarak da kullan\u0131labilir, bu da onu \u00e7ok y\u00f6nl\u00fc hale getirir.Do\u011fal enerjiyi estetikle birle\u015ftiren bu \u00fcr\u00fcn, \u00e7evre dostu ve g\u00fcvenlidir.Kompakt boyutu, hafifli\u011fi ve dayan\u0131kl\u0131l\u0131\u011f\u0131yla d\u0131\u015f mek\u00e2n aktivitelerinde vazge\u00e7ilmez bir yard\u0131mc\u0131 olur.G\u00fcne\u015ften ald\u0131\u011f\u0131 enerjiyi \u0131\u015f\u0131\u011fa d\u00f6n\u00fc\u015ft\u00fcrerek her ortam\u0131 b\u00fcy\u00fcleyici hale getirir!<\/p>\n","protected":false},"excerpt":{"rendered":"<p>Estetik, do\u011fa dostu ve g\u00fc\u00e7l\u00fc! Bu Solar Enerjili COB Alev Lambas\u0131, d\u0131\u015f mek\u00e2nlar i\u00e7in hem \u015f\u0131k hem fonksiyonel bir \u00e7\u00f6z\u00fcm sunar.COB LED teknolojisi, klasik LED\u2019lere k\u0131yasla daha geni\u015f ayd\u0131nlatma sa\u011flar.I\u015f\u0131\u011f\u0131 homojen yayarak g\u00f6z al\u0131c\u0131 bir parlakl\u0131k olu\u015fturur.G\u00fcne\u015f enerjili sistem, g\u00fcn boyunca \u015farj olur ve gece otomatik olarak devreye girer.Elektrik ba\u011flant\u0131s\u0131 gerektirmez, enerji tasarrufu sa\u011flar.Ger\u00e7ek\u00e7i alev&#8230;<\/p>\n","protected":false},"featured_media":119448,"comment_status":"open","ping_status":"closed","template":"","meta":{"_kad_post_transparent":"","_kad_post_title":"","_kad_post_layout":"","_kad_post_sidebar_id":"","_kad_post_content_style":"","_kad_post_vertical_padding":"","_kad_post_feature":"","_kad_post_feature_position":"","_kad_post_header":false,"_kad_post_footer":false,"_kad_post_classname":""},"product_brand":[],"product_cat":[14977],"product_tag":[],"class_list":{"0":"post-119449","1":"product","2":"type-product","3":"status-publish","4":"has-post-thumbnail","6":"product_cat-kamp-lambasi-kamp-lambasi","8":"first","9":"instock","10":"purchasable","11":"product-type-simple","12":"entry","13":"content-bg","14":"loop-entry"},"_links":{"self":[{"href":"https:\/\/www.hediyepazar.com\/index.php?rest_route=\/wp\/v2\/product\/119449","targetHints":{"allow":["GET"]}}],"collection":[{"href":"https:\/\/www.hediyepazar.com\/index.php?rest_route=\/wp\/v2\/product"}],"about":[{"href":"https:\/\/www.hediyepazar.com\/index.php?rest_route=\/wp\/v2\/types\/product"}],"replies":[{"embeddable":true,"href":"https:\/\/www.hediyepazar.com\/index.php?rest_route=%2Fwp%2Fv2%2Fcomments&post=119449"}],"wp:featuredmedia":[{"embeddable":true,"href":"https:\/\/www.hediyepazar.com\/index.php?rest_route=\/wp\/v2\/media\/119448"}],"wp:attachment":[{"href":"https:\/\/www.hediyepazar.com\/index.php?rest_route=%2Fwp%2Fv2%2Fmedia&parent=119449"}],"wp:term":[{"taxonomy":"product_brand","embeddable":true,"href":"https:\/\/www.hediyepazar.com\/index.php?rest_route=%2Fwp%2Fv2%2Fproduct_brand&post=119449"},{"taxonomy":"product_cat","embeddable":true,"href":"https:\/\/www.hediyepazar.com\/index.php?rest_route=%2Fwp%2Fv2%2Fproduct_cat&post=119449"},{"taxonomy":"product_tag","embeddable":true,"href":"https:\/\/www.hediyepazar.com\/index.php?rest_route=%2Fwp%2Fv2%2Fproduct_tag&post=119449"}],"curies":[{"name":"wp","href":"https:\/\/api.w.org\/{rel}","templated":true}]}}