{"id":119451,"date":"2026-05-06T01:12:08","date_gmt":"2026-05-06T04:12:08","guid":{"rendered":"https:\/\/www.hediyepazar.com\/?product=alev-efektli-gunes-enerjili-lamba-su-gecirmez"},"modified":"2026-05-06T01:12:08","modified_gmt":"2026-05-06T04:12:08","slug":"alev-efektli-gunes-enerjili-lamba-su-gecirmez","status":"publish","type":"product","link":"https:\/\/www.hediyepazar.com\/?product=alev-efektli-gunes-enerjili-lamba-su-gecirmez","title":{"rendered":"Alev Efektli G\u00fcne\u015f Enerjili Lamba \u2013 Su Ge\u00e7irmez"},"content":{"rendered":"<p>Bu alev efektli g\u00fcne\u015f enerjili lamba, hem dekoratif hem i\u015flevsel tasar\u0131m\u0131yla dikkat \u00e7eker.COB \u0131\u015f\u0131k teknolojisi, g\u00fc\u00e7l\u00fc ve homojen ayd\u0131nlatma sa\u011flayarak geceleri maksimum parlakl\u0131k sunar.Solar paneli sayesinde g\u00fcn i\u00e7inde enerji depolar ve gece otomatik olarak yanar. Elektrik ba\u011flant\u0131s\u0131 gerektirmeden do\u011fa dostu bir ayd\u0131nlatma sa\u011flar.Ger\u00e7e\u011fe yak\u0131n alev efekti, yanan bir kamp ate\u015finin s\u0131cak atmosferini yans\u0131t\u0131r. Balkon, bah\u00e7e, veranda, kamp alan\u0131 veya pikniklerde e\u015fsiz bir ortam yarat\u0131r.Dayan\u0131kl\u0131 d\u0131\u015f yap\u0131s\u0131, suya, toza ve darbelere kar\u015f\u0131 koruma sa\u011flar.Bu sayede her hava ko\u015fulunda kullan\u0131labilir.Ta\u015f\u0131nabilir ve hafif tasar\u0131m\u0131, \u00fcr\u00fcn\u00fc yan\u0131n\u0131zda rahatl\u0131kla ta\u015f\u0131man\u0131z\u0131 sa\u011flar.Kamp, y\u00fcr\u00fcy\u00fc\u015f ve do\u011fa aktivitelerinde ideal bir ayd\u0131nlatma \u00e7\u00f6z\u00fcm\u00fcd\u00fcr.Ayr\u0131ca \u00e7ok i\u015flevli kullan\u0131m \u00f6zelli\u011fi sayesinde sadece alev efektiyle de\u011fil, el feneri veya \u00e7al\u0131\u015fma \u0131\u015f\u0131\u011f\u0131 olarak da kullan\u0131labilir.Uzun \u00f6m\u00fcrl\u00fc performans\u0131, enerji tasarrufu sa\u011flayan yap\u0131s\u0131 ve estetik g\u00f6r\u00fcn\u00fcm\u00fcyle bu lamba, hem pratik hem dekoratif bir \u00fcr\u00fcnd\u00fcr.Do\u011fal enerjiyle parlayan s\u0131cak bir atmosfer i\u00e7in m\u00fckemmel se\u00e7im!<\/p>\n","protected":false},"excerpt":{"rendered":"<p>Bu alev efektli g\u00fcne\u015f enerjili lamba, hem dekoratif hem i\u015flevsel tasar\u0131m\u0131yla dikkat \u00e7eker.COB \u0131\u015f\u0131k teknolojisi, g\u00fc\u00e7l\u00fc ve homojen ayd\u0131nlatma sa\u011flayarak geceleri maksimum parlakl\u0131k sunar.Solar paneli sayesinde g\u00fcn i\u00e7inde enerji depolar ve gece otomatik olarak yanar. Elektrik ba\u011flant\u0131s\u0131 gerektirmeden do\u011fa dostu bir ayd\u0131nlatma sa\u011flar.Ger\u00e7e\u011fe yak\u0131n alev efekti, yanan bir kamp ate\u015finin s\u0131cak atmosferini yans\u0131t\u0131r. Balkon, bah\u00e7e,&#8230;<\/p>\n","protected":false},"featured_media":119450,"comment_status":"open","ping_status":"closed","template":"","meta":{"_kad_post_transparent":"","_kad_post_title":"","_kad_post_layout":"","_kad_post_sidebar_id":"","_kad_post_content_style":"","_kad_post_vertical_padding":"","_kad_post_feature":"","_kad_post_feature_position":"","_kad_post_header":false,"_kad_post_footer":false,"_kad_post_classname":""},"product_brand":[],"product_cat":[14977],"product_tag":[],"class_list":{"0":"post-119451","1":"product","2":"type-product","3":"status-publish","4":"has-post-thumbnail","6":"product_cat-kamp-lambasi-kamp-lambasi","8":"first","9":"instock","10":"purchasable","11":"product-type-simple","12":"entry","13":"content-bg","14":"loop-entry"},"_links":{"self":[{"href":"https:\/\/www.hediyepazar.com\/index.php?rest_route=\/wp\/v2\/product\/119451","targetHints":{"allow":["GET"]}}],"collection":[{"href":"https:\/\/www.hediyepazar.com\/index.php?rest_route=\/wp\/v2\/product"}],"about":[{"href":"https:\/\/www.hediyepazar.com\/index.php?rest_route=\/wp\/v2\/types\/product"}],"replies":[{"embeddable":true,"href":"https:\/\/www.hediyepazar.com\/index.php?rest_route=%2Fwp%2Fv2%2Fcomments&post=119451"}],"wp:featuredmedia":[{"embeddable":true,"href":"https:\/\/www.hediyepazar.com\/index.php?rest_route=\/wp\/v2\/media\/119450"}],"wp:attachment":[{"href":"https:\/\/www.hediyepazar.com\/index.php?rest_route=%2Fwp%2Fv2%2Fmedia&parent=119451"}],"wp:term":[{"taxonomy":"product_brand","embeddable":true,"href":"https:\/\/www.hediyepazar.com\/index.php?rest_route=%2Fwp%2Fv2%2Fproduct_brand&post=119451"},{"taxonomy":"product_cat","embeddable":true,"href":"https:\/\/www.hediyepazar.com\/index.php?rest_route=%2Fwp%2Fv2%2Fproduct_cat&post=119451"},{"taxonomy":"product_tag","embeddable":true,"href":"https:\/\/www.hediyepazar.com\/index.php?rest_route=%2Fwp%2Fv2%2Fproduct_tag&post=119451"}],"curies":[{"name":"wp","href":"https:\/\/api.w.org\/{rel}","templated":true}]}}