{"id":119463,"date":"2026-05-06T01:13:13","date_gmt":"2026-05-06T04:13:13","guid":{"rendered":"https:\/\/www.hediyepazar.com\/?product=kas-sekillendirme-makasi-tarakli-hassas-ve-guvenli-kesim"},"modified":"2026-05-06T01:13:13","modified_gmt":"2026-05-06T04:13:13","slug":"kas-sekillendirme-makasi-tarakli-hassas-ve-guvenli-kesim","status":"publish","type":"product","link":"https:\/\/www.hediyepazar.com\/?product=kas-sekillendirme-makasi-tarakli-hassas-ve-guvenli-kesim","title":{"rendered":"Ka\u015f \u015eekillendirme Makas\u0131 Tarakl\u0131 \u2013 Hassas ve G\u00fcvenli Kesim"},"content":{"rendered":"<p>G\u00f6z al\u0131c\u0131 ka\u015flara sahip olman\u0131n en kolay yolu!Tarakl\u0131 Ka\u015f D\u00fczeltme Makas\u0131, ka\u015flar\u0131n\u0131z\u0131 profesyonel d\u00fczeyde \u015fekillendirmenize yard\u0131mc\u0131 olur. Ergonomik sap tasar\u0131m\u0131 sayesinde elinizde rahat\u00e7a kavran\u0131r ve titremeden, hassas hareketlerle kesim yapman\u0131z\u0131 sa\u011flar.Keskin b\u0131\u00e7aklar\u0131, en ince t\u00fcyleri bile kolayca keser.Tarakl\u0131 ba\u015fl\u0131\u011f\u0131, ka\u015flar\u0131n\u0131z\u0131 d\u00fczg\u00fcnce tarayarak simetrik bir kesim sa\u011flar. B\u00f6ylece ka\u015flar\u0131n\u0131z\u0131 k\u0131salt\u0131rken yanl\u0131\u015f kesim riskini ortadan kald\u0131r\u0131r.Bu mini ka\u015f makas\u0131, hem evde ki\u015fisel bak\u0131m i\u00e7in hem de profesyonel g\u00fczellik merkezlerinde kullan\u0131ma uygundur.Ta\u015f\u0131nabilir boyutu sayesinde makyaj \u00e7antan\u0131zda, seyahat valizinizde veya g\u00fcnl\u00fck bak\u0131m setinizde rahatl\u0131kla yer al\u0131r.Paslanmaz \u00e7elik b\u0131\u00e7aklar\u0131, uzun \u00f6m\u00fcrl\u00fc ve hijyenik kullan\u0131m sa\u011flar.Ka\u015flar\u0131n\u0131za do\u011fal bir g\u00f6r\u00fcn\u00fcm kazand\u0131r\u0131rken, gereksiz t\u00fcyleri h\u0131zl\u0131ca temizler.M\u00fckemmel bir g\u00f6r\u00fcn\u00fcm i\u00e7in tasarlanan bu makas, g\u00fcnl\u00fck bak\u0131m rutininizin vazge\u00e7ilmez par\u00e7as\u0131 olacak.Her kullan\u0131mda net, p\u00fcr\u00fczs\u00fcz ve dengeli bir ka\u015f \u015fekli elde edin!Paket \u0130\u00e7eri\u011fi:\u2022 1 Adet Tarakl\u0131 Ka\u015f D\u00fczeltme Makas\u0131Bu \u00fcr\u00fcnle art\u0131k ka\u015f \u015fekillendirme profesyonel bir deneyime d\u00f6n\u00fc\u015f\u00fcyor \u2014 kolay, pratik ve etkili!<\/p>\n","protected":false},"excerpt":{"rendered":"<p>G\u00f6z al\u0131c\u0131 ka\u015flara sahip olman\u0131n en kolay yolu!Tarakl\u0131 Ka\u015f D\u00fczeltme Makas\u0131, ka\u015flar\u0131n\u0131z\u0131 profesyonel d\u00fczeyde \u015fekillendirmenize yard\u0131mc\u0131 olur. Ergonomik sap tasar\u0131m\u0131 sayesinde elinizde rahat\u00e7a kavran\u0131r ve titremeden, hassas hareketlerle kesim yapman\u0131z\u0131 sa\u011flar.Keskin b\u0131\u00e7aklar\u0131, en ince t\u00fcyleri bile kolayca keser.Tarakl\u0131 ba\u015fl\u0131\u011f\u0131, ka\u015flar\u0131n\u0131z\u0131 d\u00fczg\u00fcnce tarayarak simetrik bir kesim sa\u011flar. B\u00f6ylece ka\u015flar\u0131n\u0131z\u0131 k\u0131salt\u0131rken yanl\u0131\u015f kesim riskini ortadan kald\u0131r\u0131r.Bu mini&#8230;<\/p>\n","protected":false},"featured_media":119462,"comment_status":"open","ping_status":"closed","template":"","meta":{"_kad_post_transparent":"","_kad_post_title":"","_kad_post_layout":"","_kad_post_sidebar_id":"","_kad_post_content_style":"","_kad_post_vertical_padding":"","_kad_post_feature":"","_kad_post_feature_position":"","_kad_post_header":false,"_kad_post_footer":false,"_kad_post_classname":""},"product_brand":[],"product_cat":[15047],"product_tag":[],"class_list":{"0":"post-119463","1":"product","2":"type-product","3":"status-publish","4":"has-post-thumbnail","6":"product_cat-kas-makasi-kas-makasi","8":"first","9":"instock","10":"purchasable","11":"product-type-simple","12":"entry","13":"content-bg","14":"loop-entry"},"_links":{"self":[{"href":"https:\/\/www.hediyepazar.com\/index.php?rest_route=\/wp\/v2\/product\/119463","targetHints":{"allow":["GET"]}}],"collection":[{"href":"https:\/\/www.hediyepazar.com\/index.php?rest_route=\/wp\/v2\/product"}],"about":[{"href":"https:\/\/www.hediyepazar.com\/index.php?rest_route=\/wp\/v2\/types\/product"}],"replies":[{"embeddable":true,"href":"https:\/\/www.hediyepazar.com\/index.php?rest_route=%2Fwp%2Fv2%2Fcomments&post=119463"}],"wp:featuredmedia":[{"embeddable":true,"href":"https:\/\/www.hediyepazar.com\/index.php?rest_route=\/wp\/v2\/media\/119462"}],"wp:attachment":[{"href":"https:\/\/www.hediyepazar.com\/index.php?rest_route=%2Fwp%2Fv2%2Fmedia&parent=119463"}],"wp:term":[{"taxonomy":"product_brand","embeddable":true,"href":"https:\/\/www.hediyepazar.com\/index.php?rest_route=%2Fwp%2Fv2%2Fproduct_brand&post=119463"},{"taxonomy":"product_cat","embeddable":true,"href":"https:\/\/www.hediyepazar.com\/index.php?rest_route=%2Fwp%2Fv2%2Fproduct_cat&post=119463"},{"taxonomy":"product_tag","embeddable":true,"href":"https:\/\/www.hediyepazar.com\/index.php?rest_route=%2Fwp%2Fv2%2Fproduct_tag&post=119463"}],"curies":[{"name":"wp","href":"https:\/\/api.w.org\/{rel}","templated":true}]}}