{"id":119473,"date":"2026-05-06T01:15:14","date_gmt":"2026-05-06T04:15:14","guid":{"rendered":"https:\/\/www.hediyepazar.com\/?product=profesyonel-mutfak-makas-seti-kesim-makasi-soyacak-bileyici"},"modified":"2026-05-06T01:15:14","modified_gmt":"2026-05-06T04:15:14","slug":"profesyonel-mutfak-makas-seti-kesim-makasi-soyacak-bileyici","status":"publish","type":"product","link":"https:\/\/www.hediyepazar.com\/?product=profesyonel-mutfak-makas-seti-kesim-makasi-soyacak-bileyici","title":{"rendered":"Profesyonel Mutfak Makas Seti \u2013 Kesim Makas\u0131 + Soyacak + Bileyici"},"content":{"rendered":"<p>Mutfakta profesyonel bir deneyim i\u00e7in ihtiyac\u0131n\u0131z olan tek set! Bu 3 par\u00e7al\u0131 paslanmaz \u00e7elik mutfak makas\u0131 seti, dayan\u0131kl\u0131l\u0131\u011f\u0131 ve \u00e7ok y\u00f6nl\u00fcl\u00fc\u011f\u00fcyle fark yarat\u0131r.Set, ot\/sebze makas\u0131, et\/tavuk makas\u0131 ve \u015fi\u015fe-kapak a\u00e7\u0131c\u0131 makas olmak \u00fczere \u00fc\u00e7 farkl\u0131 ama\u00e7 i\u00e7in tasarlanm\u0131\u015ft\u0131r.Keskin \u00e7elik b\u0131\u00e7aklar\u0131, en sert g\u0131dalar\u0131 bile kolayca kesmenizi sa\u011flar. Di\u015fli b\u0131\u00e7ak yap\u0131s\u0131, kaymay\u0131 \u00f6nleyerek kesimi daha kontroll\u00fc hale getirir.Ergonomik tutma kollar\u0131, elinize rahat\u00e7a oturur ve uzun s\u00fcreli kullan\u0131mlarda bile konfor sunar.Hijyenik ve dayan\u0131kl\u0131 \u00e7elik malzeme, paslanma yapmaz ve kolay temizlenir.Kompakt tasar\u0131m\u0131yla mutfakta fazla yer kaplamaz.Sebze do\u011framaktan ambalaj a\u00e7maya kadar her i\u015flemi tek bir setle yapabilirsiniz.\u015e\u0131k g\u00f6r\u00fcn\u00fcml\u00fc sap tasar\u0131m\u0131, modern mutfaklara zarif bir dokunu\u015f katar.Evde, restoranda veya pikniklerde rahat\u00e7a kullan\u0131labilir.Bu 3\u2019l\u00fc makas seti, mutfakta zaman kazand\u0131ran pratik bir \u00e7\u00f6z\u00fcm sunar.Her kesimde profesyonel kalite, her kullan\u0131mda rahatl\u0131k!<\/p>\n","protected":false},"excerpt":{"rendered":"<p>Mutfakta profesyonel bir deneyim i\u00e7in ihtiyac\u0131n\u0131z olan tek set! Bu 3 par\u00e7al\u0131 paslanmaz \u00e7elik mutfak makas\u0131 seti, dayan\u0131kl\u0131l\u0131\u011f\u0131 ve \u00e7ok y\u00f6nl\u00fcl\u00fc\u011f\u00fcyle fark yarat\u0131r.Set, ot\/sebze makas\u0131, et\/tavuk makas\u0131 ve \u015fi\u015fe-kapak a\u00e7\u0131c\u0131 makas olmak \u00fczere \u00fc\u00e7 farkl\u0131 ama\u00e7 i\u00e7in tasarlanm\u0131\u015ft\u0131r.Keskin \u00e7elik b\u0131\u00e7aklar\u0131, en sert g\u0131dalar\u0131 bile kolayca kesmenizi sa\u011flar. Di\u015fli b\u0131\u00e7ak yap\u0131s\u0131, kaymay\u0131 \u00f6nleyerek kesimi daha kontroll\u00fc&#8230;<\/p>\n","protected":false},"featured_media":119472,"comment_status":"open","ping_status":"closed","template":"","meta":{"_kad_post_transparent":"","_kad_post_title":"","_kad_post_layout":"","_kad_post_sidebar_id":"","_kad_post_content_style":"","_kad_post_vertical_padding":"","_kad_post_feature":"","_kad_post_feature_position":"","_kad_post_header":false,"_kad_post_footer":false,"_kad_post_classname":""},"product_brand":[],"product_cat":[15068],"product_tag":[],"class_list":{"0":"post-119473","1":"product","2":"type-product","3":"status-publish","4":"has-post-thumbnail","6":"product_cat-pratik-mutfak-gerecleri-pratik-mutfak-gerecleri-2","8":"first","9":"instock","10":"purchasable","11":"product-type-simple","12":"entry","13":"content-bg","14":"loop-entry"},"_links":{"self":[{"href":"https:\/\/www.hediyepazar.com\/index.php?rest_route=\/wp\/v2\/product\/119473","targetHints":{"allow":["GET"]}}],"collection":[{"href":"https:\/\/www.hediyepazar.com\/index.php?rest_route=\/wp\/v2\/product"}],"about":[{"href":"https:\/\/www.hediyepazar.com\/index.php?rest_route=\/wp\/v2\/types\/product"}],"replies":[{"embeddable":true,"href":"https:\/\/www.hediyepazar.com\/index.php?rest_route=%2Fwp%2Fv2%2Fcomments&post=119473"}],"wp:featuredmedia":[{"embeddable":true,"href":"https:\/\/www.hediyepazar.com\/index.php?rest_route=\/wp\/v2\/media\/119472"}],"wp:attachment":[{"href":"https:\/\/www.hediyepazar.com\/index.php?rest_route=%2Fwp%2Fv2%2Fmedia&parent=119473"}],"wp:term":[{"taxonomy":"product_brand","embeddable":true,"href":"https:\/\/www.hediyepazar.com\/index.php?rest_route=%2Fwp%2Fv2%2Fproduct_brand&post=119473"},{"taxonomy":"product_cat","embeddable":true,"href":"https:\/\/www.hediyepazar.com\/index.php?rest_route=%2Fwp%2Fv2%2Fproduct_cat&post=119473"},{"taxonomy":"product_tag","embeddable":true,"href":"https:\/\/www.hediyepazar.com\/index.php?rest_route=%2Fwp%2Fv2%2Fproduct_tag&post=119473"}],"curies":[{"name":"wp","href":"https:\/\/api.w.org\/{rel}","templated":true}]}}