{"id":119475,"date":"2026-05-06T01:15:19","date_gmt":"2026-05-06T04:15:19","guid":{"rendered":"https:\/\/www.hediyepazar.com\/?product=cok-amacli-mutfak-makas-seti-paslanmaz-celik-ve-ergonomik-tasarim"},"modified":"2026-05-06T01:15:19","modified_gmt":"2026-05-06T04:15:19","slug":"cok-amacli-mutfak-makas-seti-paslanmaz-celik-ve-ergonomik-tasarim","status":"publish","type":"product","link":"https:\/\/www.hediyepazar.com\/?product=cok-amacli-mutfak-makas-seti-paslanmaz-celik-ve-ergonomik-tasarim","title":{"rendered":"\u00c7ok Ama\u00e7l\u0131 Mutfak Makas Seti \u2013 Paslanmaz \u00c7elik ve Ergonomik Tasar\u0131m"},"content":{"rendered":"<p>Mutfakta pratikli\u011fi ve \u015f\u0131kl\u0131\u011f\u0131 bir arada ya\u015fay\u0131n! Bu 3 par\u00e7al\u0131 \u00e7ok fonksiyonlu makas seti, her mutfakta bulunmas\u0131 gereken temel yard\u0131mc\u0131lar aras\u0131nda yer al\u0131yor.Set; biri ot ve sebzeler, biri et ve tavuk, biri ise \u015fi\u015fe ve kapak a\u00e7ma i\u015flevine sahip \u00fc\u00e7 farkl\u0131 makastan olu\u015fur. Her makas, kullan\u0131m amac\u0131na g\u00f6re \u00f6zel olarak tasarlanm\u0131\u015ft\u0131r.Birinci makas, taze otlar\u0131 ve ye\u015fillikleri hassas bir \u015fekilde kesmek i\u00e7in idealdir.\u0130kinci makas, di\u015fli b\u0131\u00e7a\u011f\u0131 sayesinde et ve tavu\u011fu kolayca keser.\u00dc\u00e7\u00fcnc\u00fc makas, entegre \u015fi\u015fe ve kapak a\u00e7ma aparat\u0131yla mutfakta \u00e7ok y\u00f6nl\u00fc kullan\u0131m sunar.Setin tamam\u0131 paslanmaz \u00e7elik b\u0131\u00e7aklar ve dayan\u0131kl\u0131 plastik saplarla \u00fcretilmi\u015ftir. Bu sayede uzun \u00f6m\u00fcrl\u00fc kullan\u0131m, keskin performans ve hijyenik temizlik kolayl\u0131\u011f\u0131 sa\u011flar.Ergonomik sap yap\u0131s\u0131, uzun s\u00fcreli kullan\u0131mlarda bile el yorgunlu\u011funu azalt\u0131r.Kompakt tasar\u0131m\u0131 sayesinde \u00e7ekmecenizde veya mutfak ask\u0131l\u0131\u011f\u0131nda kolayca saklanabilir.Modern tasar\u0131m\u0131yla her mutfa\u011fa uyum sa\u011flar, hem ev kullan\u0131m\u0131 hem profesyonel mutfaklar i\u00e7in uygundur.Kesimden a\u00e7maya kadar t\u00fcm ihtiya\u00e7lar\u0131n\u0131z tek sette!Bu set, h\u0131zl\u0131, hijyenik ve konforlu kesim deneyimi arayanlar i\u00e7in ideal bir se\u00e7imdir.Her kesimde profesyonel sonu\u00e7lar elde edin!<\/p>\n","protected":false},"excerpt":{"rendered":"<p>Mutfakta pratikli\u011fi ve \u015f\u0131kl\u0131\u011f\u0131 bir arada ya\u015fay\u0131n! Bu 3 par\u00e7al\u0131 \u00e7ok fonksiyonlu makas seti, her mutfakta bulunmas\u0131 gereken temel yard\u0131mc\u0131lar aras\u0131nda yer al\u0131yor.Set; biri ot ve sebzeler, biri et ve tavuk, biri ise \u015fi\u015fe ve kapak a\u00e7ma i\u015flevine sahip \u00fc\u00e7 farkl\u0131 makastan olu\u015fur. Her makas, kullan\u0131m amac\u0131na g\u00f6re \u00f6zel olarak tasarlanm\u0131\u015ft\u0131r.Birinci makas, taze otlar\u0131 ve&#8230;<\/p>\n","protected":false},"featured_media":119474,"comment_status":"open","ping_status":"closed","template":"","meta":{"_kad_post_transparent":"","_kad_post_title":"","_kad_post_layout":"","_kad_post_sidebar_id":"","_kad_post_content_style":"","_kad_post_vertical_padding":"","_kad_post_feature":"","_kad_post_feature_position":"","_kad_post_header":false,"_kad_post_footer":false,"_kad_post_classname":""},"product_brand":[],"product_cat":[15068],"product_tag":[],"class_list":{"0":"post-119475","1":"product","2":"type-product","3":"status-publish","4":"has-post-thumbnail","6":"product_cat-pratik-mutfak-gerecleri-pratik-mutfak-gerecleri-2","8":"first","9":"instock","10":"purchasable","11":"product-type-simple","12":"entry","13":"content-bg","14":"loop-entry"},"_links":{"self":[{"href":"https:\/\/www.hediyepazar.com\/index.php?rest_route=\/wp\/v2\/product\/119475","targetHints":{"allow":["GET"]}}],"collection":[{"href":"https:\/\/www.hediyepazar.com\/index.php?rest_route=\/wp\/v2\/product"}],"about":[{"href":"https:\/\/www.hediyepazar.com\/index.php?rest_route=\/wp\/v2\/types\/product"}],"replies":[{"embeddable":true,"href":"https:\/\/www.hediyepazar.com\/index.php?rest_route=%2Fwp%2Fv2%2Fcomments&post=119475"}],"wp:featuredmedia":[{"embeddable":true,"href":"https:\/\/www.hediyepazar.com\/index.php?rest_route=\/wp\/v2\/media\/119474"}],"wp:attachment":[{"href":"https:\/\/www.hediyepazar.com\/index.php?rest_route=%2Fwp%2Fv2%2Fmedia&parent=119475"}],"wp:term":[{"taxonomy":"product_brand","embeddable":true,"href":"https:\/\/www.hediyepazar.com\/index.php?rest_route=%2Fwp%2Fv2%2Fproduct_brand&post=119475"},{"taxonomy":"product_cat","embeddable":true,"href":"https:\/\/www.hediyepazar.com\/index.php?rest_route=%2Fwp%2Fv2%2Fproduct_cat&post=119475"},{"taxonomy":"product_tag","embeddable":true,"href":"https:\/\/www.hediyepazar.com\/index.php?rest_route=%2Fwp%2Fv2%2Fproduct_tag&post=119475"}],"curies":[{"name":"wp","href":"https:\/\/api.w.org\/{rel}","templated":true}]}}