{"id":119481,"date":"2026-05-06T01:15:36","date_gmt":"2026-05-06T04:15:36","guid":{"rendered":"https:\/\/www.hediyepazar.com\/?product=kablosuz-manyetik-arac-sarj-pedi-hizli-guvenli-isinma-korumali-tasarim"},"modified":"2026-05-06T01:15:36","modified_gmt":"2026-05-06T04:15:36","slug":"kablosuz-manyetik-arac-sarj-pedi-hizli-guvenli-isinma-korumali-tasarim","status":"publish","type":"product","link":"https:\/\/www.hediyepazar.com\/?product=kablosuz-manyetik-arac-sarj-pedi-hizli-guvenli-isinma-korumali-tasarim","title":{"rendered":"Kablosuz Manyetik Ara\u00e7 \u015earj Pedi \u2013 H\u0131zl\u0131 G\u00fcvenli Is\u0131nma Korumal\u0131 Tasar\u0131m"},"content":{"rendered":"<p>Yolda, evde veya ofiste fark etmez \u2014 bu kablosuz manyetik \u015farj pedi, her yerde konforlu \u015farj deneyimi sunar!Geli\u015fmi\u015f manyetik \u00e7ekim g\u00fcc\u00fc, telefonunuzu s\u0131k\u0131ca sabitler. \u00d6zellikle ara\u00e7 kullan\u0131rken sallant\u0131, viraj veya ani frenlerde cihaz\u0131n yerinden oynamas\u0131n\u0131 engeller. 7.5W \/ 10W \/ 15W h\u0131zl\u0131 \u015farj deste\u011fi ile cihaz\u0131n\u0131z\u0131 k\u0131sa s\u00fcrede \u015farj eder.Kaymaz silikon taban ve \u00e7ift tarafl\u0131 g\u00fc\u00e7l\u00fc yap\u0131\u015fkanlar, pedin ara\u00e7 konsoluna veya masaya kolayca sabitlenmesini sa\u011flar. Kompakt boyutu, dar alanlarda bile rahat kullan\u0131m sunar.A\u015f\u0131r\u0131 \u0131s\u0131nma, a\u015f\u0131r\u0131 ak\u0131m ve k\u0131sa devre korumas\u0131, g\u00fcvenli \u015farj\u0131 garanti eder. Dahili s\u0131cakl\u0131k kontrol teknolojisi, \u015farj s\u0131ras\u0131nda \u0131s\u0131n\u0131n e\u015fit da\u011f\u0131lmas\u0131n\u0131 sa\u011flar. Bu sayede cihaz\u0131n\u0131z\u0131n pil \u00f6mr\u00fc korunur ve \u0131s\u0131nma riski ortadan kalkar.Geni\u015f cihaz uyumlulu\u011fu sayesinde Qi destekli t\u00fcm ak\u0131ll\u0131 telefonlarla \u00e7al\u0131\u015f\u0131r. Manyetik y\u00fczeyi, MagSafe destekli modellerle m\u00fckemmel uyum sa\u011flar.Hem estetik hem pratik bir yap\u0131ya sahip olan bu kablosuz \u015farj pedi, araba kullan\u0131rken, toplant\u0131dayken veya evde film izlerken kablosuz \u015farj\u0131n konforunu ya\u015faman\u0131z\u0131 sa\u011flar.Kolay ta\u015f\u0131nabilir yap\u0131s\u0131, onu kamp, ofis veya seyahatler i\u00e7in ideal hale getirir.Basit, h\u0131zl\u0131 ve g\u00fcvenli \u2013 kablo karma\u015fas\u0131 olmadan modern bir \u015farj deneyimi ya\u015fay\u0131n!<\/p>\n","protected":false},"excerpt":{"rendered":"<p>Yolda, evde veya ofiste fark etmez \u2014 bu kablosuz manyetik \u015farj pedi, her yerde konforlu \u015farj deneyimi sunar!Geli\u015fmi\u015f manyetik \u00e7ekim g\u00fcc\u00fc, telefonunuzu s\u0131k\u0131ca sabitler. \u00d6zellikle ara\u00e7 kullan\u0131rken sallant\u0131, viraj veya ani frenlerde cihaz\u0131n yerinden oynamas\u0131n\u0131 engeller. 7.5W \/ 10W \/ 15W h\u0131zl\u0131 \u015farj deste\u011fi ile cihaz\u0131n\u0131z\u0131 k\u0131sa s\u00fcrede \u015farj eder.Kaymaz silikon taban ve \u00e7ift tarafl\u0131&#8230;<\/p>\n","protected":false},"featured_media":119480,"comment_status":"open","ping_status":"closed","template":"","meta":{"_kad_post_transparent":"","_kad_post_title":"","_kad_post_layout":"","_kad_post_sidebar_id":"","_kad_post_content_style":"","_kad_post_vertical_padding":"","_kad_post_feature":"","_kad_post_feature_position":"","_kad_post_header":false,"_kad_post_footer":false,"_kad_post_classname":""},"product_brand":[],"product_cat":[14975],"product_tag":[],"class_list":{"0":"post-119481","1":"product","2":"type-product","3":"status-publish","4":"has-post-thumbnail","6":"product_cat-sarj-aletleri-sarj-aletleri","8":"first","9":"instock","10":"purchasable","11":"product-type-simple","12":"entry","13":"content-bg","14":"loop-entry"},"_links":{"self":[{"href":"https:\/\/www.hediyepazar.com\/index.php?rest_route=\/wp\/v2\/product\/119481","targetHints":{"allow":["GET"]}}],"collection":[{"href":"https:\/\/www.hediyepazar.com\/index.php?rest_route=\/wp\/v2\/product"}],"about":[{"href":"https:\/\/www.hediyepazar.com\/index.php?rest_route=\/wp\/v2\/types\/product"}],"replies":[{"embeddable":true,"href":"https:\/\/www.hediyepazar.com\/index.php?rest_route=%2Fwp%2Fv2%2Fcomments&post=119481"}],"wp:featuredmedia":[{"embeddable":true,"href":"https:\/\/www.hediyepazar.com\/index.php?rest_route=\/wp\/v2\/media\/119480"}],"wp:attachment":[{"href":"https:\/\/www.hediyepazar.com\/index.php?rest_route=%2Fwp%2Fv2%2Fmedia&parent=119481"}],"wp:term":[{"taxonomy":"product_brand","embeddable":true,"href":"https:\/\/www.hediyepazar.com\/index.php?rest_route=%2Fwp%2Fv2%2Fproduct_brand&post=119481"},{"taxonomy":"product_cat","embeddable":true,"href":"https:\/\/www.hediyepazar.com\/index.php?rest_route=%2Fwp%2Fv2%2Fproduct_cat&post=119481"},{"taxonomy":"product_tag","embeddable":true,"href":"https:\/\/www.hediyepazar.com\/index.php?rest_route=%2Fwp%2Fv2%2Fproduct_tag&post=119481"}],"curies":[{"name":"wp","href":"https:\/\/api.w.org\/{rel}","templated":true}]}}