{"id":119501,"date":"2026-05-06T01:18:22","date_gmt":"2026-05-06T04:18:22","guid":{"rendered":"https:\/\/www.hediyepazar.com\/?product=mini-elektrikli-isitici-2000w-guc-fanli-isitma-3-isi-modu"},"modified":"2026-05-06T01:18:22","modified_gmt":"2026-05-06T04:18:22","slug":"mini-elektrikli-isitici-2000w-guc-fanli-isitma-3-isi-modu","status":"publish","type":"product","link":"https:\/\/www.hediyepazar.com\/?product=mini-elektrikli-isitici-2000w-guc-fanli-isitma-3-isi-modu","title":{"rendered":"Mini Elektrikli Is\u0131t\u0131c\u0131 \u2013 2000W G\u00fc\u00e7 Fanl\u0131 Is\u0131tma 3 Is\u0131 Modu"},"content":{"rendered":"<p>K\u00fc\u00e7\u00fck ama g\u00fc\u00e7l\u00fc! Bu 2000W elektrikli \u0131s\u0131t\u0131c\u0131 fan, kompakt boyutuna ra\u011fmen etkili bir \u0131s\u0131tma performans\u0131 sunar. \u00dc\u00e7 kademeli \u0131s\u0131 modu sayesinde hem yaz hem k\u0131\u015f aylar\u0131nda kullanabilirsiniz: so\u011fuk hava, \u0131l\u0131k hava ve s\u0131cak hava.Termostat kontroll\u00fc sistem, ortam s\u0131cakl\u0131\u011f\u0131n\u0131 otomatik olarak sabit tutar. Gere\u011finden fazla \u0131s\u0131nma durumunda cihaz otomatik kapanma korumas\u0131 devreye girer.ABS + PP malzeme g\u00f6vde, \u0131s\u0131ya dayan\u0131kl\u0131 ve uzun \u00f6m\u00fcrl\u00fcd\u00fcr. 220 x 140 x 260 mm boyutlar\u0131ndaki mini tasar\u0131m\u0131, kolay ta\u015f\u0131nabilir yap\u0131 sunar. 10 m\u00b2 kapsama alan\u0131, k\u00fc\u00e7\u00fck alanlar i\u00e7in yeterlidir.Fanl\u0131 sistem, s\u0131cak havay\u0131 e\u015fit \u015fekilde da\u011f\u0131t\u0131r. Sessiz \u00e7al\u0131\u015ft\u0131\u011f\u0131 i\u00e7in \u00e7al\u0131\u015fma alanlar\u0131nda, yatak odas\u0131nda veya seyahatlerde rahatl\u0131kla kullan\u0131labilir.Kullan\u0131m\u0131 olduk\u00e7a kolayd\u0131r: G\u00fc\u00e7 kablosunu tak\u0131n, termostat\u0131 saat y\u00f6n\u00fcnde \u00e7evirin ve istedi\u011finiz s\u0131cakl\u0131k seviyesine ayarlay\u0131n. Fan modu, yaz\u0131n hava sirk\u00fclasyonu i\u00e7in de kullan\u0131labilir.Enerji verimli motoru sayesinde optimum g\u00fc\u00e7 t\u00fcketimiyle maksimum \u0131s\u0131 \u00fcretimi sa\u011flar. Hafif yap\u0131s\u0131 ve modern g\u00f6r\u00fcn\u00fcm\u00fc, her ortama kolayl\u0131kla uyum sa\u011flar.Bu \u0131s\u0131t\u0131c\u0131 fan, hem g\u00fcvenlik hem konfor hem de ta\u015f\u0131nabilirlik a\u00e7\u0131s\u0131ndan m\u00fckemmel bir \u00e7\u00f6z\u00fcmd\u00fcr. Evde, ofiste, arabada veya seyahatte \u2014 her yerde s\u0131cakl\u0131k art\u0131k sizinle!<\/p>\n","protected":false},"excerpt":{"rendered":"<p>K\u00fc\u00e7\u00fck ama g\u00fc\u00e7l\u00fc! Bu 2000W elektrikli \u0131s\u0131t\u0131c\u0131 fan, kompakt boyutuna ra\u011fmen etkili bir \u0131s\u0131tma performans\u0131 sunar. \u00dc\u00e7 kademeli \u0131s\u0131 modu sayesinde hem yaz hem k\u0131\u015f aylar\u0131nda kullanabilirsiniz: so\u011fuk hava, \u0131l\u0131k hava ve s\u0131cak hava.Termostat kontroll\u00fc sistem, ortam s\u0131cakl\u0131\u011f\u0131n\u0131 otomatik olarak sabit tutar. Gere\u011finden fazla \u0131s\u0131nma durumunda cihaz otomatik kapanma korumas\u0131 devreye girer.ABS + PP malzeme&#8230;<\/p>\n","protected":false},"featured_media":119500,"comment_status":"open","ping_status":"closed","template":"","meta":{"_kad_post_transparent":"","_kad_post_title":"","_kad_post_layout":"","_kad_post_sidebar_id":"","_kad_post_content_style":"","_kad_post_vertical_padding":"","_kad_post_feature":"","_kad_post_feature_position":"","_kad_post_header":false,"_kad_post_footer":false,"_kad_post_classname":""},"product_brand":[],"product_cat":[15097],"product_tag":[],"class_list":{"0":"post-119501","1":"product","2":"type-product","3":"status-publish","4":"has-post-thumbnail","6":"product_cat-elektrikli-soba-elektrikli-soba","8":"first","9":"instock","10":"purchasable","11":"product-type-simple","12":"entry","13":"content-bg","14":"loop-entry"},"_links":{"self":[{"href":"https:\/\/www.hediyepazar.com\/index.php?rest_route=\/wp\/v2\/product\/119501","targetHints":{"allow":["GET"]}}],"collection":[{"href":"https:\/\/www.hediyepazar.com\/index.php?rest_route=\/wp\/v2\/product"}],"about":[{"href":"https:\/\/www.hediyepazar.com\/index.php?rest_route=\/wp\/v2\/types\/product"}],"replies":[{"embeddable":true,"href":"https:\/\/www.hediyepazar.com\/index.php?rest_route=%2Fwp%2Fv2%2Fcomments&post=119501"}],"wp:featuredmedia":[{"embeddable":true,"href":"https:\/\/www.hediyepazar.com\/index.php?rest_route=\/wp\/v2\/media\/119500"}],"wp:attachment":[{"href":"https:\/\/www.hediyepazar.com\/index.php?rest_route=%2Fwp%2Fv2%2Fmedia&parent=119501"}],"wp:term":[{"taxonomy":"product_brand","embeddable":true,"href":"https:\/\/www.hediyepazar.com\/index.php?rest_route=%2Fwp%2Fv2%2Fproduct_brand&post=119501"},{"taxonomy":"product_cat","embeddable":true,"href":"https:\/\/www.hediyepazar.com\/index.php?rest_route=%2Fwp%2Fv2%2Fproduct_cat&post=119501"},{"taxonomy":"product_tag","embeddable":true,"href":"https:\/\/www.hediyepazar.com\/index.php?rest_route=%2Fwp%2Fv2%2Fproduct_tag&post=119501"}],"curies":[{"name":"wp","href":"https:\/\/api.w.org\/{rel}","templated":true}]}}