{"id":119514,"date":"2026-05-06T01:23:01","date_gmt":"2026-05-06T04:23:01","guid":{"rendered":"https:\/\/www.hediyepazar.com\/?product=usb-sarjli-akilli-karistirici-kupa-isitma-altlikli-ip6-su-gecirmez"},"modified":"2026-05-06T01:23:01","modified_gmt":"2026-05-06T04:23:01","slug":"usb-sarjli-akilli-karistirici-kupa-isitma-altlikli-ip6-su-gecirmez","status":"publish","type":"product","link":"https:\/\/www.hediyepazar.com\/?product=usb-sarjli-akilli-karistirici-kupa-isitma-altlikli-ip6-su-gecirmez","title":{"rendered":"USB \u015earjl\u0131 Ak\u0131ll\u0131 Kar\u0131\u015ft\u0131r\u0131c\u0131 Kupa \u2013 Is\u0131tma Altl\u0131kl\u0131 IP6 Su Ge\u00e7irmez"},"content":{"rendered":"<p>Teknolojiyle donat\u0131lm\u0131\u015f bu ak\u0131ll\u0131 kar\u0131\u015ft\u0131r\u0131c\u0131 kupa, i\u00e7ecek keyfini bir \u00fcst seviyeye ta\u015f\u0131yor! 400 ml kapasitesiyle kahve, \u00e7ay, s\u00fct, protein shake veya s\u0131cak \u00e7ikolata haz\u0131rlamak i\u00e7in idealdir. 1W g\u00fc\u00e7 ve 7000 rpm motor h\u0131z\u0131 sayesinde i\u00e7ece\u011finizi saniyeler i\u00e7inde p\u00fcr\u00fczs\u00fcz hale getirir.\u00dcr\u00fcn, \u00fc\u00e7 farkl\u0131 g\u00fc\u00e7 kayna\u011f\u0131 se\u00e7ene\u011fiyle dikkat \u00e7eker: 2 adet AAA pil (model kab\u0131 i\u00e7in), 350 mAh \u015farjl\u0131 pil (C tipi \u015farj giri\u015fiyle) veya USB altl\u0131k \u00fczerinden do\u011frudan g\u00fc\u00e7 alabilir. Bu \u00e7ok y\u00f6nl\u00fcl\u00fck, evde, ofiste veya seyahatte kullan\u0131m kolayl\u0131\u011f\u0131 sa\u011flar.IP6 su ge\u00e7irmez g\u00f6vdesi, s\u0131v\u0131 s\u0131zd\u0131rmazl\u0131\u011f\u0131 garanti eder. Y\u00fcksek kaliteli borosilikat cam hem s\u0131cak hem so\u011fuk i\u00e7eceklerle \u00e7atlamadan ba\u015fa \u00e7\u0131kar. G\u0131da s\u0131n\u0131f\u0131 PP malzemeden \u00fcretilen \u00fc\u00e7 u\u00e7lu kar\u0131\u015ft\u0131rma \u00e7ubu\u011fu, g\u00fcvenli ve hijyeniktir. Kar\u0131\u015ft\u0131rma sistemi 3 boyutlu d\u00f6ng\u00fcyle \u00e7al\u0131\u015farak i\u00e7ece\u011fi homojen, ipeksi bir k\u0131vama getirir.Kar\u0131\u015ft\u0131rma \u00e7ubu\u011fu \u00e7\u0131kar\u0131labilir, sap k\u0131sm\u0131 kaybolmamas\u0131 i\u00e7in bardak i\u00e7ine yerle\u015ftirilebilir. \u00dcst k\u0131s\u0131mdaki dokunmatik anahtar, yaln\u0131zca hafif bir bas\u0131\u015fla kar\u0131\u015ft\u0131rmay\u0131 ba\u015flat\u0131r. Altl\u0131k k\u0131sm\u0131, d\u00fcz tabanl\u0131 bardaklarda sabit s\u0131cakl\u0131kta \u0131s\u0131tma \u00f6zelli\u011fi sunar, i\u00e7ece\u011finizin s\u0131cakl\u0131\u011f\u0131n\u0131 korur.Kompakt boyutlar\u0131 (14,5 \u00d7 10,5 \u00d7 8,8 cm) ve 200 g a\u011f\u0131rl\u0131\u011f\u0131yla ta\u015f\u0131nabilir; \u015f\u0131k, sade tasar\u0131m\u0131yla masan\u0131zda modern bir g\u00f6r\u00fcn\u00fcm olu\u015fturur. Kahve severler i\u00e7in yenilik\u00e7i, pratik ve zarif bir \u00e7\u00f6z\u00fcm.<\/p>\n","protected":false},"excerpt":{"rendered":"<p>Teknolojiyle donat\u0131lm\u0131\u015f bu ak\u0131ll\u0131 kar\u0131\u015ft\u0131r\u0131c\u0131 kupa, i\u00e7ecek keyfini bir \u00fcst seviyeye ta\u015f\u0131yor! 400 ml kapasitesiyle kahve, \u00e7ay, s\u00fct, protein shake veya s\u0131cak \u00e7ikolata haz\u0131rlamak i\u00e7in idealdir. 1W g\u00fc\u00e7 ve 7000 rpm motor h\u0131z\u0131 sayesinde i\u00e7ece\u011finizi saniyeler i\u00e7inde p\u00fcr\u00fczs\u00fcz hale getirir.\u00dcr\u00fcn, \u00fc\u00e7 farkl\u0131 g\u00fc\u00e7 kayna\u011f\u0131 se\u00e7ene\u011fiyle dikkat \u00e7eker: 2 adet AAA pil (model kab\u0131 i\u00e7in), 350&#8230;<\/p>\n","protected":false},"featured_media":119513,"comment_status":"open","ping_status":"closed","template":"","meta":{"_kad_post_transparent":"","_kad_post_title":"","_kad_post_layout":"","_kad_post_sidebar_id":"","_kad_post_content_style":"","_kad_post_vertical_padding":"","_kad_post_feature":"","_kad_post_feature_position":"","_kad_post_header":false,"_kad_post_footer":false,"_kad_post_classname":""},"product_brand":[],"product_cat":[15014],"product_tag":[],"class_list":{"0":"post-119514","1":"product","2":"type-product","3":"status-publish","4":"has-post-thumbnail","6":"product_cat-mug-mug","8":"first","9":"instock","10":"purchasable","11":"product-type-simple","12":"entry","13":"content-bg","14":"loop-entry"},"_links":{"self":[{"href":"https:\/\/www.hediyepazar.com\/index.php?rest_route=\/wp\/v2\/product\/119514","targetHints":{"allow":["GET"]}}],"collection":[{"href":"https:\/\/www.hediyepazar.com\/index.php?rest_route=\/wp\/v2\/product"}],"about":[{"href":"https:\/\/www.hediyepazar.com\/index.php?rest_route=\/wp\/v2\/types\/product"}],"replies":[{"embeddable":true,"href":"https:\/\/www.hediyepazar.com\/index.php?rest_route=%2Fwp%2Fv2%2Fcomments&post=119514"}],"wp:featuredmedia":[{"embeddable":true,"href":"https:\/\/www.hediyepazar.com\/index.php?rest_route=\/wp\/v2\/media\/119513"}],"wp:attachment":[{"href":"https:\/\/www.hediyepazar.com\/index.php?rest_route=%2Fwp%2Fv2%2Fmedia&parent=119514"}],"wp:term":[{"taxonomy":"product_brand","embeddable":true,"href":"https:\/\/www.hediyepazar.com\/index.php?rest_route=%2Fwp%2Fv2%2Fproduct_brand&post=119514"},{"taxonomy":"product_cat","embeddable":true,"href":"https:\/\/www.hediyepazar.com\/index.php?rest_route=%2Fwp%2Fv2%2Fproduct_cat&post=119514"},{"taxonomy":"product_tag","embeddable":true,"href":"https:\/\/www.hediyepazar.com\/index.php?rest_route=%2Fwp%2Fv2%2Fproduct_tag&post=119514"}],"curies":[{"name":"wp","href":"https:\/\/api.w.org\/{rel}","templated":true}]}}