{"id":119521,"date":"2026-05-06T01:24:08","date_gmt":"2026-05-06T04:24:08","guid":{"rendered":"https:\/\/www.hediyepazar.com\/?product=paslanmaz-celik-sarjli-karistirma-kupa-otomatik-manyetik-blender-fincan"},"modified":"2026-05-06T01:24:08","modified_gmt":"2026-05-06T04:24:08","slug":"paslanmaz-celik-sarjli-karistirma-kupa-otomatik-manyetik-blender-fincan","status":"publish","type":"product","link":"https:\/\/www.hediyepazar.com\/?product=paslanmaz-celik-sarjli-karistirma-kupa-otomatik-manyetik-blender-fincan","title":{"rendered":"Paslanmaz \u00c7elik \u015earjl\u0131 Kar\u0131\u015ft\u0131rma Kupa \u2013 Otomatik Manyetik Blender Fincan"},"content":{"rendered":"<p>Sabah kahvesi, spor sonras\u0131 protein shake ya da ak\u015fam s\u0131cak \u00e7ikolata\u2026 Ne i\u00e7mek isterseniz, art\u0131k tek tu\u015fla haz\u0131rlayabilirsiniz! Bu otomatik manyetik kar\u0131\u015ft\u0131r\u0131c\u0131 kupa, i\u00e7ecekleri kar\u0131\u015ft\u0131rmak i\u00e7in ideal bir yard\u0131mc\u0131d\u0131r. USB ba\u011flant\u0131s\u0131 ile kolayca \u015farj edilebilir, 1,5 saatlik k\u0131sa s\u00fcrede tam kapasiteye ula\u015f\u0131r. Pil gerektirmez ve ta\u015f\u0131nabilir yap\u0131s\u0131yla diledi\u011finiz yere g\u00f6t\u00fcrebilirsiniz.304 paslanmaz \u00e7elik astar, uzun \u00f6m\u00fcrl\u00fc kullan\u0131m sunarken, d\u0131\u015f k\u0131sm\u0131 g\u0131da s\u0131n\u0131f\u0131 ABS plastikten \u00fcretilmi\u015ftir. \u00c7ift katmanl\u0131 yal\u0131t\u0131m\u0131 sayesinde s\u0131cak i\u00e7ecekleri g\u00fcvenle tutabilir, elinizi yakmadan kullanabilirsiniz. \u0130\u00e7ece\u011finizi homojen hale getiren manyetik kar\u0131\u015ft\u0131rma teknolojisi, y\u00fcksek h\u0131zda d\u00f6nen m\u0131knat\u0131s sistemiyle i\u00e7eri\u011fi e\u015fit \u015fekilde kar\u0131\u015ft\u0131r\u0131r. Kahve, s\u00fct, \u00e7ay, kakao, yulaf lapas\u0131 ya da protein tozu i\u00e7in m\u00fckemmel bir performans sa\u011flar.\u00dcr\u00fcn\u00fcn otomatik kar\u0131\u015ft\u0131rma modu, yaln\u0131zca tek bir d\u00fc\u011fmeye bas\u0131larak devreye girer. Kullan\u0131m\u0131 kolayd\u0131r, ya\u015fl\u0131lar ve \u00e7ocuklar i\u00e7in bile g\u00fcvenlidir. Fiziksel kar\u0131\u015ft\u0131rma prensibi sayesinde s\u0131cakl\u0131\u011f\u0131 h\u0131zl\u0131ca da\u011f\u0131t\u0131r ve kar\u0131\u015f\u0131m\u0131n topaklanmas\u0131n\u0131 \u00f6nler.Temizli\u011fi ise son derece pratiktir. Yaln\u0131zca suyla durulaman\u0131z yeterli olur; motor k\u0131sm\u0131n\u0131 tamamen suya bat\u0131rman\u0131z \u00f6nerilmez. Hafif ve kompakt tasar\u0131m\u0131 sayesinde seyahatlerde \u00e7antan\u0131za s\u0131\u011far.Modern tasar\u0131m\u0131, paslanmaz \u00e7elik parlakl\u0131\u011f\u0131 ve pratik \u015farj \u00f6zelli\u011fiyle mutfa\u011f\u0131n\u0131zda veya ofis masan\u0131zda dikkat \u00e7eker. Zamandan tasarruf, konforlu kullan\u0131m ve \u015f\u0131k g\u00f6r\u00fcn\u00fcm arayan herkes i\u00e7in m\u00fckemmel bir \u00fcr\u00fcnd\u00fcr.<\/p>\n","protected":false},"excerpt":{"rendered":"<p>Sabah kahvesi, spor sonras\u0131 protein shake ya da ak\u015fam s\u0131cak \u00e7ikolata\u2026 Ne i\u00e7mek isterseniz, art\u0131k tek tu\u015fla haz\u0131rlayabilirsiniz! Bu otomatik manyetik kar\u0131\u015ft\u0131r\u0131c\u0131 kupa, i\u00e7ecekleri kar\u0131\u015ft\u0131rmak i\u00e7in ideal bir yard\u0131mc\u0131d\u0131r. USB ba\u011flant\u0131s\u0131 ile kolayca \u015farj edilebilir, 1,5 saatlik k\u0131sa s\u00fcrede tam kapasiteye ula\u015f\u0131r. Pil gerektirmez ve ta\u015f\u0131nabilir yap\u0131s\u0131yla diledi\u011finiz yere g\u00f6t\u00fcrebilirsiniz.304 paslanmaz \u00e7elik astar, uzun \u00f6m\u00fcrl\u00fc&#8230;<\/p>\n","protected":false},"featured_media":119520,"comment_status":"open","ping_status":"closed","template":"","meta":{"_kad_post_transparent":"","_kad_post_title":"","_kad_post_layout":"","_kad_post_sidebar_id":"","_kad_post_content_style":"","_kad_post_vertical_padding":"","_kad_post_feature":"","_kad_post_feature_position":"","_kad_post_header":false,"_kad_post_footer":false,"_kad_post_classname":""},"product_brand":[],"product_cat":[15014],"product_tag":[],"class_list":{"0":"post-119521","1":"product","2":"type-product","3":"status-publish","4":"has-post-thumbnail","6":"product_cat-mug-mug","8":"first","9":"instock","10":"purchasable","11":"product-type-simple","12":"entry","13":"content-bg","14":"loop-entry"},"_links":{"self":[{"href":"https:\/\/www.hediyepazar.com\/index.php?rest_route=\/wp\/v2\/product\/119521","targetHints":{"allow":["GET"]}}],"collection":[{"href":"https:\/\/www.hediyepazar.com\/index.php?rest_route=\/wp\/v2\/product"}],"about":[{"href":"https:\/\/www.hediyepazar.com\/index.php?rest_route=\/wp\/v2\/types\/product"}],"replies":[{"embeddable":true,"href":"https:\/\/www.hediyepazar.com\/index.php?rest_route=%2Fwp%2Fv2%2Fcomments&post=119521"}],"wp:featuredmedia":[{"embeddable":true,"href":"https:\/\/www.hediyepazar.com\/index.php?rest_route=\/wp\/v2\/media\/119520"}],"wp:attachment":[{"href":"https:\/\/www.hediyepazar.com\/index.php?rest_route=%2Fwp%2Fv2%2Fmedia&parent=119521"}],"wp:term":[{"taxonomy":"product_brand","embeddable":true,"href":"https:\/\/www.hediyepazar.com\/index.php?rest_route=%2Fwp%2Fv2%2Fproduct_brand&post=119521"},{"taxonomy":"product_cat","embeddable":true,"href":"https:\/\/www.hediyepazar.com\/index.php?rest_route=%2Fwp%2Fv2%2Fproduct_cat&post=119521"},{"taxonomy":"product_tag","embeddable":true,"href":"https:\/\/www.hediyepazar.com\/index.php?rest_route=%2Fwp%2Fv2%2Fproduct_tag&post=119521"}],"curies":[{"name":"wp","href":"https:\/\/api.w.org\/{rel}","templated":true}]}}