{"id":119525,"date":"2026-05-06T01:24:21","date_gmt":"2026-05-06T04:24:21","guid":{"rendered":"https:\/\/www.hediyepazar.com\/?product=retro-pikap-tasarimli-bluetooth-hoparlor-projektorlu-sarjli-lamba"},"modified":"2026-05-06T01:24:21","modified_gmt":"2026-05-06T04:24:21","slug":"retro-pikap-tasarimli-bluetooth-hoparlor-projektorlu-sarjli-lamba","status":"publish","type":"product","link":"https:\/\/www.hediyepazar.com\/?product=retro-pikap-tasarimli-bluetooth-hoparlor-projektorlu-sarjli-lamba","title":{"rendered":"Retro Pikap Tasar\u0131ml\u0131 Bluetooth Hoparl\u00f6r \u2013 Projekt\u00f6rl\u00fc \u015earjl\u0131 Lamba"},"content":{"rendered":"<p>Ge\u00e7mi\u015fin nostaljisini g\u00fcn\u00fcm\u00fcz teknolojisiyle birle\u015ftiren bu retro pikap hoparl\u00f6r, m\u00fczik tutkunlar\u0131n\u0131n vazge\u00e7ilmezi olacak. Bluetooth, AUX, USB, Type-C ve haf\u0131za kart\u0131 giri\u015fleriyle her cihazla uyumlu \u00e7al\u0131\u015f\u0131r. 360\u00b0 ses efektiyle odan\u0131n her k\u00f6\u015fesine g\u00fc\u00e7l\u00fc ve net bir ses yayar. Dahili projekt\u00f6r \u00f6zelli\u011fiyle duvarlara b\u00fcy\u00fcleyici \u0131\u015f\u0131klar yans\u0131t\u0131rken, gece lambas\u0131 modu ile huzurlu bir atmosfer olu\u015fturur. \u00dc\u00e7 farkl\u0131 renk se\u00e7ene\u011fi sayesinde ortam\u0131n ambiyans\u0131n\u0131 diledi\u011finiz gibi ayarlayabilirsiniz. \u015earjl\u0131 ve ta\u015f\u0131nabilir yap\u0131s\u0131yla ister evde, ister d\u0131\u015far\u0131da keyifle kullan\u0131n.<\/p>\n","protected":false},"excerpt":{"rendered":"<p>Ge\u00e7mi\u015fin nostaljisini g\u00fcn\u00fcm\u00fcz teknolojisiyle birle\u015ftiren bu retro pikap hoparl\u00f6r, m\u00fczik tutkunlar\u0131n\u0131n vazge\u00e7ilmezi olacak. Bluetooth, AUX, USB, Type-C ve haf\u0131za kart\u0131 giri\u015fleriyle her cihazla uyumlu \u00e7al\u0131\u015f\u0131r. 360\u00b0 ses efektiyle odan\u0131n her k\u00f6\u015fesine g\u00fc\u00e7l\u00fc ve net bir ses yayar. Dahili projekt\u00f6r \u00f6zelli\u011fiyle duvarlara b\u00fcy\u00fcleyici \u0131\u015f\u0131klar yans\u0131t\u0131rken, gece lambas\u0131 modu ile huzurlu bir atmosfer olu\u015fturur. \u00dc\u00e7 farkl\u0131 renk&#8230;<\/p>\n","protected":false},"featured_media":119524,"comment_status":"open","ping_status":"closed","template":"","meta":{"_kad_post_transparent":"","_kad_post_title":"","_kad_post_layout":"","_kad_post_sidebar_id":"","_kad_post_content_style":"","_kad_post_vertical_padding":"","_kad_post_feature":"","_kad_post_feature_position":"","_kad_post_header":false,"_kad_post_footer":false,"_kad_post_classname":""},"product_brand":[],"product_cat":[14911],"product_tag":[],"class_list":{"0":"post-119525","1":"product","2":"type-product","3":"status-publish","4":"has-post-thumbnail","6":"product_cat-kablosuz-hoparlor-kablosuz-hoparlor","8":"first","9":"instock","10":"purchasable","11":"product-type-simple","12":"entry","13":"content-bg","14":"loop-entry"},"_links":{"self":[{"href":"https:\/\/www.hediyepazar.com\/index.php?rest_route=\/wp\/v2\/product\/119525","targetHints":{"allow":["GET"]}}],"collection":[{"href":"https:\/\/www.hediyepazar.com\/index.php?rest_route=\/wp\/v2\/product"}],"about":[{"href":"https:\/\/www.hediyepazar.com\/index.php?rest_route=\/wp\/v2\/types\/product"}],"replies":[{"embeddable":true,"href":"https:\/\/www.hediyepazar.com\/index.php?rest_route=%2Fwp%2Fv2%2Fcomments&post=119525"}],"wp:featuredmedia":[{"embeddable":true,"href":"https:\/\/www.hediyepazar.com\/index.php?rest_route=\/wp\/v2\/media\/119524"}],"wp:attachment":[{"href":"https:\/\/www.hediyepazar.com\/index.php?rest_route=%2Fwp%2Fv2%2Fmedia&parent=119525"}],"wp:term":[{"taxonomy":"product_brand","embeddable":true,"href":"https:\/\/www.hediyepazar.com\/index.php?rest_route=%2Fwp%2Fv2%2Fproduct_brand&post=119525"},{"taxonomy":"product_cat","embeddable":true,"href":"https:\/\/www.hediyepazar.com\/index.php?rest_route=%2Fwp%2Fv2%2Fproduct_cat&post=119525"},{"taxonomy":"product_tag","embeddable":true,"href":"https:\/\/www.hediyepazar.com\/index.php?rest_route=%2Fwp%2Fv2%2Fproduct_tag&post=119525"}],"curies":[{"name":"wp","href":"https:\/\/api.w.org\/{rel}","templated":true}]}}