{"id":119535,"date":"2026-05-06T01:27:03","date_gmt":"2026-05-06T04:27:03","guid":{"rendered":"https:\/\/www.hediyepazar.com\/?product=retro-bluetooth-hoparlor-kristal-ses-gece-lambasi-saatli-tasarim"},"modified":"2026-05-06T01:27:03","modified_gmt":"2026-05-06T04:27:03","slug":"retro-bluetooth-hoparlor-kristal-ses-gece-lambasi-saatli-tasarim","status":"publish","type":"product","link":"https:\/\/www.hediyepazar.com\/?product=retro-bluetooth-hoparlor-kristal-ses-gece-lambasi-saatli-tasarim","title":{"rendered":"Retro Bluetooth Hoparl\u00f6r \u2013 Kristal Ses Gece Lambas\u0131 Saatli Tasar\u0131m"},"content":{"rendered":"<p>Modern ya\u015fam alanlar\u0131na nostaljik bir dokunu\u015f! Bu retro tarz hoparl\u00f6r, g\u00fc\u00e7l\u00fc stereo ses sistemi, yumu\u015fak gece \u0131\u015f\u0131\u011f\u0131 ve zaman g\u00f6stergesi \u00f6zelliklerini bir arada sunar. Kristal netli\u011finde ses teknolojisi, m\u00fczikte en ince detaylar\u0131 bile duyabilmenizi sa\u011flar. Su dalgas\u0131 efektli ayd\u0131nlatma, s\u0131cak bir ortam yarat\u0131r. Yatak odas\u0131, oturma odas\u0131 veya \u00e7al\u0131\u015fma alanlar\u0131 i\u00e7in hem estetik hem i\u015flevsel bir se\u00e7imdir. Hediye olarak da olduk\u00e7a \u00f6zel bir tercihtir.<\/p>\n","protected":false},"excerpt":{"rendered":"<p>Modern ya\u015fam alanlar\u0131na nostaljik bir dokunu\u015f! Bu retro tarz hoparl\u00f6r, g\u00fc\u00e7l\u00fc stereo ses sistemi, yumu\u015fak gece \u0131\u015f\u0131\u011f\u0131 ve zaman g\u00f6stergesi \u00f6zelliklerini bir arada sunar. Kristal netli\u011finde ses teknolojisi, m\u00fczikte en ince detaylar\u0131 bile duyabilmenizi sa\u011flar. Su dalgas\u0131 efektli ayd\u0131nlatma, s\u0131cak bir ortam yarat\u0131r. Yatak odas\u0131, oturma odas\u0131 veya \u00e7al\u0131\u015fma alanlar\u0131 i\u00e7in hem estetik hem i\u015flevsel&#8230;<\/p>\n","protected":false},"featured_media":119534,"comment_status":"open","ping_status":"closed","template":"","meta":{"_kad_post_transparent":"","_kad_post_title":"","_kad_post_layout":"","_kad_post_sidebar_id":"","_kad_post_content_style":"","_kad_post_vertical_padding":"","_kad_post_feature":"","_kad_post_feature_position":"","_kad_post_header":false,"_kad_post_footer":false,"_kad_post_classname":""},"product_brand":[],"product_cat":[14911],"product_tag":[],"class_list":{"0":"post-119535","1":"product","2":"type-product","3":"status-publish","4":"has-post-thumbnail","6":"product_cat-kablosuz-hoparlor-kablosuz-hoparlor","8":"first","9":"instock","10":"purchasable","11":"product-type-simple","12":"entry","13":"content-bg","14":"loop-entry"},"_links":{"self":[{"href":"https:\/\/www.hediyepazar.com\/index.php?rest_route=\/wp\/v2\/product\/119535","targetHints":{"allow":["GET"]}}],"collection":[{"href":"https:\/\/www.hediyepazar.com\/index.php?rest_route=\/wp\/v2\/product"}],"about":[{"href":"https:\/\/www.hediyepazar.com\/index.php?rest_route=\/wp\/v2\/types\/product"}],"replies":[{"embeddable":true,"href":"https:\/\/www.hediyepazar.com\/index.php?rest_route=%2Fwp%2Fv2%2Fcomments&post=119535"}],"wp:featuredmedia":[{"embeddable":true,"href":"https:\/\/www.hediyepazar.com\/index.php?rest_route=\/wp\/v2\/media\/119534"}],"wp:attachment":[{"href":"https:\/\/www.hediyepazar.com\/index.php?rest_route=%2Fwp%2Fv2%2Fmedia&parent=119535"}],"wp:term":[{"taxonomy":"product_brand","embeddable":true,"href":"https:\/\/www.hediyepazar.com\/index.php?rest_route=%2Fwp%2Fv2%2Fproduct_brand&post=119535"},{"taxonomy":"product_cat","embeddable":true,"href":"https:\/\/www.hediyepazar.com\/index.php?rest_route=%2Fwp%2Fv2%2Fproduct_cat&post=119535"},{"taxonomy":"product_tag","embeddable":true,"href":"https:\/\/www.hediyepazar.com\/index.php?rest_route=%2Fwp%2Fv2%2Fproduct_tag&post=119535"}],"curies":[{"name":"wp","href":"https:\/\/api.w.org\/{rel}","templated":true}]}}