{"id":119537,"date":"2026-05-06T01:27:10","date_gmt":"2026-05-06T04:27:10","guid":{"rendered":"https:\/\/www.hediyepazar.com\/?product=retro-bluetooth-hoparlor-yumusak-gece-lambasi-ve-saat-gostergeli"},"modified":"2026-05-06T01:27:10","modified_gmt":"2026-05-06T04:27:10","slug":"retro-bluetooth-hoparlor-yumusak-gece-lambasi-ve-saat-gostergeli","status":"publish","type":"product","link":"https:\/\/www.hediyepazar.com\/?product=retro-bluetooth-hoparlor-yumusak-gece-lambasi-ve-saat-gostergeli","title":{"rendered":"Retro Bluetooth Hoparl\u00f6r \u2013 Yumu\u015fak Gece Lambas\u0131 ve Saat G\u00f6stergeli"},"content":{"rendered":"<p>Bu \u00e7ok y\u00f6nl\u00fc bluetooth hoparl\u00f6r, m\u00fckemmel bir gece lambas\u0131 ve dijital saat i\u015fleviyle birle\u015ftirilmi\u015ftir. \u015eeffaf su dalgas\u0131 ayd\u0131nlatmas\u0131, gece boyunca rahatlat\u0131c\u0131 bir atmosfer sunar. Kristal netli\u011finde stereo ses kalitesi, y\u00fcksek ses seviyesi ve zengin baslarla m\u00fczi\u011fi doyumsuz hale getirir. Retro plak \u00e7alar tasar\u0131m\u0131, klasik zarafeti modern \u00e7izgilerle bulu\u015fturur. Kompakt boyutu sayesinde ba\u015fucu masalar\u0131nda veya ofislerde \u015f\u0131k bir tamamlay\u0131c\u0131d\u0131r.<\/p>\n","protected":false},"excerpt":{"rendered":"<p>Bu \u00e7ok y\u00f6nl\u00fc bluetooth hoparl\u00f6r, m\u00fckemmel bir gece lambas\u0131 ve dijital saat i\u015fleviyle birle\u015ftirilmi\u015ftir. \u015eeffaf su dalgas\u0131 ayd\u0131nlatmas\u0131, gece boyunca rahatlat\u0131c\u0131 bir atmosfer sunar. Kristal netli\u011finde stereo ses kalitesi, y\u00fcksek ses seviyesi ve zengin baslarla m\u00fczi\u011fi doyumsuz hale getirir. Retro plak \u00e7alar tasar\u0131m\u0131, klasik zarafeti modern \u00e7izgilerle bulu\u015fturur. Kompakt boyutu sayesinde ba\u015fucu masalar\u0131nda veya ofislerde&#8230;<\/p>\n","protected":false},"featured_media":119536,"comment_status":"open","ping_status":"closed","template":"","meta":{"_kad_post_transparent":"","_kad_post_title":"","_kad_post_layout":"","_kad_post_sidebar_id":"","_kad_post_content_style":"","_kad_post_vertical_padding":"","_kad_post_feature":"","_kad_post_feature_position":"","_kad_post_header":false,"_kad_post_footer":false,"_kad_post_classname":""},"product_brand":[],"product_cat":[14911],"product_tag":[],"class_list":{"0":"post-119537","1":"product","2":"type-product","3":"status-publish","4":"has-post-thumbnail","6":"product_cat-kablosuz-hoparlor-kablosuz-hoparlor","8":"first","9":"instock","10":"purchasable","11":"product-type-simple","12":"entry","13":"content-bg","14":"loop-entry"},"_links":{"self":[{"href":"https:\/\/www.hediyepazar.com\/index.php?rest_route=\/wp\/v2\/product\/119537","targetHints":{"allow":["GET"]}}],"collection":[{"href":"https:\/\/www.hediyepazar.com\/index.php?rest_route=\/wp\/v2\/product"}],"about":[{"href":"https:\/\/www.hediyepazar.com\/index.php?rest_route=\/wp\/v2\/types\/product"}],"replies":[{"embeddable":true,"href":"https:\/\/www.hediyepazar.com\/index.php?rest_route=%2Fwp%2Fv2%2Fcomments&post=119537"}],"wp:featuredmedia":[{"embeddable":true,"href":"https:\/\/www.hediyepazar.com\/index.php?rest_route=\/wp\/v2\/media\/119536"}],"wp:attachment":[{"href":"https:\/\/www.hediyepazar.com\/index.php?rest_route=%2Fwp%2Fv2%2Fmedia&parent=119537"}],"wp:term":[{"taxonomy":"product_brand","embeddable":true,"href":"https:\/\/www.hediyepazar.com\/index.php?rest_route=%2Fwp%2Fv2%2Fproduct_brand&post=119537"},{"taxonomy":"product_cat","embeddable":true,"href":"https:\/\/www.hediyepazar.com\/index.php?rest_route=%2Fwp%2Fv2%2Fproduct_cat&post=119537"},{"taxonomy":"product_tag","embeddable":true,"href":"https:\/\/www.hediyepazar.com\/index.php?rest_route=%2Fwp%2Fv2%2Fproduct_tag&post=119537"}],"curies":[{"name":"wp","href":"https:\/\/api.w.org\/{rel}","templated":true}]}}