{"id":119541,"date":"2026-05-06T01:27:22","date_gmt":"2026-05-06T04:27:22","guid":{"rendered":"https:\/\/www.hediyepazar.com\/?product=retro-kristal-netliginde-ses-gece-isikli-retro-bluetooth-hoparlor"},"modified":"2026-05-06T01:27:22","modified_gmt":"2026-05-06T04:27:22","slug":"retro-kristal-netliginde-ses-gece-isikli-retro-bluetooth-hoparlor","status":"publish","type":"product","link":"https:\/\/www.hediyepazar.com\/?product=retro-kristal-netliginde-ses-gece-isikli-retro-bluetooth-hoparlor","title":{"rendered":"Retro Kristal Netli\u011finde Ses \u2013 Gece I\u015f\u0131kl\u0131 Retro Bluetooth Hoparl\u00f6r"},"content":{"rendered":"<p>K\u00fc\u00e7\u00fck ama g\u00fc\u00e7l\u00fc! Bu gece \u0131\u015f\u0131kl\u0131 bluetooth hoparl\u00f6r, kristal netli\u011finde stereo ses kalitesiyle etkileyici bir m\u00fczik deneyimi sunar. \u015e\u0131k retro plak \u00e7alar tasar\u0131m\u0131, modern fonksiyonlar\u0131yla birle\u015ferek hem g\u00f6z al\u0131c\u0131 hem pratik bir cihaz olu\u015fturur. Entegre gece lambas\u0131, yumu\u015fak su dalgas\u0131 par\u0131lt\u0131s\u0131yla odan\u0131za huzur katar. Zaman ve pil ekran\u0131, cihaz\u0131n t\u00fcm kontrollerini kolayla\u015ft\u0131r\u0131r. Kompakt boyutuna ra\u011fmen g\u00fc\u00e7l\u00fc ses performans\u0131 sayesinde evde, ofiste veya seyahatte m\u00fczi\u011fin keyfini \u00e7\u0131karabilirsiniz.<\/p>\n","protected":false},"excerpt":{"rendered":"<p>K\u00fc\u00e7\u00fck ama g\u00fc\u00e7l\u00fc! Bu gece \u0131\u015f\u0131kl\u0131 bluetooth hoparl\u00f6r, kristal netli\u011finde stereo ses kalitesiyle etkileyici bir m\u00fczik deneyimi sunar. \u015e\u0131k retro plak \u00e7alar tasar\u0131m\u0131, modern fonksiyonlar\u0131yla birle\u015ferek hem g\u00f6z al\u0131c\u0131 hem pratik bir cihaz olu\u015fturur. Entegre gece lambas\u0131, yumu\u015fak su dalgas\u0131 par\u0131lt\u0131s\u0131yla odan\u0131za huzur katar. Zaman ve pil ekran\u0131, cihaz\u0131n t\u00fcm kontrollerini kolayla\u015ft\u0131r\u0131r. Kompakt boyutuna ra\u011fmen&#8230;<\/p>\n","protected":false},"featured_media":119540,"comment_status":"open","ping_status":"closed","template":"","meta":{"_kad_post_transparent":"","_kad_post_title":"","_kad_post_layout":"","_kad_post_sidebar_id":"","_kad_post_content_style":"","_kad_post_vertical_padding":"","_kad_post_feature":"","_kad_post_feature_position":"","_kad_post_header":false,"_kad_post_footer":false,"_kad_post_classname":""},"product_brand":[],"product_cat":[14911],"product_tag":[],"class_list":{"0":"post-119541","1":"product","2":"type-product","3":"status-publish","4":"has-post-thumbnail","6":"product_cat-kablosuz-hoparlor-kablosuz-hoparlor","8":"first","9":"instock","10":"purchasable","11":"product-type-simple","12":"entry","13":"content-bg","14":"loop-entry"},"_links":{"self":[{"href":"https:\/\/www.hediyepazar.com\/index.php?rest_route=\/wp\/v2\/product\/119541","targetHints":{"allow":["GET"]}}],"collection":[{"href":"https:\/\/www.hediyepazar.com\/index.php?rest_route=\/wp\/v2\/product"}],"about":[{"href":"https:\/\/www.hediyepazar.com\/index.php?rest_route=\/wp\/v2\/types\/product"}],"replies":[{"embeddable":true,"href":"https:\/\/www.hediyepazar.com\/index.php?rest_route=%2Fwp%2Fv2%2Fcomments&post=119541"}],"wp:featuredmedia":[{"embeddable":true,"href":"https:\/\/www.hediyepazar.com\/index.php?rest_route=\/wp\/v2\/media\/119540"}],"wp:attachment":[{"href":"https:\/\/www.hediyepazar.com\/index.php?rest_route=%2Fwp%2Fv2%2Fmedia&parent=119541"}],"wp:term":[{"taxonomy":"product_brand","embeddable":true,"href":"https:\/\/www.hediyepazar.com\/index.php?rest_route=%2Fwp%2Fv2%2Fproduct_brand&post=119541"},{"taxonomy":"product_cat","embeddable":true,"href":"https:\/\/www.hediyepazar.com\/index.php?rest_route=%2Fwp%2Fv2%2Fproduct_cat&post=119541"},{"taxonomy":"product_tag","embeddable":true,"href":"https:\/\/www.hediyepazar.com\/index.php?rest_route=%2Fwp%2Fv2%2Fproduct_tag&post=119541"}],"curies":[{"name":"wp","href":"https:\/\/api.w.org\/{rel}","templated":true}]}}