{"id":119543,"date":"2026-05-06T01:28:01","date_gmt":"2026-05-06T04:28:01","guid":{"rendered":"https:\/\/www.hediyepazar.com\/?product=retro-saatli-bluetooth-hoparlor-gece-lambali-kristal-ses-kalitesi"},"modified":"2026-05-06T01:28:01","modified_gmt":"2026-05-06T04:28:01","slug":"retro-saatli-bluetooth-hoparlor-gece-lambali-kristal-ses-kalitesi","status":"publish","type":"product","link":"https:\/\/www.hediyepazar.com\/?product=retro-saatli-bluetooth-hoparlor-gece-lambali-kristal-ses-kalitesi","title":{"rendered":"Retro Saatli Bluetooth Hoparl\u00f6r \u2013 Gece Lambal\u0131 Kristal Ses Kalitesi"},"content":{"rendered":"<p>Bu zarif retro saat hoparl\u00f6r, \u015f\u0131k plak \u00e7alar tasar\u0131m\u0131yla modern teknoloji ve vintage esteti\u011fi bir araya getiriyor. Y\u00fcksek kaliteli stereo ses \u00e7\u0131k\u0131\u015f\u0131, kristal netli\u011finde ses ve derin bas deneyimi sunar. Yumu\u015fak su dalgas\u0131 efektiyle ayd\u0131nlat\u0131lan gece lambas\u0131, her ortamda huzurlu bir ambiyans olu\u015fturur. Zaman ve pil g\u00f6stergesi, hem pratiklik hem de modern g\u00f6r\u00fcn\u00fcm sa\u011flar. Kompakt formu sayesinde yatak odas\u0131nda, ofiste veya oturma alanlar\u0131nda dekoratif bir dokunu\u015f yarat\u0131r. Do\u011fum g\u00fcn\u00fc, y\u0131lba\u015f\u0131 ve \u00f6zel g\u00fcn hediyesi olarak m\u00fckemmel bir tercihtir.<\/p>\n","protected":false},"excerpt":{"rendered":"<p>Bu zarif retro saat hoparl\u00f6r, \u015f\u0131k plak \u00e7alar tasar\u0131m\u0131yla modern teknoloji ve vintage esteti\u011fi bir araya getiriyor. Y\u00fcksek kaliteli stereo ses \u00e7\u0131k\u0131\u015f\u0131, kristal netli\u011finde ses ve derin bas deneyimi sunar. Yumu\u015fak su dalgas\u0131 efektiyle ayd\u0131nlat\u0131lan gece lambas\u0131, her ortamda huzurlu bir ambiyans olu\u015fturur. Zaman ve pil g\u00f6stergesi, hem pratiklik hem de modern g\u00f6r\u00fcn\u00fcm sa\u011flar. Kompakt&#8230;<\/p>\n","protected":false},"featured_media":119542,"comment_status":"open","ping_status":"closed","template":"","meta":{"_kad_post_transparent":"","_kad_post_title":"","_kad_post_layout":"","_kad_post_sidebar_id":"","_kad_post_content_style":"","_kad_post_vertical_padding":"","_kad_post_feature":"","_kad_post_feature_position":"","_kad_post_header":false,"_kad_post_footer":false,"_kad_post_classname":""},"product_brand":[],"product_cat":[14911],"product_tag":[],"class_list":{"0":"post-119543","1":"product","2":"type-product","3":"status-publish","4":"has-post-thumbnail","6":"product_cat-kablosuz-hoparlor-kablosuz-hoparlor","8":"first","9":"instock","10":"purchasable","11":"product-type-simple","12":"entry","13":"content-bg","14":"loop-entry"},"_links":{"self":[{"href":"https:\/\/www.hediyepazar.com\/index.php?rest_route=\/wp\/v2\/product\/119543","targetHints":{"allow":["GET"]}}],"collection":[{"href":"https:\/\/www.hediyepazar.com\/index.php?rest_route=\/wp\/v2\/product"}],"about":[{"href":"https:\/\/www.hediyepazar.com\/index.php?rest_route=\/wp\/v2\/types\/product"}],"replies":[{"embeddable":true,"href":"https:\/\/www.hediyepazar.com\/index.php?rest_route=%2Fwp%2Fv2%2Fcomments&post=119543"}],"wp:featuredmedia":[{"embeddable":true,"href":"https:\/\/www.hediyepazar.com\/index.php?rest_route=\/wp\/v2\/media\/119542"}],"wp:attachment":[{"href":"https:\/\/www.hediyepazar.com\/index.php?rest_route=%2Fwp%2Fv2%2Fmedia&parent=119543"}],"wp:term":[{"taxonomy":"product_brand","embeddable":true,"href":"https:\/\/www.hediyepazar.com\/index.php?rest_route=%2Fwp%2Fv2%2Fproduct_brand&post=119543"},{"taxonomy":"product_cat","embeddable":true,"href":"https:\/\/www.hediyepazar.com\/index.php?rest_route=%2Fwp%2Fv2%2Fproduct_cat&post=119543"},{"taxonomy":"product_tag","embeddable":true,"href":"https:\/\/www.hediyepazar.com\/index.php?rest_route=%2Fwp%2Fv2%2Fproduct_tag&post=119543"}],"curies":[{"name":"wp","href":"https:\/\/api.w.org\/{rel}","templated":true}]}}