{"id":119553,"date":"2026-05-06T01:29:41","date_gmt":"2026-05-06T04:29:41","guid":{"rendered":"https:\/\/www.hediyepazar.com\/?product=3-1-kablosuz-bluetooth-hoparlor-gece-lambali-saatli-retro-tasarim"},"modified":"2026-05-06T01:29:41","modified_gmt":"2026-05-06T04:29:41","slug":"3-1-kablosuz-bluetooth-hoparlor-gece-lambali-saatli-retro-tasarim","status":"publish","type":"product","link":"https:\/\/www.hediyepazar.com\/?product=3-1-kablosuz-bluetooth-hoparlor-gece-lambali-saatli-retro-tasarim","title":{"rendered":"3-1 Kablosuz Bluetooth Hoparl\u00f6r \u2013 Gece Lambal\u0131 Saatli Retro Tasar\u0131m"},"content":{"rendered":"<p>Modern teknolojiyi klasik estetikle bulu\u015fturan bu 3-\u00fc-1 hoparl\u00f6r, gece lambas\u0131, stereo Bluetooth hoparl\u00f6r ve dijital saat ekran\u0131n\u0131 tek bir \u00fcr\u00fcnde sunar. \u015eeffaf su dalgas\u0131 efektli entegre gece \u0131\u015f\u0131\u011f\u0131, yatak odas\u0131 ya da ofiste yumu\u015fak ve huzurlu bir ortam olu\u015fturur. Stereo ses kalitesi sayesinde derin baslar ve net tizlerle g\u00fc\u00e7l\u00fc bir m\u00fczik deneyimi sa\u011flar. Zaman ve pil g\u00f6stergesi, kullan\u0131m\u0131 pratikle\u015ftirirken \u015f\u0131k tasar\u0131m\u0131yla dekoratif bir g\u00f6r\u00fcn\u00fcm kazand\u0131r\u0131r. Vintage plak \u00e7alar tarz\u0131ndaki zarif formu, hem i\u015flevsel hem de g\u00f6rsel olarak fark yarat\u0131r.<\/p>\n","protected":false},"excerpt":{"rendered":"<p>Modern teknolojiyi klasik estetikle bulu\u015fturan bu 3-\u00fc-1 hoparl\u00f6r, gece lambas\u0131, stereo Bluetooth hoparl\u00f6r ve dijital saat ekran\u0131n\u0131 tek bir \u00fcr\u00fcnde sunar. \u015eeffaf su dalgas\u0131 efektli entegre gece \u0131\u015f\u0131\u011f\u0131, yatak odas\u0131 ya da ofiste yumu\u015fak ve huzurlu bir ortam olu\u015fturur. Stereo ses kalitesi sayesinde derin baslar ve net tizlerle g\u00fc\u00e7l\u00fc bir m\u00fczik deneyimi sa\u011flar. Zaman ve&#8230;<\/p>\n","protected":false},"featured_media":119552,"comment_status":"open","ping_status":"closed","template":"","meta":{"_kad_post_transparent":"","_kad_post_title":"","_kad_post_layout":"","_kad_post_sidebar_id":"","_kad_post_content_style":"","_kad_post_vertical_padding":"","_kad_post_feature":"","_kad_post_feature_position":"","_kad_post_header":false,"_kad_post_footer":false,"_kad_post_classname":""},"product_brand":[],"product_cat":[14911],"product_tag":[],"class_list":{"0":"post-119553","1":"product","2":"type-product","3":"status-publish","4":"has-post-thumbnail","6":"product_cat-kablosuz-hoparlor-kablosuz-hoparlor","8":"first","9":"instock","10":"purchasable","11":"product-type-simple","12":"entry","13":"content-bg","14":"loop-entry"},"_links":{"self":[{"href":"https:\/\/www.hediyepazar.com\/index.php?rest_route=\/wp\/v2\/product\/119553","targetHints":{"allow":["GET"]}}],"collection":[{"href":"https:\/\/www.hediyepazar.com\/index.php?rest_route=\/wp\/v2\/product"}],"about":[{"href":"https:\/\/www.hediyepazar.com\/index.php?rest_route=\/wp\/v2\/types\/product"}],"replies":[{"embeddable":true,"href":"https:\/\/www.hediyepazar.com\/index.php?rest_route=%2Fwp%2Fv2%2Fcomments&post=119553"}],"wp:featuredmedia":[{"embeddable":true,"href":"https:\/\/www.hediyepazar.com\/index.php?rest_route=\/wp\/v2\/media\/119552"}],"wp:attachment":[{"href":"https:\/\/www.hediyepazar.com\/index.php?rest_route=%2Fwp%2Fv2%2Fmedia&parent=119553"}],"wp:term":[{"taxonomy":"product_brand","embeddable":true,"href":"https:\/\/www.hediyepazar.com\/index.php?rest_route=%2Fwp%2Fv2%2Fproduct_brand&post=119553"},{"taxonomy":"product_cat","embeddable":true,"href":"https:\/\/www.hediyepazar.com\/index.php?rest_route=%2Fwp%2Fv2%2Fproduct_cat&post=119553"},{"taxonomy":"product_tag","embeddable":true,"href":"https:\/\/www.hediyepazar.com\/index.php?rest_route=%2Fwp%2Fv2%2Fproduct_tag&post=119553"}],"curies":[{"name":"wp","href":"https:\/\/api.w.org\/{rel}","templated":true}]}}