{"id":119555,"date":"2026-05-06T01:29:45","date_gmt":"2026-05-06T04:29:45","guid":{"rendered":"https:\/\/www.hediyepazar.com\/?product=stereo-bluetooth-hoparlor-gece-lambali-ve-saat-gostergeli"},"modified":"2026-05-06T01:29:45","modified_gmt":"2026-05-06T04:29:45","slug":"stereo-bluetooth-hoparlor-gece-lambali-ve-saat-gostergeli","status":"publish","type":"product","link":"https:\/\/www.hediyepazar.com\/?product=stereo-bluetooth-hoparlor-gece-lambali-ve-saat-gostergeli","title":{"rendered":"Stereo Bluetooth Hoparl\u00f6r \u2013 Gece Lambal\u0131 ve Saat G\u00f6stergeli"},"content":{"rendered":"<p>K\u00fc\u00e7\u00fck boyutuna ra\u011fmen b\u00fcy\u00fck performans! Bu \u015f\u0131k hoparl\u00f6r, stereo ses, gece \u0131\u015f\u0131\u011f\u0131 ve zaman g\u00f6stergesi \u00f6zelliklerini birle\u015ftirir. Parlakl\u0131\u011f\u0131 ayarlanabilir gece lambas\u0131, rahatlat\u0131c\u0131 bir atmosfer sunar. Pil \u00f6mr\u00fc g\u00f6stergesi sayesinde enerjinizi kolayca y\u00f6netebilirsiniz. Modern \u00e7izgilerle tasarlanan g\u00f6vdesi, hem minimal hem dekoratif bir g\u00f6r\u00fcn\u00fcm kazand\u0131r\u0131r. Her ya\u015fa hitap eden bu \u00fcr\u00fcn, do\u011fum g\u00fcn\u00fc, tatil veya \u00f6zel g\u00fcn hediyesi olarak da harika bir tercihtir.<\/p>\n","protected":false},"excerpt":{"rendered":"<p>K\u00fc\u00e7\u00fck boyutuna ra\u011fmen b\u00fcy\u00fck performans! Bu \u015f\u0131k hoparl\u00f6r, stereo ses, gece \u0131\u015f\u0131\u011f\u0131 ve zaman g\u00f6stergesi \u00f6zelliklerini birle\u015ftirir. Parlakl\u0131\u011f\u0131 ayarlanabilir gece lambas\u0131, rahatlat\u0131c\u0131 bir atmosfer sunar. Pil \u00f6mr\u00fc g\u00f6stergesi sayesinde enerjinizi kolayca y\u00f6netebilirsiniz. Modern \u00e7izgilerle tasarlanan g\u00f6vdesi, hem minimal hem dekoratif bir g\u00f6r\u00fcn\u00fcm kazand\u0131r\u0131r. Her ya\u015fa hitap eden bu \u00fcr\u00fcn, do\u011fum g\u00fcn\u00fc, tatil veya \u00f6zel g\u00fcn&#8230;<\/p>\n","protected":false},"featured_media":119554,"comment_status":"open","ping_status":"closed","template":"","meta":{"_kad_post_transparent":"","_kad_post_title":"","_kad_post_layout":"","_kad_post_sidebar_id":"","_kad_post_content_style":"","_kad_post_vertical_padding":"","_kad_post_feature":"","_kad_post_feature_position":"","_kad_post_header":false,"_kad_post_footer":false,"_kad_post_classname":""},"product_brand":[],"product_cat":[14911],"product_tag":[],"class_list":{"0":"post-119555","1":"product","2":"type-product","3":"status-publish","4":"has-post-thumbnail","6":"product_cat-kablosuz-hoparlor-kablosuz-hoparlor","8":"first","9":"instock","10":"purchasable","11":"product-type-simple","12":"entry","13":"content-bg","14":"loop-entry"},"_links":{"self":[{"href":"https:\/\/www.hediyepazar.com\/index.php?rest_route=\/wp\/v2\/product\/119555","targetHints":{"allow":["GET"]}}],"collection":[{"href":"https:\/\/www.hediyepazar.com\/index.php?rest_route=\/wp\/v2\/product"}],"about":[{"href":"https:\/\/www.hediyepazar.com\/index.php?rest_route=\/wp\/v2\/types\/product"}],"replies":[{"embeddable":true,"href":"https:\/\/www.hediyepazar.com\/index.php?rest_route=%2Fwp%2Fv2%2Fcomments&post=119555"}],"wp:featuredmedia":[{"embeddable":true,"href":"https:\/\/www.hediyepazar.com\/index.php?rest_route=\/wp\/v2\/media\/119554"}],"wp:attachment":[{"href":"https:\/\/www.hediyepazar.com\/index.php?rest_route=%2Fwp%2Fv2%2Fmedia&parent=119555"}],"wp:term":[{"taxonomy":"product_brand","embeddable":true,"href":"https:\/\/www.hediyepazar.com\/index.php?rest_route=%2Fwp%2Fv2%2Fproduct_brand&post=119555"},{"taxonomy":"product_cat","embeddable":true,"href":"https:\/\/www.hediyepazar.com\/index.php?rest_route=%2Fwp%2Fv2%2Fproduct_cat&post=119555"},{"taxonomy":"product_tag","embeddable":true,"href":"https:\/\/www.hediyepazar.com\/index.php?rest_route=%2Fwp%2Fv2%2Fproduct_tag&post=119555"}],"curies":[{"name":"wp","href":"https:\/\/api.w.org\/{rel}","templated":true}]}}