{"id":119567,"date":"2026-05-06T01:32:04","date_gmt":"2026-05-06T04:32:04","guid":{"rendered":"https:\/\/www.hediyepazar.com\/?product=titresimli-bluetooth-kulaklik-hizli-sarj-ve-uzun-bekleme-suresi"},"modified":"2026-05-06T01:32:04","modified_gmt":"2026-05-06T04:32:04","slug":"titresimli-bluetooth-kulaklik-hizli-sarj-ve-uzun-bekleme-suresi","status":"publish","type":"product","link":"https:\/\/www.hediyepazar.com\/?product=titresimli-bluetooth-kulaklik-hizli-sarj-ve-uzun-bekleme-suresi","title":{"rendered":"Titre\u015fimli Bluetooth Kulakl\u0131k \u2013 H\u0131zl\u0131 \u015earj ve Uzun Bekleme S\u00fcresi"},"content":{"rendered":"<p>\u0130\u015f g\u00f6r\u00fc\u015fmeleri, toplant\u0131lar ve yolculuklar i\u00e7in ideal olan bu kablosuz kulakl\u0131k, titre\u015fimli uyar\u0131 \u00f6zelli\u011fiyle aramalar\u0131 ka\u00e7\u0131rman\u0131z\u0131 \u00f6nler. 140 mAh batarya kapasitesi sayesinde 25 saate kadar kesintisiz kullan\u0131m sunarken, 180 saate kadar bekleme s\u00fcresiyle daima haz\u0131rd\u0131r. Sadece 20 dakikal\u0131k k\u0131sa \u015farj s\u00fcresiyle g\u00fcn i\u00e7inde h\u0131zla \u015farj edilebilir. Bluetooth 5.2 teknolojisi t\u00fcm telefonlarla uyumludur ve 10 metrelik etkili kapsama alan\u0131 sunar.<\/p>\n","protected":false},"excerpt":{"rendered":"<p>\u0130\u015f g\u00f6r\u00fc\u015fmeleri, toplant\u0131lar ve yolculuklar i\u00e7in ideal olan bu kablosuz kulakl\u0131k, titre\u015fimli uyar\u0131 \u00f6zelli\u011fiyle aramalar\u0131 ka\u00e7\u0131rman\u0131z\u0131 \u00f6nler. 140 mAh batarya kapasitesi sayesinde 25 saate kadar kesintisiz kullan\u0131m sunarken, 180 saate kadar bekleme s\u00fcresiyle daima haz\u0131rd\u0131r. Sadece 20 dakikal\u0131k k\u0131sa \u015farj s\u00fcresiyle g\u00fcn i\u00e7inde h\u0131zla \u015farj edilebilir. Bluetooth 5.2 teknolojisi t\u00fcm telefonlarla uyumludur ve 10 metrelik&#8230;<\/p>\n","protected":false},"featured_media":119566,"comment_status":"open","ping_status":"closed","template":"","meta":{"_kad_post_transparent":"","_kad_post_title":"","_kad_post_layout":"","_kad_post_sidebar_id":"","_kad_post_content_style":"","_kad_post_vertical_padding":"","_kad_post_feature":"","_kad_post_feature_position":"","_kad_post_header":false,"_kad_post_footer":false,"_kad_post_classname":""},"product_brand":[],"product_cat":[14957],"product_tag":[],"class_list":{"0":"post-119567","1":"product","2":"type-product","3":"status-publish","4":"has-post-thumbnail","6":"product_cat-kablosuz-kulaklik-kablosuz-kulaklik","8":"first","9":"instock","10":"purchasable","11":"product-type-simple","12":"entry","13":"content-bg","14":"loop-entry"},"_links":{"self":[{"href":"https:\/\/www.hediyepazar.com\/index.php?rest_route=\/wp\/v2\/product\/119567","targetHints":{"allow":["GET"]}}],"collection":[{"href":"https:\/\/www.hediyepazar.com\/index.php?rest_route=\/wp\/v2\/product"}],"about":[{"href":"https:\/\/www.hediyepazar.com\/index.php?rest_route=\/wp\/v2\/types\/product"}],"replies":[{"embeddable":true,"href":"https:\/\/www.hediyepazar.com\/index.php?rest_route=%2Fwp%2Fv2%2Fcomments&post=119567"}],"wp:featuredmedia":[{"embeddable":true,"href":"https:\/\/www.hediyepazar.com\/index.php?rest_route=\/wp\/v2\/media\/119566"}],"wp:attachment":[{"href":"https:\/\/www.hediyepazar.com\/index.php?rest_route=%2Fwp%2Fv2%2Fmedia&parent=119567"}],"wp:term":[{"taxonomy":"product_brand","embeddable":true,"href":"https:\/\/www.hediyepazar.com\/index.php?rest_route=%2Fwp%2Fv2%2Fproduct_brand&post=119567"},{"taxonomy":"product_cat","embeddable":true,"href":"https:\/\/www.hediyepazar.com\/index.php?rest_route=%2Fwp%2Fv2%2Fproduct_cat&post=119567"},{"taxonomy":"product_tag","embeddable":true,"href":"https:\/\/www.hediyepazar.com\/index.php?rest_route=%2Fwp%2Fv2%2Fproduct_tag&post=119567"}],"curies":[{"name":"wp","href":"https:\/\/api.w.org\/{rel}","templated":true}]}}