{"id":119575,"date":"2026-05-06T01:32:27","date_gmt":"2026-05-06T04:32:27","guid":{"rendered":"https:\/\/www.hediyepazar.com\/?product=konforlu-ergonomik-kare-tasarimli-muzik-ve-cagri-kulakligi"},"modified":"2026-05-06T01:32:27","modified_gmt":"2026-05-06T04:32:27","slug":"konforlu-ergonomik-kare-tasarimli-muzik-ve-cagri-kulakligi","status":"publish","type":"product","link":"https:\/\/www.hediyepazar.com\/?product=konforlu-ergonomik-kare-tasarimli-muzik-ve-cagri-kulakligi","title":{"rendered":"Konforlu Ergonomik Kare Tasar\u0131ml\u0131 M\u00fczik ve \u00c7a\u011fr\u0131 Kulakl\u0131\u011f\u0131"},"content":{"rendered":"<p>Bu kulakl\u0131k, g\u00fc\u00e7l\u00fc ses s\u00fcr\u00fcc\u00fcs\u00fcyle m\u00fczi\u011fin t\u00fcm ayr\u0131nt\u0131lar\u0131n\u0131 ortaya \u00e7\u0131kar\u0131r. Bas\u0131 g\u00fc\u00e7l\u00fc, tizleri berrakt\u0131r.Kablo \u00fczerindeki mikrofon ve kumanda sistemi, m\u00fczik ve arama kontrol\u00fcn\u00fc tek tu\u015fla yapman\u0131z\u0131 sa\u011flar.Ergonomik kare u\u00e7lu tasar\u0131m, kulakta g\u00fcvenli durur ve d\u0131\u015f sesleri engeller. Uzun kullan\u0131mlarda bile rahatl\u0131k sunar.<\/p>\n","protected":false},"excerpt":{"rendered":"<p>Bu kulakl\u0131k, g\u00fc\u00e7l\u00fc ses s\u00fcr\u00fcc\u00fcs\u00fcyle m\u00fczi\u011fin t\u00fcm ayr\u0131nt\u0131lar\u0131n\u0131 ortaya \u00e7\u0131kar\u0131r. Bas\u0131 g\u00fc\u00e7l\u00fc, tizleri berrakt\u0131r.Kablo \u00fczerindeki mikrofon ve kumanda sistemi, m\u00fczik ve arama kontrol\u00fcn\u00fc tek tu\u015fla yapman\u0131z\u0131 sa\u011flar.Ergonomik kare u\u00e7lu tasar\u0131m, kulakta g\u00fcvenli durur ve d\u0131\u015f sesleri engeller. Uzun kullan\u0131mlarda bile rahatl\u0131k sunar.<\/p>\n","protected":false},"featured_media":119574,"comment_status":"open","ping_status":"closed","template":"","meta":{"_kad_post_transparent":"","_kad_post_title":"","_kad_post_layout":"","_kad_post_sidebar_id":"","_kad_post_content_style":"","_kad_post_vertical_padding":"","_kad_post_feature":"","_kad_post_feature_position":"","_kad_post_header":false,"_kad_post_footer":false,"_kad_post_classname":""},"product_brand":[],"product_cat":[14957],"product_tag":[],"class_list":{"0":"post-119575","1":"product","2":"type-product","3":"status-publish","4":"has-post-thumbnail","6":"product_cat-kablosuz-kulaklik-kablosuz-kulaklik","8":"first","9":"instock","10":"purchasable","11":"product-type-simple","12":"entry","13":"content-bg","14":"loop-entry"},"_links":{"self":[{"href":"https:\/\/www.hediyepazar.com\/index.php?rest_route=\/wp\/v2\/product\/119575","targetHints":{"allow":["GET"]}}],"collection":[{"href":"https:\/\/www.hediyepazar.com\/index.php?rest_route=\/wp\/v2\/product"}],"about":[{"href":"https:\/\/www.hediyepazar.com\/index.php?rest_route=\/wp\/v2\/types\/product"}],"replies":[{"embeddable":true,"href":"https:\/\/www.hediyepazar.com\/index.php?rest_route=%2Fwp%2Fv2%2Fcomments&post=119575"}],"wp:featuredmedia":[{"embeddable":true,"href":"https:\/\/www.hediyepazar.com\/index.php?rest_route=\/wp\/v2\/media\/119574"}],"wp:attachment":[{"href":"https:\/\/www.hediyepazar.com\/index.php?rest_route=%2Fwp%2Fv2%2Fmedia&parent=119575"}],"wp:term":[{"taxonomy":"product_brand","embeddable":true,"href":"https:\/\/www.hediyepazar.com\/index.php?rest_route=%2Fwp%2Fv2%2Fproduct_brand&post=119575"},{"taxonomy":"product_cat","embeddable":true,"href":"https:\/\/www.hediyepazar.com\/index.php?rest_route=%2Fwp%2Fv2%2Fproduct_cat&post=119575"},{"taxonomy":"product_tag","embeddable":true,"href":"https:\/\/www.hediyepazar.com\/index.php?rest_route=%2Fwp%2Fv2%2Fproduct_tag&post=119575"}],"curies":[{"name":"wp","href":"https:\/\/api.w.org\/{rel}","templated":true}]}}