{"id":119583,"date":"2026-05-06T01:32:46","date_gmt":"2026-05-06T04:32:46","guid":{"rendered":"https:\/\/www.hediyepazar.com\/?product=yuksek-ses-kaliteli-mikrofonlu-kablolu-kulak-ici-kulaklik"},"modified":"2026-05-06T01:32:46","modified_gmt":"2026-05-06T04:32:46","slug":"yuksek-ses-kaliteli-mikrofonlu-kablolu-kulak-ici-kulaklik","status":"publish","type":"product","link":"https:\/\/www.hediyepazar.com\/?product=yuksek-ses-kaliteli-mikrofonlu-kablolu-kulak-ici-kulaklik","title":{"rendered":"Y\u00fcksek Ses Kaliteli Mikrofonlu Kablolu Kulak \u0130\u00e7i Kulakl\u0131k"},"content":{"rendered":"<p>Bu kablolu kulakl\u0131k, y\u00fcksek kaliteli ses s\u00fcr\u00fcc\u00fcleri sayesinde m\u00fczi\u011fi t\u00fcm detaylar\u0131yla duyman\u0131z\u0131 sa\u011flar. G\u00fc\u00e7l\u00fc baslar, net tizler ve dengeli ton aral\u0131\u011f\u0131yla her t\u00fcr m\u00fczikte etkileyici bir performans sunar. Kulak i\u00e7i yap\u0131s\u0131 d\u0131\u015f sesleri izole eder, b\u00f6ylece d\u0131\u015f etkenlerden ba\u011f\u0131ms\u0131z olarak m\u00fczi\u011fin keyfine var\u0131rs\u0131n\u0131z.Dahili mikrofon ve uzaktan kumanda sayesinde ses seviyesi ayarlamak, \u015fark\u0131 de\u011fi\u015ftirmek veya arama yapmak art\u0131k \u00e7ok daha kolay. Uzun kablosu, telefon veya bilgisayar\u0131n\u0131zla rahat kullan\u0131m sa\u011flar.Ergonomik ve hafif yap\u0131s\u0131 sayesinde uzun s\u00fcre taksan\u0131z bile kulaklar\u0131n\u0131z\u0131 rahats\u0131z etmez. \u0130ster y\u00fcr\u00fcy\u00fc\u015fte ister toplu ta\u015f\u0131mada olun, bu kulakl\u0131k her ortamda konforlu bir kullan\u0131m sunar.<\/p>\n","protected":false},"excerpt":{"rendered":"<p>Bu kablolu kulakl\u0131k, y\u00fcksek kaliteli ses s\u00fcr\u00fcc\u00fcleri sayesinde m\u00fczi\u011fi t\u00fcm detaylar\u0131yla duyman\u0131z\u0131 sa\u011flar. G\u00fc\u00e7l\u00fc baslar, net tizler ve dengeli ton aral\u0131\u011f\u0131yla her t\u00fcr m\u00fczikte etkileyici bir performans sunar. Kulak i\u00e7i yap\u0131s\u0131 d\u0131\u015f sesleri izole eder, b\u00f6ylece d\u0131\u015f etkenlerden ba\u011f\u0131ms\u0131z olarak m\u00fczi\u011fin keyfine var\u0131rs\u0131n\u0131z.Dahili mikrofon ve uzaktan kumanda sayesinde ses seviyesi ayarlamak, \u015fark\u0131 de\u011fi\u015ftirmek veya arama&#8230;<\/p>\n","protected":false},"featured_media":119582,"comment_status":"open","ping_status":"closed","template":"","meta":{"_kad_post_transparent":"","_kad_post_title":"","_kad_post_layout":"","_kad_post_sidebar_id":"","_kad_post_content_style":"","_kad_post_vertical_padding":"","_kad_post_feature":"","_kad_post_feature_position":"","_kad_post_header":false,"_kad_post_footer":false,"_kad_post_classname":""},"product_brand":[],"product_cat":[14957],"product_tag":[],"class_list":{"0":"post-119583","1":"product","2":"type-product","3":"status-publish","4":"has-post-thumbnail","6":"product_cat-kablosuz-kulaklik-kablosuz-kulaklik","8":"first","9":"instock","10":"purchasable","11":"product-type-simple","12":"entry","13":"content-bg","14":"loop-entry"},"_links":{"self":[{"href":"https:\/\/www.hediyepazar.com\/index.php?rest_route=\/wp\/v2\/product\/119583","targetHints":{"allow":["GET"]}}],"collection":[{"href":"https:\/\/www.hediyepazar.com\/index.php?rest_route=\/wp\/v2\/product"}],"about":[{"href":"https:\/\/www.hediyepazar.com\/index.php?rest_route=\/wp\/v2\/types\/product"}],"replies":[{"embeddable":true,"href":"https:\/\/www.hediyepazar.com\/index.php?rest_route=%2Fwp%2Fv2%2Fcomments&post=119583"}],"wp:featuredmedia":[{"embeddable":true,"href":"https:\/\/www.hediyepazar.com\/index.php?rest_route=\/wp\/v2\/media\/119582"}],"wp:attachment":[{"href":"https:\/\/www.hediyepazar.com\/index.php?rest_route=%2Fwp%2Fv2%2Fmedia&parent=119583"}],"wp:term":[{"taxonomy":"product_brand","embeddable":true,"href":"https:\/\/www.hediyepazar.com\/index.php?rest_route=%2Fwp%2Fv2%2Fproduct_brand&post=119583"},{"taxonomy":"product_cat","embeddable":true,"href":"https:\/\/www.hediyepazar.com\/index.php?rest_route=%2Fwp%2Fv2%2Fproduct_cat&post=119583"},{"taxonomy":"product_tag","embeddable":true,"href":"https:\/\/www.hediyepazar.com\/index.php?rest_route=%2Fwp%2Fv2%2Fproduct_tag&post=119583"}],"curies":[{"name":"wp","href":"https:\/\/api.w.org\/{rel}","templated":true}]}}