{"id":119591,"date":"2026-05-06T01:34:16","date_gmt":"2026-05-06T04:34:16","guid":{"rendered":"https:\/\/www.hediyepazar.com\/?product=tasinabilir-sarjli-tiftik-toplayici-cikarilabilir-hazneli-anti-statik-fircali"},"modified":"2026-05-06T01:34:16","modified_gmt":"2026-05-06T04:34:16","slug":"tasinabilir-sarjli-tiftik-toplayici-cikarilabilir-hazneli-anti-statik-fircali","status":"publish","type":"product","link":"https:\/\/www.hediyepazar.com\/?product=tasinabilir-sarjli-tiftik-toplayici-cikarilabilir-hazneli-anti-statik-fircali","title":{"rendered":"Ta\u015f\u0131nabilir \u015earjl\u0131 Tiftik Toplay\u0131c\u0131 \u2013 \u00c7\u0131kar\u0131labilir Hazneli Anti-Statik F\u0131r\u00e7al\u0131"},"content":{"rendered":"<p>K\u0131yafetlerinizi yeni gibi g\u00f6stermek art\u0131k \u00e7ok kolay! Tiftik Temizleyici, g\u00fc\u00e7l\u00fc performans\u0131 ve kullan\u0131c\u0131 dostu tasar\u0131m\u0131yla giysilerinizdeki t\u00fcy ve topaklanmalar\u0131 an\u0131nda yok eder.\u00c7\u0131kar\u0131labilir at\u0131k haznesi kolay temizlik imk\u00e2n\u0131 sunarken, s\u00f6k\u00fclebilir b\u0131\u00e7ak b\u00f6lmesi cihaz\u0131n bak\u0131m\u0131n\u0131 pratik hale getirir. Arka k\u0131sm\u0131nda yer alan manuel f\u0131r\u00e7a hassas kuma\u015flar i\u00e7in \u00f6zel olarak tasarlanm\u0131\u015ft\u0131r. \u015earj edilebilir bataryas\u0131 sayesinde kablosuz kullan\u0131m \u00f6zg\u00fcrl\u00fc\u011f\u00fc sunar. Hem pratik hem dayan\u0131kl\u0131 bu cihaz, dolab\u0131n\u0131z\u0131n en vazge\u00e7ilmez yard\u0131mc\u0131s\u0131 olacak!<\/p>\n","protected":false},"excerpt":{"rendered":"<p>K\u0131yafetlerinizi yeni gibi g\u00f6stermek art\u0131k \u00e7ok kolay! Tiftik Temizleyici, g\u00fc\u00e7l\u00fc performans\u0131 ve kullan\u0131c\u0131 dostu tasar\u0131m\u0131yla giysilerinizdeki t\u00fcy ve topaklanmalar\u0131 an\u0131nda yok eder.\u00c7\u0131kar\u0131labilir at\u0131k haznesi kolay temizlik imk\u00e2n\u0131 sunarken, s\u00f6k\u00fclebilir b\u0131\u00e7ak b\u00f6lmesi cihaz\u0131n bak\u0131m\u0131n\u0131 pratik hale getirir. Arka k\u0131sm\u0131nda yer alan manuel f\u0131r\u00e7a hassas kuma\u015flar i\u00e7in \u00f6zel olarak tasarlanm\u0131\u015ft\u0131r. \u015earj edilebilir bataryas\u0131 sayesinde kablosuz kullan\u0131m \u00f6zg\u00fcrl\u00fc\u011f\u00fc&#8230;<\/p>\n","protected":false},"featured_media":119590,"comment_status":"open","ping_status":"closed","template":"","meta":{"_kad_post_transparent":"","_kad_post_title":"","_kad_post_layout":"","_kad_post_sidebar_id":"","_kad_post_content_style":"","_kad_post_vertical_padding":"","_kad_post_feature":"","_kad_post_feature_position":"","_kad_post_header":false,"_kad_post_footer":false,"_kad_post_classname":""},"product_brand":[],"product_cat":[15006],"product_tag":[],"class_list":{"0":"post-119591","1":"product","2":"type-product","3":"status-publish","4":"has-post-thumbnail","6":"product_cat-tuy-toplayici-tuy-toplayici","8":"first","9":"instock","10":"purchasable","11":"product-type-simple","12":"entry","13":"content-bg","14":"loop-entry"},"_links":{"self":[{"href":"https:\/\/www.hediyepazar.com\/index.php?rest_route=\/wp\/v2\/product\/119591","targetHints":{"allow":["GET"]}}],"collection":[{"href":"https:\/\/www.hediyepazar.com\/index.php?rest_route=\/wp\/v2\/product"}],"about":[{"href":"https:\/\/www.hediyepazar.com\/index.php?rest_route=\/wp\/v2\/types\/product"}],"replies":[{"embeddable":true,"href":"https:\/\/www.hediyepazar.com\/index.php?rest_route=%2Fwp%2Fv2%2Fcomments&post=119591"}],"wp:featuredmedia":[{"embeddable":true,"href":"https:\/\/www.hediyepazar.com\/index.php?rest_route=\/wp\/v2\/media\/119590"}],"wp:attachment":[{"href":"https:\/\/www.hediyepazar.com\/index.php?rest_route=%2Fwp%2Fv2%2Fmedia&parent=119591"}],"wp:term":[{"taxonomy":"product_brand","embeddable":true,"href":"https:\/\/www.hediyepazar.com\/index.php?rest_route=%2Fwp%2Fv2%2Fproduct_brand&post=119591"},{"taxonomy":"product_cat","embeddable":true,"href":"https:\/\/www.hediyepazar.com\/index.php?rest_route=%2Fwp%2Fv2%2Fproduct_cat&post=119591"},{"taxonomy":"product_tag","embeddable":true,"href":"https:\/\/www.hediyepazar.com\/index.php?rest_route=%2Fwp%2Fv2%2Fproduct_tag&post=119591"}],"curies":[{"name":"wp","href":"https:\/\/api.w.org\/{rel}","templated":true}]}}