{"id":119593,"date":"2026-05-06T01:34:22","date_gmt":"2026-05-06T04:34:22","guid":{"rendered":"https:\/\/www.hediyepazar.com\/?product=usb-sarjli-tiftik-temizleyici-kolay-temizlenen-hazne-ve-bicak-tasinabilir"},"modified":"2026-05-06T01:34:22","modified_gmt":"2026-05-06T04:34:22","slug":"usb-sarjli-tiftik-temizleyici-kolay-temizlenen-hazne-ve-bicak-tasinabilir","status":"publish","type":"product","link":"https:\/\/www.hediyepazar.com\/?product=usb-sarjli-tiftik-temizleyici-kolay-temizlenen-hazne-ve-bicak-tasinabilir","title":{"rendered":"USB \u015earjl\u0131 Tiftik Temizleyici \u2013 Kolay Temizlenen Hazne ve B\u0131\u00e7ak Ta\u015f\u0131nabilir"},"content":{"rendered":"<p>Giysilerinizdeki tiftik, topaklanma ve t\u00fcyleri kolayca temizleyin! Bu \u015farjl\u0131 tiftik temizleyici, pratik ve etkili performans\u0131yla k\u0131yafetlerinizi ilk g\u00fcnk\u00fc g\u00f6r\u00fcn\u00fcm\u00fcne kavu\u015fturur.\u00c7\u0131kar\u0131labilir at\u0131k haznesi, biriken tiftikleri kolayca bo\u015faltman\u0131za olanak tan\u0131r. B\u0131\u00e7ak b\u00f6lmesinin \u00e7\u0131kar\u0131labilir olmas\u0131 temizlik s\u00fcrecini daha hijyenik hale getirir. Arka y\u00fczeyde yer alan anti-statik f\u0131r\u00e7a, \u00f6zellikle y\u00fcn, pamuk ve hassas kuma\u015flarda nazik bir bak\u0131m sa\u011flar. \u015earjl\u0131 ve kablosuz yap\u0131s\u0131 ile her yerde kullan\u0131m \u00f6zg\u00fcrl\u00fc\u011f\u00fc sunar.<\/p>\n","protected":false},"excerpt":{"rendered":"<p>Giysilerinizdeki tiftik, topaklanma ve t\u00fcyleri kolayca temizleyin! Bu \u015farjl\u0131 tiftik temizleyici, pratik ve etkili performans\u0131yla k\u0131yafetlerinizi ilk g\u00fcnk\u00fc g\u00f6r\u00fcn\u00fcm\u00fcne kavu\u015fturur.\u00c7\u0131kar\u0131labilir at\u0131k haznesi, biriken tiftikleri kolayca bo\u015faltman\u0131za olanak tan\u0131r. B\u0131\u00e7ak b\u00f6lmesinin \u00e7\u0131kar\u0131labilir olmas\u0131 temizlik s\u00fcrecini daha hijyenik hale getirir. Arka y\u00fczeyde yer alan anti-statik f\u0131r\u00e7a, \u00f6zellikle y\u00fcn, pamuk ve hassas kuma\u015flarda nazik bir bak\u0131m sa\u011flar. \u015earjl\u0131&#8230;<\/p>\n","protected":false},"featured_media":119592,"comment_status":"open","ping_status":"closed","template":"","meta":{"_kad_post_transparent":"","_kad_post_title":"","_kad_post_layout":"","_kad_post_sidebar_id":"","_kad_post_content_style":"","_kad_post_vertical_padding":"","_kad_post_feature":"","_kad_post_feature_position":"","_kad_post_header":false,"_kad_post_footer":false,"_kad_post_classname":""},"product_brand":[],"product_cat":[15006],"product_tag":[],"class_list":{"0":"post-119593","1":"product","2":"type-product","3":"status-publish","4":"has-post-thumbnail","6":"product_cat-tuy-toplayici-tuy-toplayici","8":"first","9":"instock","10":"purchasable","11":"product-type-simple","12":"entry","13":"content-bg","14":"loop-entry"},"_links":{"self":[{"href":"https:\/\/www.hediyepazar.com\/index.php?rest_route=\/wp\/v2\/product\/119593","targetHints":{"allow":["GET"]}}],"collection":[{"href":"https:\/\/www.hediyepazar.com\/index.php?rest_route=\/wp\/v2\/product"}],"about":[{"href":"https:\/\/www.hediyepazar.com\/index.php?rest_route=\/wp\/v2\/types\/product"}],"replies":[{"embeddable":true,"href":"https:\/\/www.hediyepazar.com\/index.php?rest_route=%2Fwp%2Fv2%2Fcomments&post=119593"}],"wp:featuredmedia":[{"embeddable":true,"href":"https:\/\/www.hediyepazar.com\/index.php?rest_route=\/wp\/v2\/media\/119592"}],"wp:attachment":[{"href":"https:\/\/www.hediyepazar.com\/index.php?rest_route=%2Fwp%2Fv2%2Fmedia&parent=119593"}],"wp:term":[{"taxonomy":"product_brand","embeddable":true,"href":"https:\/\/www.hediyepazar.com\/index.php?rest_route=%2Fwp%2Fv2%2Fproduct_brand&post=119593"},{"taxonomy":"product_cat","embeddable":true,"href":"https:\/\/www.hediyepazar.com\/index.php?rest_route=%2Fwp%2Fv2%2Fproduct_cat&post=119593"},{"taxonomy":"product_tag","embeddable":true,"href":"https:\/\/www.hediyepazar.com\/index.php?rest_route=%2Fwp%2Fv2%2Fproduct_tag&post=119593"}],"curies":[{"name":"wp","href":"https:\/\/api.w.org\/{rel}","templated":true}]}}